{"id":226813,"date":"2025-06-07T15:39:38","date_gmt":"2025-06-07T13:39:38","guid":{"rendered":"https:\/\/www.tools4grill.nl\/product\/morceaux-de-pommes-1250-grammes\/"},"modified":"2025-06-07T15:39:38","modified_gmt":"2025-06-07T13:39:38","slug":"morceaux-de-pommes-1250-grammes","status":"publish","type":"product","link":"https:\/\/www.tools4grill.nl\/fr\/produit\/morceaux-de-pommes-1250-grammes\/","title":{"rendered":"morceaux de pommes 1250 grammes"},"content":{"rendered":"<h3 data-start=\"161\" data-end=\"197\"><strong data-start=\"165\" data-end=\"197\">Morceaux de bois de pommier \u2013 1250 grammes<\/strong><\/h3>\n<p data-start=\"199\" data-end=\"421\">Sublimez vos grillades avec la saveur douce, fruit\u00e9e et fum\u00e9e du bois de pommier ! Ces morceaux de pommier sont parfaits pour la cuisson lente de la viande, du poisson ou des l\u00e9gumes dans votre kamado, fumoir ou barbecue au charbon de bois. <\/p>\n<p data-start=\"423\" data-end=\"671\">Nos morceaux de bois de pommier sont soigneusement s\u00e9lectionn\u00e9s et conditionn\u00e9s en portions de 1250 grammes, id\u00e9ales pour plusieurs cuissons lentes au barbecue. Le bois de pommier conf\u00e8re \u00e0 vos plats une saveur d\u00e9licieuse et subtile \u2013 parfaite avec le poulet, le porc, la dinde et m\u00eame les travers de porc. <\/p>\n<p data-start=\"673\" data-end=\"713\"><strong data-start=\"673\" data-end=\"713\">Pourquoi choisir nos morceaux de pomme ?<\/strong><\/p>\n<ul data-start=\"714\" data-end=\"935\">\n<li data-start=\"714\" data-end=\"762\">\n<p data-start=\"716\" data-end=\"762\">Bois de pommier 100% naturel, sans additifs<\/p>\n<\/li>\n<li data-start=\"763\" data-end=\"826\">\n<p data-start=\"765\" data-end=\"826\">Morceaux de bois grossiers, adapt\u00e9s \u00e0 une production de fum\u00e9e prolong\u00e9e<\/p>\n<\/li>\n<li data-start=\"879\" data-end=\"935\">\n<p data-start=\"881\" data-end=\"935\">Convient pour les barbecues kamado, les fumoirs et les barbecues au charbon de bois avec couvercle<\/p>\n<\/li>\n<\/ul>\n<p data-start=\"937\" data-end=\"1133\">Conseils d&rsquo;utilisation :<br data-start=\"954\" data-end=\"957\">Faites tremper les morceaux de bois dans l&rsquo;eau pendant 30 minutes (facultatif) et placez-les directement sur les braises pour une fum\u00e9e plus longue et plus intense. Combinez-les avec d&rsquo;autres essences de bois pour une saveur fum\u00e9e unique ! <\/p>\n<p data-start=\"1135\" data-end=\"1242\">Laissez la saveur de votre barbecue s&rsquo;exprimer pleinement gr\u00e2ce \u00e0 la douce saveur du bois de pommier.<\/p>\n","protected":false},"excerpt":{"rendered":"<p>Morceaux de bois de pommier \u2013 1250 grammes Sublimez vos grillades avec la saveur douce, fruit\u00e9e et fum\u00e9e du bois de pommier ! Ces morceaux de pommier sont parfaits pour la cuisson lente de la viande, du poisson ou des l\u00e9gumes dans votre kamado, fumoir ou barbecue au charbon de bois. Nos morceaux de bois [&hellip;]<\/p>\n","protected":false},"featured_media":224563,"comment_status":"open","ping_status":"closed","template":"","meta":{"_et_pb_use_builder":"","_et_pb_old_content":"","_et_gb_content_width":""},"product_brand":[],"product_cat":[145],"product_tag":[],"class_list":{"0":"post-226813","1":"product","2":"type-product","3":"status-publish","4":"has-post-thumbnail","6":"product_cat-bois-fumant","8":"first","9":"instock","10":"taxable","11":"shipping-taxable","12":"purchasable","13":"product-type-simple"},"_links":{"self":[{"href":"https:\/\/www.tools4grill.nl\/fr\/wp-json\/wp\/v2\/product\/226813","targetHints":{"allow":["GET"]}}],"collection":[{"href":"https:\/\/www.tools4grill.nl\/fr\/wp-json\/wp\/v2\/product"}],"about":[{"href":"https:\/\/www.tools4grill.nl\/fr\/wp-json\/wp\/v2\/types\/product"}],"replies":[{"embeddable":true,"href":"https:\/\/www.tools4grill.nl\/fr\/wp-json\/wp\/v2\/comments?post=226813"}],"wp:featuredmedia":[{"embeddable":true,"href":"https:\/\/www.tools4grill.nl\/fr\/wp-json\/wp\/v2\/media\/224563"}],"wp:attachment":[{"href":"https:\/\/www.tools4grill.nl\/fr\/wp-json\/wp\/v2\/media?parent=226813"}],"wp:term":[{"taxonomy":"product_brand","embeddable":true,"href":"https:\/\/www.tools4grill.nl\/fr\/wp-json\/wp\/v2\/product_brand?post=226813"},{"taxonomy":"product_cat","embeddable":true,"href":"https:\/\/www.tools4grill.nl\/fr\/wp-json\/wp\/v2\/product_cat?post=226813"},{"taxonomy":"product_tag","embeddable":true,"href":"https:\/\/www.tools4grill.nl\/fr\/wp-json\/wp\/v2\/product_tag?post=226813"}],"curies":[{"name":"wp","href":"https:\/\/api.w.org\/{rel}","templated":true}]}}