{"id":226810,"date":"2025-06-07T15:33:22","date_gmt":"2025-06-07T13:33:22","guid":{"rendered":"https:\/\/www.tools4grill.nl\/product\/morceaux-de-cherry-smoke-1250-grammes\/"},"modified":"2025-06-07T15:33:22","modified_gmt":"2025-06-07T13:33:22","slug":"morceaux-de-cherry-smoke-1250-grammes","status":"publish","type":"product","link":"https:\/\/www.tools4grill.nl\/fr\/produit\/morceaux-de-cherry-smoke-1250-grammes\/","title":{"rendered":"Morceaux de Cherry Smoke 1250 grammes"},"content":{"rendered":"<p data-start=\"184\" data-end=\"249\"><strong data-start=\"184\" data-end=\"249\">Tools4Grill Kersen Chunks \u2013 Fruitige rook met een zoete twist<\/strong><\/p>\n<p data-start=\"251\" data-end=\"605\">Rehaussez vos grillades d&rsquo;une d\u00e9licieuse saveur fum\u00e9e et l\u00e9g\u00e8rement sucr\u00e9e gr\u00e2ce aux morceaux de cerisier Tools4Grill. Ces blocs de bois aromatiques apportent une subtile touche fruit\u00e9e \u00e0 vos plats et cr\u00e9ent un \u00e9quilibre parfait entre douceur et caract\u00e8re. Id\u00e9aux pour le b\u0153uf, le porc, le gibier ou la volaille, ils sont aussi \u00e9tonnamment savoureux pour fumer des l\u00e9gumes ou m\u00eame des fruits.  <\/p>\n<p data-start=\"607\" data-end=\"810\">D\u00e9posez quelques morceaux de bois parmi les braises de votre barbecue ou fumoir et laissez les ar\u00f4mes se diffuser. Le bois de cerisier est r\u00e9put\u00e9 pour la belle couleur de sa fum\u00e9e et son ar\u00f4me agr\u00e9able et discret. <\/p>\n<p data-start=\"812\" data-end=\"861\"><strong data-start=\"812\" data-end=\"861\">Pourquoi choisir les morceaux de cerise Tools4Grill ?<\/strong><\/p>\n<ul data-start=\"862\" data-end=\"1112\">\n<li data-start=\"862\" data-end=\"903\">\n<p data-start=\"864\" data-end=\"903\">Saveur fum\u00e9e subtile, douce et fruit\u00e9e<\/p>\n<\/li>\n<li data-start=\"904\" data-end=\"955\">\n<p data-start=\"906\" data-end=\"955\">Parfait pour la viande, le gibier, la volaille et les l\u00e9gumes<\/p>\n<\/li>\n<li data-start=\"956\" data-end=\"998\">\n<p data-start=\"958\" data-end=\"998\">Fabriqu\u00e9 \u00e0 partir de bois de cerisier 100% naturel<\/p>\n<\/li>\n<li data-start=\"999\" data-end=\"1054\">\n<p data-start=\"1001\" data-end=\"1054\">Fum\u00e9e persistante \u2013 id\u00e9al pour une cuisson lente au barbecue<\/p>\n<\/li>\n<li data-start=\"1055\" data-end=\"1112\">\n<p data-start=\"1057\" data-end=\"1112\">Convient aux kamados, fumoirs et barbecues ferm\u00e9s.<\/p>\n<\/li>\n<\/ul>\n<p data-start=\"1114\" data-end=\"1392\">Une qualit\u00e9 irr\u00e9prochable<br data-start=\"1151\" data-end=\"1154\">Nos morceaux de cerises sont s\u00e9ch\u00e9s au four jusqu&rsquo;\u00e0 un taux d&rsquo;humidit\u00e9 inf\u00e9rieur \u00e0 10 %, ce qui garantit une combustion efficace et propre. Conditionn\u00e9s dans un sachet de jute robuste et refermable, ils se conservent facilement jusqu&rsquo;\u00e0 votre prochaine utilisation. <\/p>\n<p data-start=\"1394\" data-end=\"1436\">Tools4Grill : pour ceux qui prennent le go\u00fbt au s\u00e9rieux.<\/p>\n<p data-start=\"1394\" data-end=\"1436\">Conditionn\u00e9 dans un sachet refermable de 1250 grammes<\/p>\n","protected":false},"excerpt":{"rendered":"<p>Tools4Grill Kersen Chunks \u2013 Fruitige rook met een zoete twist Rehaussez vos grillades d&rsquo;une d\u00e9licieuse saveur fum\u00e9e et l\u00e9g\u00e8rement sucr\u00e9e gr\u00e2ce aux morceaux de cerisier Tools4Grill. Ces blocs de bois aromatiques apportent une subtile touche fruit\u00e9e \u00e0 vos plats et cr\u00e9ent un \u00e9quilibre parfait entre douceur et caract\u00e8re. Id\u00e9aux pour le b\u0153uf, le porc, le [&hellip;]<\/p>\n","protected":false},"featured_media":224557,"comment_status":"open","ping_status":"closed","template":"","meta":{"_et_pb_use_builder":"","_et_pb_old_content":"","_et_gb_content_width":""},"product_brand":[],"product_cat":[145],"product_tag":[],"class_list":{"0":"post-226810","1":"product","2":"type-product","3":"status-publish","4":"has-post-thumbnail","6":"product_cat-bois-fumant","8":"first","9":"instock","10":"taxable","11":"shipping-taxable","12":"purchasable","13":"product-type-simple"},"_links":{"self":[{"href":"https:\/\/www.tools4grill.nl\/fr\/wp-json\/wp\/v2\/product\/226810","targetHints":{"allow":["GET"]}}],"collection":[{"href":"https:\/\/www.tools4grill.nl\/fr\/wp-json\/wp\/v2\/product"}],"about":[{"href":"https:\/\/www.tools4grill.nl\/fr\/wp-json\/wp\/v2\/types\/product"}],"replies":[{"embeddable":true,"href":"https:\/\/www.tools4grill.nl\/fr\/wp-json\/wp\/v2\/comments?post=226810"}],"wp:featuredmedia":[{"embeddable":true,"href":"https:\/\/www.tools4grill.nl\/fr\/wp-json\/wp\/v2\/media\/224557"}],"wp:attachment":[{"href":"https:\/\/www.tools4grill.nl\/fr\/wp-json\/wp\/v2\/media?parent=226810"}],"wp:term":[{"taxonomy":"product_brand","embeddable":true,"href":"https:\/\/www.tools4grill.nl\/fr\/wp-json\/wp\/v2\/product_brand?post=226810"},{"taxonomy":"product_cat","embeddable":true,"href":"https:\/\/www.tools4grill.nl\/fr\/wp-json\/wp\/v2\/product_cat?post=226810"},{"taxonomy":"product_tag","embeddable":true,"href":"https:\/\/www.tools4grill.nl\/fr\/wp-json\/wp\/v2\/product_tag?post=226810"}],"curies":[{"name":"wp","href":"https:\/\/api.w.org\/{rel}","templated":true}]}}