{"id":226807,"date":"2025-06-07T15:04:56","date_gmt":"2025-06-07T13:04:56","guid":{"rendered":"https:\/\/www.tools4grill.nl\/product\/morceaux-de-tabac-a-fumer-au-vin-rouge-1250-grammes\/"},"modified":"2025-06-07T15:04:56","modified_gmt":"2025-06-07T13:04:56","slug":"morceaux-de-tabac-a-fumer-au-vin-rouge-1250-grammes","status":"publish","type":"product","link":"https:\/\/www.tools4grill.nl\/fr\/produit\/morceaux-de-tabac-a-fumer-au-vin-rouge-1250-grammes\/","title":{"rendered":"Morceaux de tabac \u00e0 fumer au vin rouge 1250 grammes"},"content":{"rendered":"<p data-start=\"170\" data-end=\"236\"><strong data-start=\"170\" data-end=\"236\">Morceaux de vin rouge Tools4Grill \u2013 Ar\u00f4me subtilement sucr\u00e9 et puissant de fum\u00e9e<\/strong><\/p>\n<p data-start=\"238\" data-end=\"562\">Geef je BBQ-gerechten een verfijnde smaakboost met de Tools4Grill rode wijn chunks. Deze unieke rookchunks zijn afkomstig van authentieke eikenhouten rode wijnvaten waarin jarenlang wijn heeft gerijpt. De aroma\u2019s van het hout zijn doordrenkt met de diepe, fruitige tonen van rode wijn \u2013 en dat proef je terug in elk gerecht.  <\/p>\n<p data-start=\"564\" data-end=\"799\">D\u00e9posez quelques morceaux de bois sur les braises et laissez les ar\u00f4mes de ch\u00eane et de vin se m\u00ealer \u00e0 votre viande ou volaille. Vous obtiendrez ainsi une saveur fum\u00e9e subtilement sucr\u00e9e et pleine de caract\u00e8re, qui se marie parfaitement avec le b\u0153uf, le porc ou le canard, par exemple. <\/p>\n<p data-start=\"801\" data-end=\"853\"><strong data-start=\"801\" data-end=\"853\">Pourquoi choisir les morceaux de vin rouge Tools4Grill ?<\/strong><\/p>\n<ul data-start=\"854\" data-end=\"1160\">\n<li data-start=\"854\" data-end=\"908\">\n<p data-start=\"856\" data-end=\"908\">Fabriqu\u00e9 \u00e0 partir de f\u00fbts de ch\u00eane ayant contenu du vin rouge.<\/p>\n<\/li>\n<li data-start=\"909\" data-end=\"967\">\n<p data-start=\"911\" data-end=\"967\">Impr\u00e9gn\u00e9 des riches ar\u00f4mes du vin rouge vieilli<\/p>\n<\/li>\n<li data-start=\"968\" data-end=\"1031\">\n<p data-start=\"970\" data-end=\"1031\">Donne \u00e0 vos plats une saveur subtilement sucr\u00e9e et puissante.<\/p>\n<\/li>\n<li data-start=\"1032\" data-end=\"1091\">\n<p data-start=\"1034\" data-end=\"1091\">Parfait pour le b\u0153uf, le porc, le gibier et la volaille<\/p>\n<\/li>\n<li data-start=\"1092\" data-end=\"1160\">\n<p data-start=\"1094\" data-end=\"1160\">Id\u00e9al pour une utilisation sur un kamado, un fumoir, un barbecue au charbon de bois ou au gaz.<\/p>\n<\/li>\n<\/ul>\n<p data-start=\"1162\" data-end=\"1273\">Pour les amateurs de saveurs barbecue raffin\u00e9es, c&rsquo;est un incontournable. Fumez avec style, fumez avec Tools4Grill. <\/p>\n<p data-start=\"1162\" data-end=\"1273\">Conditionn\u00e9 dans un sachet refermable de 1250 grammes<\/p>\n","protected":false},"excerpt":{"rendered":"<p>Morceaux de vin rouge Tools4Grill \u2013 Ar\u00f4me subtilement sucr\u00e9 et puissant de fum\u00e9e Geef je BBQ-gerechten een verfijnde smaakboost met de Tools4Grill rode wijn chunks. Deze unieke rookchunks zijn afkomstig van authentieke eikenhouten rode wijnvaten waarin jarenlang wijn heeft gerijpt. De aroma\u2019s van het hout zijn doordrenkt met de diepe, fruitige tonen van rode wijn [&hellip;]<\/p>\n","protected":false},"featured_media":224554,"comment_status":"open","ping_status":"closed","template":"","meta":{"_et_pb_use_builder":"","_et_pb_old_content":"","_et_gb_content_width":""},"product_brand":[],"product_cat":[145],"product_tag":[],"class_list":{"0":"post-226807","1":"product","2":"type-product","3":"status-publish","4":"has-post-thumbnail","6":"product_cat-bois-fumant","8":"first","9":"instock","10":"taxable","11":"shipping-taxable","12":"purchasable","13":"product-type-simple"},"_links":{"self":[{"href":"https:\/\/www.tools4grill.nl\/fr\/wp-json\/wp\/v2\/product\/226807","targetHints":{"allow":["GET"]}}],"collection":[{"href":"https:\/\/www.tools4grill.nl\/fr\/wp-json\/wp\/v2\/product"}],"about":[{"href":"https:\/\/www.tools4grill.nl\/fr\/wp-json\/wp\/v2\/types\/product"}],"replies":[{"embeddable":true,"href":"https:\/\/www.tools4grill.nl\/fr\/wp-json\/wp\/v2\/comments?post=226807"}],"wp:featuredmedia":[{"embeddable":true,"href":"https:\/\/www.tools4grill.nl\/fr\/wp-json\/wp\/v2\/media\/224554"}],"wp:attachment":[{"href":"https:\/\/www.tools4grill.nl\/fr\/wp-json\/wp\/v2\/media?parent=226807"}],"wp:term":[{"taxonomy":"product_brand","embeddable":true,"href":"https:\/\/www.tools4grill.nl\/fr\/wp-json\/wp\/v2\/product_brand?post=226807"},{"taxonomy":"product_cat","embeddable":true,"href":"https:\/\/www.tools4grill.nl\/fr\/wp-json\/wp\/v2\/product_cat?post=226807"},{"taxonomy":"product_tag","embeddable":true,"href":"https:\/\/www.tools4grill.nl\/fr\/wp-json\/wp\/v2\/product_tag?post=226807"}],"curies":[{"name":"wp","href":"https:\/\/api.w.org\/{rel}","templated":true}]}}