{"id":226801,"date":"2025-06-07T14:48:05","date_gmt":"2025-06-07T12:48:05","guid":{"rendered":"https:\/\/www.tools4grill.nl\/product\/morceaux-de-fumee-de-hickory-1250-grammes\/"},"modified":"2025-06-07T14:48:05","modified_gmt":"2025-06-07T12:48:05","slug":"morceaux-de-fumee-de-hickory-1250-grammes","status":"publish","type":"product","link":"https:\/\/www.tools4grill.nl\/fr\/produit\/morceaux-de-fumee-de-hickory-1250-grammes\/","title":{"rendered":"Morceaux de fum\u00e9e de hickory 1250 grammes"},"content":{"rendered":"<p data-start=\"114\" data-end=\"196\"><strong data-start=\"114\" data-end=\"196\">Morceaux de fum\u00e9e de hickory Tools4Grill \u2013 Une saveur fum\u00e9e intense pour les vrais amateurs de barbecue<\/strong><\/p>\n<p data-start=\"198\" data-end=\"564\">Envie de retrouver la saveur authentique et intense du barbecue ? Les morceaux de bois de hickory \u00e0 fumer Tools4Grill (500 g) sont votre atout secret. Ces morceaux plus grossiers offrent une saveur fum\u00e9e riche et profonde, id\u00e9ale pour accompagner des plats g\u00e9n\u00e9reux comme le porc effiloch\u00e9, les travers de porc ou le brisket. Fabriqu\u00e9s \u00e0 partir de bois de hickory 100 % naturel, sans aucun additif : la nature \u00e0 l\u2019\u00e9tat pur, pour une saveur authentique.   <\/p>\n<p data-start=\"566\" data-end=\"825\">Gr\u00e2ce \u00e0 leur taille, ces morceaux br\u00fblent plus lentement que les copeaux de bois, assurant une fum\u00e9e uniforme et durable. Id\u00e9aux pour la cuisson lente \u00e0 basse temp\u00e9rature, ils conviennent \u00e9galement aux grillades plus courtes o\u00f9 l&rsquo;on souhaite ajouter une touche de saveur suppl\u00e9mentaire. <\/p>\n<p data-start=\"827\" data-end=\"877\"><strong data-start=\"827\" data-end=\"877\">Pourquoi choisir les morceaux de hickory Tools4Grill ?<\/strong><\/p>\n<ul data-start=\"878\" data-end=\"1154\">\n<li data-start=\"878\" data-end=\"939\">\n<p data-start=\"880\" data-end=\"939\">Saveur intense, fum\u00e9e et de noisette provenant d&rsquo;authentique bois de caryer<\/p>\n<\/li>\n<li data-start=\"940\" data-end=\"992\">\n<p data-start=\"942\" data-end=\"992\">Des morceaux plus gros pour un d\u00e9veloppement prolong\u00e9 de la fum\u00e9e.<\/p>\n<\/li>\n<li data-start=\"993\" data-end=\"1046\">\n<p data-start=\"995\" data-end=\"1046\">100 % naturel et non trait\u00e9 \u2013 sans produits chimiques<\/p>\n<\/li>\n<li data-start=\"1047\" data-end=\"1115\">\n<p data-start=\"1049\" data-end=\"1115\">Convient \u00e0 tous les types de barbecue : kamado, fumoir, gaz ou charbon de bois<\/p>\n<\/li>\n<li data-start=\"1116\" data-end=\"1154\">\n<p data-start=\"1118\" data-end=\"1154\">Parfait pour la viande, le poisson et les l\u00e9gumes<\/p>\n<\/li>\n<\/ul>\n<p data-start=\"1156\" data-end=\"1396\">Conseil de conservation :<br data-start=\"1170\" data-end=\"1173\">Conservez les morceaux de hickory dans un endroit sec, par exemple dans un r\u00e9cipient herm\u00e9tique ou dans leur emballage d\u2019origine. \u00c9vitez tout contact avec l\u2019humidit\u00e9 afin que le bois conserve son ar\u00f4me et sa qualit\u00e9 \u2013 pr\u00eat pour votre prochain barbecue. <\/p>\n<p data-start=\"1156\" data-end=\"1396\">Conditionn\u00e9 dans un sachet refermable de 1250 grammes<\/p>\n","protected":false},"excerpt":{"rendered":"<p>Morceaux de fum\u00e9e de hickory Tools4Grill \u2013 Une saveur fum\u00e9e intense pour les vrais amateurs de barbecue Envie de retrouver la saveur authentique et intense du barbecue ? Les morceaux de bois de hickory \u00e0 fumer Tools4Grill (500 g) sont votre atout secret. Ces morceaux plus grossiers offrent une saveur fum\u00e9e riche et profonde, id\u00e9ale [&hellip;]<\/p>\n","protected":false},"featured_media":224549,"comment_status":"open","ping_status":"closed","template":"","meta":{"_et_pb_use_builder":"","_et_pb_old_content":"","_et_gb_content_width":""},"product_brand":[],"product_cat":[145],"product_tag":[],"class_list":{"0":"post-226801","1":"product","2":"type-product","3":"status-publish","4":"has-post-thumbnail","6":"product_cat-bois-fumant","8":"first","9":"instock","10":"taxable","11":"shipping-taxable","12":"purchasable","13":"product-type-simple"},"_links":{"self":[{"href":"https:\/\/www.tools4grill.nl\/fr\/wp-json\/wp\/v2\/product\/226801","targetHints":{"allow":["GET"]}}],"collection":[{"href":"https:\/\/www.tools4grill.nl\/fr\/wp-json\/wp\/v2\/product"}],"about":[{"href":"https:\/\/www.tools4grill.nl\/fr\/wp-json\/wp\/v2\/types\/product"}],"replies":[{"embeddable":true,"href":"https:\/\/www.tools4grill.nl\/fr\/wp-json\/wp\/v2\/comments?post=226801"}],"wp:featuredmedia":[{"embeddable":true,"href":"https:\/\/www.tools4grill.nl\/fr\/wp-json\/wp\/v2\/media\/224549"}],"wp:attachment":[{"href":"https:\/\/www.tools4grill.nl\/fr\/wp-json\/wp\/v2\/media?parent=226801"}],"wp:term":[{"taxonomy":"product_brand","embeddable":true,"href":"https:\/\/www.tools4grill.nl\/fr\/wp-json\/wp\/v2\/product_brand?post=226801"},{"taxonomy":"product_cat","embeddable":true,"href":"https:\/\/www.tools4grill.nl\/fr\/wp-json\/wp\/v2\/product_cat?post=226801"},{"taxonomy":"product_tag","embeddable":true,"href":"https:\/\/www.tools4grill.nl\/fr\/wp-json\/wp\/v2\/product_tag?post=226801"}],"curies":[{"name":"wp","href":"https:\/\/api.w.org\/{rel}","templated":true}]}}