{"id":226796,"date":"2025-06-07T14:26:49","date_gmt":"2025-06-07T12:26:49","guid":{"rendered":"https:\/\/www.tools4grill.nl\/product\/morceaux-de-fumee-de-whisky-1250-grammes\/"},"modified":"2025-06-07T14:26:49","modified_gmt":"2025-06-07T12:26:49","slug":"morceaux-de-fumee-de-whisky-1250-grammes","status":"publish","type":"product","link":"https:\/\/www.tools4grill.nl\/fr\/produit\/morceaux-de-fumee-de-whisky-1250-grammes\/","title":{"rendered":"Morceaux de fum\u00e9e de whisky 1250 grammes"},"content":{"rendered":"<p data-start=\"148\" data-end=\"221\"><strong data-start=\"148\" data-end=\"221\">Morceaux de bois de whisky Tools4Grill \u2013 Authentique bois de fumage provenant de v\u00e9ritables f\u00fbts de whisky<\/strong><\/p>\n<p data-start=\"223\" data-end=\"476\">Apportez une saveur fum\u00e9e riche et authentique \u00e0 vos grillades gr\u00e2ce aux morceaux de whisky Tools4Grill. Ces b\u00fbches \u00e0 fumer sont issues de f\u00fbts de ch\u00eane ayant contenu du whisky \u00e9cossais ou irlandais pendant des ann\u00e9es. C&rsquo;est ce qui leur conf\u00e8re cet ar\u00f4me et ce go\u00fbt uniques.  <\/p>\n<p data-start=\"478\" data-end=\"768\">\u00c0 la cuisson, ces morceaux d\u00e9gagent une saveur fum\u00e9e riche et chaleureuse, avec de subtiles notes de whisky et de ch\u00eane \u2013 id\u00e9ale pour donner \u00e0 votre viande une saveur complexe et intense. Que vous pr\u00e9pariez du b\u0153uf, du porc, du gibier ou de la volaille, une poign\u00e9e de morceaux de whisky sublimera votre barbecue. <\/p>\n<p data-start=\"770\" data-end=\"819\"><strong data-start=\"770\" data-end=\"819\">Pourquoi choisir les morceaux de whisky Tools4Grill ?<\/strong><\/p>\n<ul data-start=\"820\" data-end=\"1066\">\n<li data-start=\"820\" data-end=\"865\">\n<p data-start=\"822\" data-end=\"865\">Fabriqu\u00e9 \u00e0 partir d&rsquo;authentiques f\u00fbts de whisky en ch\u00eane<\/p>\n<\/li>\n<li data-start=\"866\" data-end=\"905\">\n<p data-start=\"868\" data-end=\"905\">Rijk aan natuurlijke whisky-aroma\u2019s<\/p>\n<\/li>\n<li data-start=\"906\" data-end=\"946\">\n<p data-start=\"908\" data-end=\"946\">D\u00e9gagement de fum\u00e9e lent et r\u00e9gulier<\/p>\n<\/li>\n<li data-start=\"947\" data-end=\"1005\">\n<p data-start=\"949\" data-end=\"1005\">Id\u00e9al pour le b\u0153uf, le porc, le gibier et la volaille<\/p>\n<\/li>\n<li data-start=\"1006\" data-end=\"1066\">\n<p data-start=\"1008\" data-end=\"1066\">Convient pour les barbecues kamado, fumoirs, \u00e0 charbon et \u00e0 gaz.<\/p>\n<\/li>\n<\/ul>\n<p data-start=\"1068\" data-end=\"1234\">Ajoutez-les \u00e0 sec pour un go\u00fbt fum\u00e9 intense, ou faites-les tremper bri\u00e8vement au pr\u00e9alable pour un fumage plus l\u00e9ger. Dans tous les cas : avec Tools4Grill, fumez avec style et saveur. <\/p>\n<p data-start=\"1068\" data-end=\"1234\">Conditionn\u00e9 dans un sachet refermable de 1250 grammes<\/p>\n","protected":false},"excerpt":{"rendered":"<p>Morceaux de bois de whisky Tools4Grill \u2013 Authentique bois de fumage provenant de v\u00e9ritables f\u00fbts de whisky Apportez une saveur fum\u00e9e riche et authentique \u00e0 vos grillades gr\u00e2ce aux morceaux de whisky Tools4Grill. Ces b\u00fbches \u00e0 fumer sont issues de f\u00fbts de ch\u00eane ayant contenu du whisky \u00e9cossais ou irlandais pendant des ann\u00e9es. C&rsquo;est ce [&hellip;]<\/p>\n","protected":false},"featured_media":224543,"comment_status":"open","ping_status":"closed","template":"","meta":{"_et_pb_use_builder":"","_et_pb_old_content":"","_et_gb_content_width":""},"product_brand":[],"product_cat":[145],"product_tag":[],"class_list":{"0":"post-226796","1":"product","2":"type-product","3":"status-publish","4":"has-post-thumbnail","6":"product_cat-bois-fumant","8":"first","9":"instock","10":"taxable","11":"shipping-taxable","12":"purchasable","13":"product-type-simple"},"_links":{"self":[{"href":"https:\/\/www.tools4grill.nl\/fr\/wp-json\/wp\/v2\/product\/226796","targetHints":{"allow":["GET"]}}],"collection":[{"href":"https:\/\/www.tools4grill.nl\/fr\/wp-json\/wp\/v2\/product"}],"about":[{"href":"https:\/\/www.tools4grill.nl\/fr\/wp-json\/wp\/v2\/types\/product"}],"replies":[{"embeddable":true,"href":"https:\/\/www.tools4grill.nl\/fr\/wp-json\/wp\/v2\/comments?post=226796"}],"wp:featuredmedia":[{"embeddable":true,"href":"https:\/\/www.tools4grill.nl\/fr\/wp-json\/wp\/v2\/media\/224543"}],"wp:attachment":[{"href":"https:\/\/www.tools4grill.nl\/fr\/wp-json\/wp\/v2\/media?parent=226796"}],"wp:term":[{"taxonomy":"product_brand","embeddable":true,"href":"https:\/\/www.tools4grill.nl\/fr\/wp-json\/wp\/v2\/product_brand?post=226796"},{"taxonomy":"product_cat","embeddable":true,"href":"https:\/\/www.tools4grill.nl\/fr\/wp-json\/wp\/v2\/product_cat?post=226796"},{"taxonomy":"product_tag","embeddable":true,"href":"https:\/\/www.tools4grill.nl\/fr\/wp-json\/wp\/v2\/product_tag?post=226796"}],"curies":[{"name":"wp","href":"https:\/\/api.w.org\/{rel}","templated":true}]}}