{"id":226793,"date":"2024-04-28T16:25:42","date_gmt":"2024-04-28T14:25:42","guid":{"rendered":"https:\/\/www.tools4grill.nl\/product\/cocotte-en-fonte-tools4grill-36-cm\/"},"modified":"2024-04-28T16:25:42","modified_gmt":"2024-04-28T14:25:42","slug":"cocotte-en-fonte-tools4grill-36-cm","status":"publish","type":"product","link":"https:\/\/www.tools4grill.nl\/fr\/produit\/cocotte-en-fonte-tools4grill-36-cm\/","title":{"rendered":"Cocotte en fonte Tools4grill 36 cm"},"content":{"rendered":"<p><strong>Cocotte Tools4Grill : La po\u00eale en fonte id\u00e9ale pour le barbecue et les feux de camp<\/strong><\/p>\n<p>La cocotte Tools4Grill est une po\u00eale en fonte robuste qui excelle par sa polyvalence et sa durabilit\u00e9. Que vous souhaitiez pr\u00e9parer un rago\u00fbt, un brais\u00e9 ou un copieux rago\u00fbt, cette cocotte est id\u00e9ale pour une utilisation au barbecue, sur un feu de camp ou directement dans les braises. <\/p>\n<p>Deze gietijzeren pan is ontworpen voor zowel direct contact met de kolen als gebruik op het rooster. Dankzij zijn stevige constructie en uitstekende warmteverdeling is het de ideale keuze voor gezinnen en grotere gezelschappen die willen genieten van smakelijke, zelfgemaakte maaltijden buiten. <\/p>\n<p><strong>Entretien et maintenance de la cocotte en fonte<\/strong><\/p>\n<p>Pour conserver votre cocotte en fonte en parfait \u00e9tat, un culottage r\u00e9gulier est important. Suivez ces \u00e9tapes simples pour que votre cocotte soit toujours impeccable : <\/p>\n<ol>\n<li>Nettoyage : Nettoyez soigneusement la cocotte en fonte avec de l&rsquo;eau et du liquide vaisselle pour \u00e9liminer tout r\u00e9sidu et toute salet\u00e9.<\/li>\n<li>Chauffage : Placez la po\u00eale au four ou sur le barbecue et chauffez-la \u00e0 160-200 degr\u00e9s Celsius pendant au moins trente minutes pour \u00e9vaporer toute trace d&rsquo;humidit\u00e9 restante.<\/li>\n<li>S\u00e9chage : Nettoyez la po\u00eale et le couvercle avec un chiffon ou du papier absorbant pour s\u00e9cher la po\u00eale.<\/li>\n<li>Mati\u00e8res grasses : Appliquez une fine couche de Crisco, de beurre clarifi\u00e9 ou d\u2019huile de riz sur la po\u00eale en fonte et son couvercle. Essuyez l\u2019exc\u00e9dent de mati\u00e8re grasse avec un chiffon ou du papier absorbant. <\/li>\n<li>Cuisson au four : Remettez la cocotte en fonte au four ou sur le barbecue et laissez chauffer pendant une heure pour permettre \u00e0 l&rsquo;huile de p\u00e9n\u00e9trer dans la cocotte et de former une couche protectrice.<\/li>\n<li>Laisser refroidir et r\u00e9p\u00e9ter : Laissez la po\u00eale refroidir et essuyez \u00e0 nouveau l\u2019exc\u00e9dent de graisse. Appliquez une seconde fine couche de graisse et faites chauffer \u00e0 nouveau pendant une heure. <\/li>\n<\/ol>\n<p>Apr\u00e8s cette proc\u00e9dure, votre cocotte en fonte est parfaitement pr\u00e9par\u00e9e pour une longue dur\u00e9e de vie et un plaisir de cuisson optimal.<\/p>\n<p><strong>Caract\u00e9ristiques<\/strong><\/p>\n<ul>\n<li>Hauteur (sans couvercle) : 13 cm<\/li>\n<li>Hauteur (couvercle compris) : 16 cm<\/li>\n<li>Largeur (poign\u00e9es comprises) : 37 cm<\/li>\n<li>Diam\u00e8tre de la po\u00eale (sans les poign\u00e9es) : 29 cm<\/li>\n<li>Diam\u00e8tre de la base : 25 cm<\/li>\n<li>Poids : 8,9 kg<\/li>\n<\/ul>\n<p>Met de Tools4Grill Dutch Oven haal je een veelzijdige en betrouwbare pan in huis die elke barbecue ervaring naar een hoger niveau tilt.<\/p>\n","protected":false},"excerpt":{"rendered":"<p>Cocotte Tools4Grill : La po\u00eale en fonte id\u00e9ale pour le barbecue et les feux de camp La cocotte Tools4Grill est une po\u00eale en fonte robuste qui excelle par sa polyvalence et sa durabilit\u00e9. Que vous souhaitiez pr\u00e9parer un rago\u00fbt, un brais\u00e9 ou un copieux rago\u00fbt, cette cocotte est id\u00e9ale pour une utilisation au barbecue, sur [&hellip;]<\/p>\n","protected":false},"featured_media":223842,"comment_status":"open","ping_status":"closed","template":"","meta":{"_et_pb_use_builder":"","_et_pb_old_content":"","_et_gb_content_width":""},"product_brand":[],"product_cat":[163],"product_tag":[],"class_list":{"0":"post-226793","1":"product","2":"type-product","3":"status-publish","4":"has-post-thumbnail","6":"product_cat-fonte","8":"first","9":"instock","10":"taxable","11":"shipping-taxable","12":"purchasable","13":"product-type-simple"},"_links":{"self":[{"href":"https:\/\/www.tools4grill.nl\/fr\/wp-json\/wp\/v2\/product\/226793","targetHints":{"allow":["GET"]}}],"collection":[{"href":"https:\/\/www.tools4grill.nl\/fr\/wp-json\/wp\/v2\/product"}],"about":[{"href":"https:\/\/www.tools4grill.nl\/fr\/wp-json\/wp\/v2\/types\/product"}],"replies":[{"embeddable":true,"href":"https:\/\/www.tools4grill.nl\/fr\/wp-json\/wp\/v2\/comments?post=226793"}],"wp:featuredmedia":[{"embeddable":true,"href":"https:\/\/www.tools4grill.nl\/fr\/wp-json\/wp\/v2\/media\/223842"}],"wp:attachment":[{"href":"https:\/\/www.tools4grill.nl\/fr\/wp-json\/wp\/v2\/media?parent=226793"}],"wp:term":[{"taxonomy":"product_brand","embeddable":true,"href":"https:\/\/www.tools4grill.nl\/fr\/wp-json\/wp\/v2\/product_brand?post=226793"},{"taxonomy":"product_cat","embeddable":true,"href":"https:\/\/www.tools4grill.nl\/fr\/wp-json\/wp\/v2\/product_cat?post=226793"},{"taxonomy":"product_tag","embeddable":true,"href":"https:\/\/www.tools4grill.nl\/fr\/wp-json\/wp\/v2\/product_tag?post=226793"}],"curies":[{"name":"wp","href":"https:\/\/api.w.org\/{rel}","templated":true}]}}