{"id":226776,"date":"2024-02-29T14:26:07","date_gmt":"2024-02-29T13:26:07","guid":{"rendered":"https:\/\/www.tools4grill.nl\/product\/grand-brasero\/"},"modified":"2024-02-29T14:26:07","modified_gmt":"2024-02-29T13:26:07","slug":"grand-brasero","status":"publish","type":"product","link":"https:\/\/www.tools4grill.nl\/fr\/produit\/grand-brasero\/","title":{"rendered":"Grand brasero"},"content":{"rendered":"<p>Ce brasero en c\u00e9ramique Tools4Grill est fabriqu\u00e9 en cordi\u00e9rite de haute qualit\u00e9. L&rsquo;utilisation de la cordi\u00e9rite renforce la c\u00e9ramique et la rend r\u00e9sistante aux fortes chaleurs et aux variations brusques de temp\u00e9rature. Ainsi, la dur\u00e9e de vie de nos braseros est consid\u00e9rablement prolong\u00e9e.  <\/p>\n<p>La taille de l&rsquo;ancien foyer sert de r\u00e9f\u00e9rence pour commander le nouveau, mais elle n&rsquo;a pas besoin d&rsquo;\u00eatre exactement la m\u00eame.<\/p>\n<p>Le diam\u00e8tre ext\u00e9rieur du foyer doit \u00eatre environ 2 \u00e0 4 cm plus petit que le diam\u00e8tre int\u00e9rieur du kamado au niveau du foyer.<\/p>\n<p>Zie ook het maattabel bij de foto&rsquo;s<\/p>\n<p>&nbsp;<\/p>\n<p>Caract\u00e9ristiques de notre brasero :<\/p>\n<p>&nbsp;<\/p>\n<p>Hauteur : 23 cm<\/p>\n<p>Diam\u00e8tre ext\u00e9rieur sup\u00e9rieur : 42,5 cm<\/p>\n<p>Buitendiameter onderzijde: 25 cm<\/p>\n<p>D\u00e9couvrez l&rsquo;alliance parfaite entre durabilit\u00e9, savoir-faire et fonctionnalit\u00e9 avec nos braseros en c\u00e9ramique.<\/p>\n<p>&nbsp;<\/p>\n<p><strong>Un bon \u00e9quipement est \u00e9videmment primordial pour un barbecue r\u00e9ussi ! Tools4Grill a s\u00e9lectionn\u00e9 pour vous des produits de qualit\u00e9 provenant de fabricants b\u00e9n\u00e9ficiant d&rsquo;une longue exp\u00e9rience internationale dans le d\u00e9veloppement et la production d&rsquo;articles pour barbecue et grillades. Vous pouvez donc faire votre choix en toute s\u00e9r\u00e9nit\u00e9 ! <\/strong><\/p>\n<p><strong>Nos produits ont \u00e9t\u00e9 test\u00e9s de mani\u00e8re approfondie et r\u00e9pondent \u00e0 toutes les exigences de qualit\u00e9.<\/strong><br \/>\n<strong>L&rsquo;assortiment est disponible exclusivement via Bol.com et sur notre propre site, et sera continuellement enrichi de nouveaux produits de qualit\u00e9 sup\u00e9rieure \u00e0 des prix comp\u00e9titifs.<\/strong><\/p>\n","protected":false},"excerpt":{"rendered":"<p>Ce brasero en c\u00e9ramique Tools4Grill est fabriqu\u00e9 en cordi\u00e9rite de haute qualit\u00e9. L&rsquo;utilisation de la cordi\u00e9rite renforce la c\u00e9ramique et la rend r\u00e9sistante aux fortes chaleurs et aux variations brusques de temp\u00e9rature. Ainsi, la dur\u00e9e de vie de nos braseros est consid\u00e9rablement prolong\u00e9e. La taille de l&rsquo;ancien foyer sert de r\u00e9f\u00e9rence pour commander le nouveau, [&hellip;]<\/p>\n","protected":false},"featured_media":223755,"comment_status":"open","ping_status":"closed","template":"","meta":{"_et_pb_use_builder":"","_et_pb_old_content":"","_et_gb_content_width":""},"product_brand":[],"product_cat":[131,187,111],"product_tag":[],"class_list":{"0":"post-226776","1":"product","2":"type-product","3":"status-publish","4":"has-post-thumbnail","6":"product_cat-21-pouces","7":"product_cat-23-pouces","8":"product_cat-autre","10":"first","11":"instock","12":"taxable","13":"shipping-taxable","14":"purchasable","15":"product-type-simple"},"_links":{"self":[{"href":"https:\/\/www.tools4grill.nl\/fr\/wp-json\/wp\/v2\/product\/226776","targetHints":{"allow":["GET"]}}],"collection":[{"href":"https:\/\/www.tools4grill.nl\/fr\/wp-json\/wp\/v2\/product"}],"about":[{"href":"https:\/\/www.tools4grill.nl\/fr\/wp-json\/wp\/v2\/types\/product"}],"replies":[{"embeddable":true,"href":"https:\/\/www.tools4grill.nl\/fr\/wp-json\/wp\/v2\/comments?post=226776"}],"wp:featuredmedia":[{"embeddable":true,"href":"https:\/\/www.tools4grill.nl\/fr\/wp-json\/wp\/v2\/media\/223755"}],"wp:attachment":[{"href":"https:\/\/www.tools4grill.nl\/fr\/wp-json\/wp\/v2\/media?parent=226776"}],"wp:term":[{"taxonomy":"product_brand","embeddable":true,"href":"https:\/\/www.tools4grill.nl\/fr\/wp-json\/wp\/v2\/product_brand?post=226776"},{"taxonomy":"product_cat","embeddable":true,"href":"https:\/\/www.tools4grill.nl\/fr\/wp-json\/wp\/v2\/product_cat?post=226776"},{"taxonomy":"product_tag","embeddable":true,"href":"https:\/\/www.tools4grill.nl\/fr\/wp-json\/wp\/v2\/product_tag?post=226776"}],"curies":[{"name":"wp","href":"https:\/\/api.w.org\/{rel}","templated":true}]}}