{"id":226767,"date":"2023-10-14T15:58:25","date_gmt":"2023-10-14T13:58:25","guid":{"rendered":"https:\/\/www.tools4grill.nl\/product\/viande-a-macher\/"},"modified":"2023-10-14T15:58:25","modified_gmt":"2023-10-14T13:58:25","slug":"viande-a-macher","status":"publish","type":"product","link":"https:\/\/www.tools4grill.nl\/fr\/produit\/viande-a-macher\/","title":{"rendered":"viande \u00e0 m\u00e2cher"},"content":{"rendered":"<p>Ces pinces \u00e0 viande Tools4Grill sont id\u00e9ales pour manipuler sans effort les grosses pi\u00e8ces de viande. Pr\u00e9parez facilement un d\u00e9licieux porc effiloch\u00e9 tendre en effilochant la viande sans effort gr\u00e2ce \u00e0 ces pinces. Elles sont non seulement parfaites pour pr\u00e9parer le porc effiloch\u00e9, mais aussi pour retourner la viande en toute s\u00e9curit\u00e9 sur le barbecue et d\u00e9couper de gros morceaux sans difficult\u00e9.  <\/p>\n<p>Nos pinces \u00e0 viande offrent des avantages uniques, notamment :<\/p>\n<ul>\n<li>Utilisation multifonctionnelle pour diff\u00e9rents types de viande tels que le porc, le b\u0153uf et le poulet.<\/li>\n<li>Conditionn\u00e9s par lot de 2, dans un \u00e9l\u00e9gant coloris noir, ils sont fabriqu\u00e9s en plastique r\u00e9sistant.<\/li>\n<li>De taille compacte (10 x 11 x 1,2 cm chacune) et ne pesant que 40 grammes, elles offrent une manipulation optimale.<\/li>\n<li>Poign\u00e9e ergonomique pour une utilisation sans effort.<\/li>\n<li>Compatible lave-vaisselle pour un nettoyage facile.<\/li>\n<\/ul>\n<p>Sublimez votre exp\u00e9rience culinaire et ma\u00eetrisez sans effort la pr\u00e9paration des plats de viande gr\u00e2ce \u00e0 nos pinces \u00e0 viande polyvalentes. Un indispensable pour tous les passionn\u00e9s de cuisine et les as du barbecue ! <\/p>\n","protected":false},"excerpt":{"rendered":"<p>Ces pinces \u00e0 viande Tools4Grill sont id\u00e9ales pour manipuler sans effort les grosses pi\u00e8ces de viande. Pr\u00e9parez facilement un d\u00e9licieux porc effiloch\u00e9 tendre en effilochant la viande sans effort gr\u00e2ce \u00e0 ces pinces. Elles sont non seulement parfaites pour pr\u00e9parer le porc effiloch\u00e9, mais aussi pour retourner la viande en toute s\u00e9curit\u00e9 sur le barbecue [&hellip;]<\/p>\n","protected":false},"featured_media":223555,"comment_status":"open","ping_status":"closed","template":"","meta":{"_et_pb_use_builder":"","_et_pb_old_content":"","_et_gb_content_width":""},"product_brand":[],"product_cat":[186,185,189,188,131,187,141,183,111],"product_tag":[],"class_list":{"0":"post-226767","1":"product","2":"type-product","3":"status-publish","4":"has-post-thumbnail","6":"product_cat-15-16-pouces","7":"product_cat-15-pouces","8":"product_cat-18-pouces","9":"product_cat-20-pouces","10":"product_cat-21-pouces","11":"product_cat-23-pouces","12":"product_cat-accessoires-de-cuisine","13":"product_cat-accessoires-par-taille","14":"product_cat-autre","16":"first","17":"outofstock","18":"taxable","19":"shipping-taxable","20":"purchasable","21":"product-type-simple"},"_links":{"self":[{"href":"https:\/\/www.tools4grill.nl\/fr\/wp-json\/wp\/v2\/product\/226767","targetHints":{"allow":["GET"]}}],"collection":[{"href":"https:\/\/www.tools4grill.nl\/fr\/wp-json\/wp\/v2\/product"}],"about":[{"href":"https:\/\/www.tools4grill.nl\/fr\/wp-json\/wp\/v2\/types\/product"}],"replies":[{"embeddable":true,"href":"https:\/\/www.tools4grill.nl\/fr\/wp-json\/wp\/v2\/comments?post=226767"}],"wp:featuredmedia":[{"embeddable":true,"href":"https:\/\/www.tools4grill.nl\/fr\/wp-json\/wp\/v2\/media\/223555"}],"wp:attachment":[{"href":"https:\/\/www.tools4grill.nl\/fr\/wp-json\/wp\/v2\/media?parent=226767"}],"wp:term":[{"taxonomy":"product_brand","embeddable":true,"href":"https:\/\/www.tools4grill.nl\/fr\/wp-json\/wp\/v2\/product_brand?post=226767"},{"taxonomy":"product_cat","embeddable":true,"href":"https:\/\/www.tools4grill.nl\/fr\/wp-json\/wp\/v2\/product_cat?post=226767"},{"taxonomy":"product_tag","embeddable":true,"href":"https:\/\/www.tools4grill.nl\/fr\/wp-json\/wp\/v2\/product_tag?post=226767"}],"curies":[{"name":"wp","href":"https:\/\/api.w.org\/{rel}","templated":true}]}}