{"id":226766,"date":"2023-10-14T15:41:09","date_gmt":"2023-10-14T13:41:09","guid":{"rendered":"https:\/\/www.tools4grill.nl\/product\/poele-en-acier-inoxydable\/"},"modified":"2023-10-14T15:41:09","modified_gmt":"2023-10-14T13:41:09","slug":"poele-en-acier-inoxydable","status":"publish","type":"product","link":"https:\/\/www.tools4grill.nl\/fr\/produit\/poele-en-acier-inoxydable\/","title":{"rendered":"Po\u00eale en acier inoxydable"},"content":{"rendered":"<p><em>Le r\u00e9cup\u00e9rateur de cendres Tools4Grill est l&rsquo;accessoire id\u00e9al pour votre barbecue kamado. Il vous permet d&rsquo;\u00e9liminer facilement les cendres et de garder votre grille propre. Ce bac \u00e0 cendres en acier inoxydable est sp\u00e9cialement con\u00e7u pour un nettoyage ais\u00e9. <\/em><\/p>\n<p><em>Fabriqu\u00e9 en acier inoxydable durable, le bac \u00e0 cendres s&#8217;embo\u00eete parfaitement sur le rail inf\u00e9rieur de votre barbecue kamado. Gr\u00e2ce \u00e0 cet accessoire pratique, les cendres glissent hors du barbecue facilement et proprement, vous permettant un nettoyage rapide et efficace apr\u00e8s la cuisson. <\/em><\/p>\n<p><em>La po\u00eale mesure 31 cm de long, 14,5 cm de large et 6 cm de haut. Elle se nettoie facilement \u00e0 l&rsquo;eau chaude savonneuse, pour un entretien simplifi\u00e9. <\/em><\/p>\n<p><em>Gardez votre barbecue kamado propre et pr\u00eat \u00e0 l&#8217;emploi gr\u00e2ce au r\u00e9cup\u00e9rateur de cendres en acier inoxydable Tools4Grill. Commandez d\u00e8s aujourd&rsquo;hui et profitez d&rsquo;un barbecue impeccable apr\u00e8s chaque utilisation. <\/em><\/p>\n<p>&nbsp;<\/p>\n","protected":false},"excerpt":{"rendered":"<p>Le r\u00e9cup\u00e9rateur de cendres Tools4Grill est l&rsquo;accessoire id\u00e9al pour votre barbecue kamado. Il vous permet d&rsquo;\u00e9liminer facilement les cendres et de garder votre grille propre. Ce bac \u00e0 cendres en acier inoxydable est sp\u00e9cialement con\u00e7u pour un nettoyage ais\u00e9. Fabriqu\u00e9 en acier inoxydable durable, le bac \u00e0 cendres s&#8217;embo\u00eete parfaitement sur le rail inf\u00e9rieur de [&hellip;]<\/p>\n","protected":false},"featured_media":223552,"comment_status":"open","ping_status":"closed","template":"","meta":{"_et_pb_use_builder":"","_et_pb_old_content":"","_et_gb_content_width":""},"product_brand":[],"product_cat":[111],"product_tag":[],"class_list":{"0":"post-226766","1":"product","2":"type-product","3":"status-publish","4":"has-post-thumbnail","6":"product_cat-autre","8":"first","9":"instock","10":"taxable","11":"shipping-taxable","12":"purchasable","13":"product-type-simple"},"_links":{"self":[{"href":"https:\/\/www.tools4grill.nl\/fr\/wp-json\/wp\/v2\/product\/226766","targetHints":{"allow":["GET"]}}],"collection":[{"href":"https:\/\/www.tools4grill.nl\/fr\/wp-json\/wp\/v2\/product"}],"about":[{"href":"https:\/\/www.tools4grill.nl\/fr\/wp-json\/wp\/v2\/types\/product"}],"replies":[{"embeddable":true,"href":"https:\/\/www.tools4grill.nl\/fr\/wp-json\/wp\/v2\/comments?post=226766"}],"wp:featuredmedia":[{"embeddable":true,"href":"https:\/\/www.tools4grill.nl\/fr\/wp-json\/wp\/v2\/media\/223552"}],"wp:attachment":[{"href":"https:\/\/www.tools4grill.nl\/fr\/wp-json\/wp\/v2\/media?parent=226766"}],"wp:term":[{"taxonomy":"product_brand","embeddable":true,"href":"https:\/\/www.tools4grill.nl\/fr\/wp-json\/wp\/v2\/product_brand?post=226766"},{"taxonomy":"product_cat","embeddable":true,"href":"https:\/\/www.tools4grill.nl\/fr\/wp-json\/wp\/v2\/product_cat?post=226766"},{"taxonomy":"product_tag","embeddable":true,"href":"https:\/\/www.tools4grill.nl\/fr\/wp-json\/wp\/v2\/product_tag?post=226766"}],"curies":[{"name":"wp","href":"https:\/\/api.w.org\/{rel}","templated":true}]}}