{"id":226761,"date":"2024-02-29T14:51:39","date_gmt":"2024-02-29T13:51:39","guid":{"rendered":"https:\/\/www.tools4grill.nl\/product\/anneau-de-feu-36-cm\/"},"modified":"2024-02-29T14:51:39","modified_gmt":"2024-02-29T13:51:39","slug":"anneau-de-feu-36-cm","status":"publish","type":"product","link":"https:\/\/www.tools4grill.nl\/fr\/produit\/anneau-de-feu-36-cm\/","title":{"rendered":"Anneau de feu 36 cm"},"content":{"rendered":"<p>Le foyer est la partie sup\u00e9rieure int\u00e9rieure de votre Kamado o\u00f9 vous placez la grille.<br \/>Nos foyers en c\u00e9ramique sont disponibles en diff\u00e9rentes tailles.<br \/>Consultez la photo pour les dimensions exactes.<\/p>\n<p>&nbsp;<\/p>\n","protected":false},"excerpt":{"rendered":"<p>Le foyer est la partie sup\u00e9rieure int\u00e9rieure de votre Kamado o\u00f9 vous placez la grille.Nos foyers en c\u00e9ramique sont disponibles en diff\u00e9rentes tailles.Consultez la photo pour les dimensions exactes. &nbsp;<\/p>\n","protected":false},"featured_media":223828,"comment_status":"open","ping_status":"closed","template":"","meta":{"_et_pb_use_builder":"","_et_pb_old_content":"","_et_gb_content_width":""},"product_brand":[],"product_cat":[189,335],"product_tag":[],"class_list":{"0":"post-226761","1":"product","2":"type-product","3":"status-publish","4":"has-post-thumbnail","6":"product_cat-18-pouces","7":"product_cat-foyers-et-braseros","9":"first","10":"instock","11":"taxable","12":"shipping-taxable","13":"purchasable","14":"product-type-simple"},"_links":{"self":[{"href":"https:\/\/www.tools4grill.nl\/fr\/wp-json\/wp\/v2\/product\/226761","targetHints":{"allow":["GET"]}}],"collection":[{"href":"https:\/\/www.tools4grill.nl\/fr\/wp-json\/wp\/v2\/product"}],"about":[{"href":"https:\/\/www.tools4grill.nl\/fr\/wp-json\/wp\/v2\/types\/product"}],"replies":[{"embeddable":true,"href":"https:\/\/www.tools4grill.nl\/fr\/wp-json\/wp\/v2\/comments?post=226761"}],"wp:featuredmedia":[{"embeddable":true,"href":"https:\/\/www.tools4grill.nl\/fr\/wp-json\/wp\/v2\/media\/223828"}],"wp:attachment":[{"href":"https:\/\/www.tools4grill.nl\/fr\/wp-json\/wp\/v2\/media?parent=226761"}],"wp:term":[{"taxonomy":"product_brand","embeddable":true,"href":"https:\/\/www.tools4grill.nl\/fr\/wp-json\/wp\/v2\/product_brand?post=226761"},{"taxonomy":"product_cat","embeddable":true,"href":"https:\/\/www.tools4grill.nl\/fr\/wp-json\/wp\/v2\/product_cat?post=226761"},{"taxonomy":"product_tag","embeddable":true,"href":"https:\/\/www.tools4grill.nl\/fr\/wp-json\/wp\/v2\/product_tag?post=226761"}],"curies":[{"name":"wp","href":"https:\/\/api.w.org\/{rel}","templated":true}]}}