{"id":226755,"date":"2023-10-13T14:41:30","date_gmt":"2023-10-13T12:41:30","guid":{"rendered":"https:\/\/www.tools4grill.nl\/product\/deposeur-de-plaques-18-pouces\/"},"modified":"2023-10-13T14:41:30","modified_gmt":"2023-10-13T12:41:30","slug":"deposeur-de-plaques-18-pouces","status":"publish","type":"product","link":"https:\/\/www.tools4grill.nl\/fr\/produit\/deposeur-de-plaques-18-pouces\/","title":{"rendered":"D\u00e9poseur de plaques 18 pouces"},"content":{"rendered":"<p>Support de levage Tools4Grill de 18 pouces<\/p>\n<ul>\n<li>\n<\/li>\n<\/ul>\n<p>Roestvrijstalen verhogingsrek. Het rek kan worden gebruikt met een warmte deflector of zonder. Je gebruikt een verhogingsrek om een betere circulatie te krijgen in de kamado als je een heat deflector gebruikt, zodat de steen hoger ligt en niet de warmte volledig blokkeert maar er warme lucht langs de steen kan.  <\/p>\n<p>Le d\u00e9flecteur de chaleur offre une grande flexibilit\u00e9 \u00e0 votre barbecue Kamado. Il permet \u00e0 la chaleur d&rsquo;atteindre vos aliments indirectement et de circuler autour d&rsquo;eux, les gardant ainsi incroyablement moelleux et tendres. Le cadre du d\u00e9flecteur peut \u00e9galement \u00eatre utilis\u00e9 seul pour sur\u00e9lever la grille de cuisson. Cela r\u00e9duit le risque de br\u00fbler les aliments fragiles comme les fruits de mer et les l\u00e9gumes.   <\/p>\n<p>Une autre m\u00e9thode pour \u00e9viter que la chaleur ne touche directement le d\u00e9flecteur de chaleur consiste \u00e0 placer une pierre \u00e0 pizza en dessous, sur la grille sur\u00e9lev\u00e9e. Ainsi, la pierre ne sera pas expos\u00e9e \u00e0 la chaleur directe, ce qui vous permettra de d\u00e9poser la viande directement sur le d\u00e9flecteur sans que le dessous ne br\u00fble. <\/p>\n<p>&nbsp;<\/p>\n<p><strong>Werken met een pizzasteen<\/strong><\/p>\n<p>On peut poser une pierre \u00e0 pizza directement sur la grille. L&rsquo;inconv\u00e9nient est que la circulation de l&rsquo;air est r\u00e9duite car la pierre obstrue la majeure partie de la surface de cuisson du kamado. De plus, la pierre se trouve l\u00e9g\u00e8rement en dessous du bord du barbecue, ce qui complique sa mise en place et son retrait. Avec une grille sur\u00e9lev\u00e9e, la pizza est positionn\u00e9e au-dessus du bord, ce qui facilite sa pr\u00e9paration.   <\/p>\n<p>&nbsp;<\/p>\n<p><strong>3 m\u00e9thodes de cuisson :<\/strong><\/p>\n<p>1. Onderste positie<br \/>\nDit is de meest populaire configuratie voor het bereiden van voedsel zoals spareribs, pulled pork en gevogelte bij zeer lage temperaturen. Met deze configuratie kunt u een lekbak tot 7cm diep tussen de keramische plaat en het grillrooster plaatsen. <\/p>\n<p>2. Position la plus haute<br \/>Il s&rsquo;agit de la configuration id\u00e9ale pour la cuisson d&rsquo;aliments tels que les pizzas (pierre \u00e0 pizza requise), le pain et les gratins. Utilisez la plaque en c\u00e9ramique en position haute pour une meilleure circulation de la chaleur autour des aliments. Cette configuration ne permet pas l&rsquo;utilisation d&rsquo;un bac de r\u00e9cup\u00e9ration des graisses.  <\/p>\n<p>3. Utilisation du cadre uniquement pour la cuisson au barbecue<br \/>Utilisez le cadre d\u00e9flecteur de chaleur uniquement pour sur\u00e9lever votre grille de cuisson lors de la cuisson d&rsquo;aliments tels que les fruits de mer et les l\u00e9gumes. L&rsquo;avantage de cette configuration est qu&rsquo;elle r\u00e9duit la chaleur directe sur les aliments. Elle est \u00e9galement id\u00e9ale pour cr\u00e9er des zones de chaleur douce et de chaleur intense dans votre barbecue afin d&rsquo;\u00e9viter que les aliments ne br\u00fblent. Placez votre charbon de bois du c\u00f4t\u00e9 du foyer et positionnez vos aliments de l&rsquo;autre c\u00f4t\u00e9 du barbecue.   <\/p>\n<p>&nbsp;<\/p>\n<p>Nos accessoires sont universellement compatibles avec toutes les grandes marques telles que Big Green Egg, The Basterd, Grill Guru, The Real Egg, Kamado Joe, Auplex, etc.<\/p>\n","protected":false},"excerpt":{"rendered":"<p>Support de levage Tools4Grill de 18 pouces Roestvrijstalen verhogingsrek. Het rek kan worden gebruikt met een warmte deflector of zonder. Je gebruikt een verhogingsrek om een betere circulatie te krijgen in de kamado als je een heat deflector gebruikt, zodat de steen hoger ligt en niet de warmte volledig blokkeert maar er warme lucht langs [&hellip;]<\/p>\n","protected":false},"featured_media":957,"comment_status":"open","ping_status":"closed","template":"","meta":{"_et_pb_use_builder":"","_et_pb_old_content":"","_et_gb_content_width":""},"product_brand":[],"product_cat":[189,330],"product_tag":[],"class_list":{"0":"post-226755","1":"product","2":"type-product","3":"status-publish","4":"has-post-thumbnail","6":"product_cat-18-pouces","7":"product_cat-poseur-de-plaques","9":"first","10":"instock","11":"taxable","12":"shipping-taxable","13":"purchasable","14":"product-type-simple"},"_links":{"self":[{"href":"https:\/\/www.tools4grill.nl\/fr\/wp-json\/wp\/v2\/product\/226755","targetHints":{"allow":["GET"]}}],"collection":[{"href":"https:\/\/www.tools4grill.nl\/fr\/wp-json\/wp\/v2\/product"}],"about":[{"href":"https:\/\/www.tools4grill.nl\/fr\/wp-json\/wp\/v2\/types\/product"}],"replies":[{"embeddable":true,"href":"https:\/\/www.tools4grill.nl\/fr\/wp-json\/wp\/v2\/comments?post=226755"}],"wp:featuredmedia":[{"embeddable":true,"href":"https:\/\/www.tools4grill.nl\/fr\/wp-json\/wp\/v2\/media\/957"}],"wp:attachment":[{"href":"https:\/\/www.tools4grill.nl\/fr\/wp-json\/wp\/v2\/media?parent=226755"}],"wp:term":[{"taxonomy":"product_brand","embeddable":true,"href":"https:\/\/www.tools4grill.nl\/fr\/wp-json\/wp\/v2\/product_brand?post=226755"},{"taxonomy":"product_cat","embeddable":true,"href":"https:\/\/www.tools4grill.nl\/fr\/wp-json\/wp\/v2\/product_cat?post=226755"},{"taxonomy":"product_tag","embeddable":true,"href":"https:\/\/www.tools4grill.nl\/fr\/wp-json\/wp\/v2\/product_tag?post=226755"}],"curies":[{"name":"wp","href":"https:\/\/api.w.org\/{rel}","templated":true}]}}