{"id":226706,"date":"2023-08-13T00:06:37","date_gmt":"2023-08-12T22:06:37","guid":{"rendered":"https:\/\/www.tools4grill.nl\/product\/base-mobile-compacte-pour-kamado-15-16-pouces\/"},"modified":"2026-03-23T09:36:01","modified_gmt":"2026-03-23T08:36:01","slug":"base-mobile-compacte-pour-kamado-15-16-pouces","status":"publish","type":"product","link":"https:\/\/www.tools4grill.nl\/fr\/produit\/base-mobile-compacte-pour-kamado-15-16-pouces\/","title":{"rendered":"Base mobile compacte pour kamado 15\/16 pouces"},"content":{"rendered":"<p><strong>Tools4Grill Kamado Onderstel voor 15-16 Inch BBQ&rsquo;s \u2013 Verrijdbaar en Gebruiksvriendelijk<\/strong> Met het Tools4Grill kamado onderstel geef je jouw kamado BBQ een stabiele, mobiele basis \u00e9n til je jouw barbecue-ervaring naar een hoger niveau! Dit stevige onderstel, gemaakt van duurzaam gepoedercoat staal, zorgt ervoor dat je kamado op een ideale werkhoogte komt te staan, wat comfortabeler is voor je rug tijdens het grillen. Het onderstel is voorzien van drie zwenkwielen met rem, waardoor je de BBQ gemakkelijk kunt verplaatsen en veilig kunt vastzetten. Geschikt voor 15 en 16 inch kamado BBQ&rsquo;s, en dankzij het universele ontwerp past het onderstel op verschillende merken kamado\u2019s.    <strong>Caract\u00e9ristiques principales :<\/strong><\/p>\n<ul>\n<li>Convient aux barbecues kamado de 15 et 16 pouces<\/li>\n<li>Fabriqu\u00e9 en acier thermolaqu\u00e9 robuste pour une durabilit\u00e9 accrue<\/li>\n<li>\u00c9quip\u00e9 de 3 roulettes pivotantes avec freins pour plus de mobilit\u00e9 et de s\u00e9curit\u00e9<\/li>\n<li>Hauteur de travail ergonomique, id\u00e9ale pour cuisiner confortablement<\/li>\n<li>Universel, sadapte \u00e0 diff\u00e9rentes marques de kamado<\/li>\n<li>Tr\u00e8s robuste gr\u00e2ce \u00e0 lacier thermolaqu\u00e9 de 5 mm d\u00e9paisseur et aux fixations en inox<\/li>\n<\/ul>\n<p>Avec le support kamado Tools4Grill, ton BBQ devient plus pratique et polyvalent. Parfait pour tout amateur de kamado recherchant mobilit\u00e9, stabilit\u00e9 et confort !  Si vous souhaitez commander une housse de barbecue en m\u00eame temps, optez pour notre mod\u00e8le de 45 cm (18 pouces). Plus large en haut, elle couvre \u00e9galement la base. La housse de 38 cm (15 pouces) ne couvre que le kamado. Mots-cl\u00e9s : base kamado, kamado 38 cm (15 pouces), kamado 40 cm (16 pouces), base kamado mobile, base barbecue en acier thermolaqu\u00e9, accessoires kamado, base Tools4Grill. Compatible notamment avec : Green Egg Minimax, Keij Legend 38 cm (15 pouces), Patton Kamado 38 cm (15 pouces) \/ 40 cm (16 pouces), Inferno Junior Kamado, Joe Junior, Grill Guru Compact, BluMill 38 cm (15 pouces), etc.    Consulte la photo pour les dimensions.<\/p>\n","protected":false},"excerpt":{"rendered":"<p><a href=\"https:\/\/www.tools4grill.nl\/wp-content\/uploads\/2025\/08\/Handleiding-Kamado-BBQ-onderstel-met-wielen.pdf\">Manuel d&rsquo;utilisation du support de<\/a> <a href=\"https:\/\/www.tools4grill.nl\/wp-content\/uploads\/2025\/07\/Handleiding-Kamado-BBQ-onderstel-met-wielen.pdf\">barbecue Kamado \u00e0 roulettes<\/a><\/p>\n","protected":false},"featured_media":223550,"comment_status":"open","ping_status":"closed","template":"","meta":{"_et_pb_use_builder":"off","_et_pb_old_content":" \n\n<strong>Support Kamado Tools4Grill pour barbecues de 15 \u00e0 16 pouces \u2013 Mobile et facile d'utilisation<\/strong>\n\nAvec le support pour kamado Tools4Grill, offrez \u00e0 votre barbecue kamado une base stable et mobile et optimisez votre exp\u00e9rience de grillade ! Ce support robuste, fabriqu\u00e9 en acier durable rev\u00eatu de poudre, garantit un positionnement id\u00e9al de votre kamado \u00e0 la hauteur de travail optimale, pour un confort accru de votre dos pendant la cuisson. \n\nLe socle est \u00e9quip\u00e9 de trois roues pivotantes avec freins, permettant de d\u00e9placer facilement le barbecue et de le stabiliser en toute s\u00e9curit\u00e9. Adapt\u00e9 aux barbecues kamado de 15 et 16 pouces, il est compatible avec diff\u00e9rentes marques de kamados gr\u00e2ce \u00e0 sa conception universelle. \n\n<strong>Caract\u00e9ristiques principales :<\/strong>\n<ul>\n \t<li>Convient aux barbecues kamado de 15 et 16 pouces<\/li>\n \t<li>Fabriqu\u00e9 en acier thermolaqu\u00e9 robuste pour une durabilit\u00e9 accrue<\/li>\n \t<li>\u00c9quip\u00e9 de 3 roulettes pivotantes avec freins pour plus de mobilit\u00e9 et de s\u00e9curit\u00e9<\/li>\n \t<li>Hauteur de travail ergonomique, id\u00e9ale pour cuisiner confortablement<\/li>\n \t<li>Universel, sadapte \u00e0 diff\u00e9rentes marques de kamado<\/li>\n \t<li>Tr\u00e8s robuste gr\u00e2ce \u00e0 lacier thermolaqu\u00e9 de 5 mm d\u00e9paisseur et aux fixations en inox<\/li>\n<\/ul>\nAvec le support kamado Tools4Grill, ton BBQ devient plus pratique et polyvalent. Parfait pour tout amateur de kamado recherchant mobilit\u00e9, stabilit\u00e9 et confort ! \n\n \n\nSi vous optez pour une housse de barbecue, choisissez notre mod\u00e8le de 45 cm (18 pouces). Elle est l\u00e9g\u00e8rement plus large en haut et couvre \u00e9galement la base. La housse de 38 cm (15 pouces) ne couvre que le kamado.  \n\nMots-cl\u00e9s : base kamado, kamado 15 pouces, kamado 16 pouces, base kamado mobile, base barbecue en acier thermolaqu\u00e9, accessoires kamado, base Tools4Grill.\n\nConvient notamment pour :\n\nGreen Egg Minimax\n\nL\u00e9gende Keij 15 pouces\n\nKamado Patton 15 pouces \/ 16 pouces\n\nInferno Junior\n\nKamado Joe Junior\n\nGrill Guru Compact\n\nBluMill 15 pouces\n\nEtc.\n\nConsulte la photo pour les dimensions.\n\n ","_et_gb_content_width":""},"product_brand":[],"product_cat":[186,185,183,111,132],"product_tag":[],"class_list":{"0":"post-226706","1":"product","2":"type-product","3":"status-publish","4":"has-post-thumbnail","6":"product_cat-15-16-pouces","7":"product_cat-15-pouces","8":"product_cat-accessoires-par-taille","9":"product_cat-autre","10":"product_cat-support-nid","12":"first","13":"instock","14":"sale","15":"featured","16":"taxable","17":"shipping-taxable","18":"purchasable","19":"product-type-simple"},"_links":{"self":[{"href":"https:\/\/www.tools4grill.nl\/fr\/wp-json\/wp\/v2\/product\/226706","targetHints":{"allow":["GET"]}}],"collection":[{"href":"https:\/\/www.tools4grill.nl\/fr\/wp-json\/wp\/v2\/product"}],"about":[{"href":"https:\/\/www.tools4grill.nl\/fr\/wp-json\/wp\/v2\/types\/product"}],"replies":[{"embeddable":true,"href":"https:\/\/www.tools4grill.nl\/fr\/wp-json\/wp\/v2\/comments?post=226706"}],"wp:featuredmedia":[{"embeddable":true,"href":"https:\/\/www.tools4grill.nl\/fr\/wp-json\/wp\/v2\/media\/223550"}],"wp:attachment":[{"href":"https:\/\/www.tools4grill.nl\/fr\/wp-json\/wp\/v2\/media?parent=226706"}],"wp:term":[{"taxonomy":"product_brand","embeddable":true,"href":"https:\/\/www.tools4grill.nl\/fr\/wp-json\/wp\/v2\/product_brand?post=226706"},{"taxonomy":"product_cat","embeddable":true,"href":"https:\/\/www.tools4grill.nl\/fr\/wp-json\/wp\/v2\/product_cat?post=226706"},{"taxonomy":"product_tag","embeddable":true,"href":"https:\/\/www.tools4grill.nl\/fr\/wp-json\/wp\/v2\/product_tag?post=226706"}],"curies":[{"name":"wp","href":"https:\/\/api.w.org\/{rel}","templated":true}]}}