{"id":226701,"date":"2023-07-13T21:57:11","date_gmt":"2023-07-13T19:57:11","guid":{"rendered":"https:\/\/www.tools4grill.nl\/product\/grille-de-barbecue-en-fonte-demi-lune-515-cm\/"},"modified":"2023-07-13T21:57:11","modified_gmt":"2023-07-13T19:57:11","slug":"grille-de-barbecue-en-fonte-demi-lune-515-cm","status":"publish","type":"product","link":"https:\/\/www.tools4grill.nl\/fr\/produit\/grille-de-barbecue-en-fonte-demi-lune-515-cm\/","title":{"rendered":"Grille de barbecue en fonte &#8211; Demi-lune 51,5 cm"},"content":{"rendered":"<p><strong>Grille semi-ronde en fonte Tools4Grill : id\u00e9ale pour marquer les grillades et assurer un contr\u00f4le optimal de la chaleur.<\/strong><\/p>\n<p>Cette grille semi-circulaire Tools4Grill, robuste et fabriqu\u00e9e en fonte de haute qualit\u00e9, assure une excellente conduction de la chaleur et une temp\u00e9rature constante sur toute sa surface. Gr\u00e2ce \u00e0 cette r\u00e9partition uniforme de la chaleur, vous obtiendrez de belles et profondes marques de grillade sur vos viandes, poissons et l\u00e9gumes \u2013 le r\u00e9sultat r\u00eav\u00e9 par tout amateur de barbecue. <\/p>\n<p>Conception et dimensions<br \/>Avec ses dimensions de 51,5 x 25,5 cm, cette grille semi-circulaire est id\u00e9ale pour les barbecues Kamado et offre une grande flexibilit\u00e9 de cuisson. Son format r\u00e9duit permet de cr\u00e9er facilement diff\u00e9rentes zones de cuisson sur votre barbecue, vous permettant ainsi de griller et de mijoter simultan\u00e9ment. <\/p>\n<p>Excellente r\u00e9tention de chaleur<br \/>La fonte assure une absorption rapide et une r\u00e9tention durable de la chaleur, garantissant une cuisson homog\u00e8ne et des r\u00e9sultats constants. Gr\u00e2ce \u00e0 son excellente gestion de la chaleur, cette grille est id\u00e9ale pour la pr\u00e9paration de plats exigeant pr\u00e9cision et contr\u00f4le de la temp\u00e9rature. <\/p>\n<p>S\u00fbre et facile d&rsquo;utilisation<br \/>Cette grille en fonte est facile \u00e0 manipuler gr\u00e2ce \u00e0 la pince en fonte Tools4Grill (vendue s\u00e9par\u00e9ment, r\u00e9f\u00e9rence : 8720648180774). Cette pince vous permet de retirer la grille chaude de votre barbecue en toute s\u00e9curit\u00e9 et sans effort. <\/p>\n<p><strong>Caract\u00e9ristiques principales :<\/strong><\/p>\n<ul>\n<li>Fabriqu\u00e9 en fonte durable pour une excellente conduction et r\u00e9tention de la chaleur.<\/li>\n<li>Conception semi-circulaire (51,5 x 25,5 cm) pour des grillades polyvalentes<\/li>\n<li>Cr\u00e9e les marques de grill embl\u00e9matiques sur vos plats<\/li>\n<li>Facile et s\u00fbre \u00e0 manipuler gr\u00e2ce \u00e0 la pince en fonte Tools4Grill<\/li>\n<\/ul>\n<p>Passez \u00e0 la vitesse sup\u00e9rieure en mati\u00e8re de barbecue avec la grille semi-circulaire en fonte de Tools4Grill et savourez des grillades parfaites avec n&rsquo;importe quel barbecue.<\/p>\n<p>&nbsp;<\/p>\n<p>Ces grilles en fonte sont tr\u00e8s faciles \u00e0 manipuler gr\u00e2ce \u00e0 notre pince sp\u00e9ciale fonte, ce qui vous permet de retirer en toute s\u00e9curit\u00e9 m\u00eame les grilles chaudes de votre barbecue. Elle peut \u00eatre command\u00e9e s\u00e9par\u00e9ment ; voir la r\u00e9f\u00e9rence : 8720648180774 <\/p>\n<p>Notre pince \u00e0 grille en fonte est tr\u00e8s pratique pour manipuler les grilles en fonte, permettant de les soulever facilement et en toute s\u00e9curit\u00e9 (m\u00eame chaudes). Vous pouvez la commander s\u00e9par\u00e9ment (r\u00e9f\u00e9rence 8720648180774). <\/p>\n","protected":false},"excerpt":{"rendered":"<p>Grille semi-ronde en fonte Tools4Grill : id\u00e9ale pour marquer les grillades et assurer un contr\u00f4le optimal de la chaleur. Cette grille semi-circulaire Tools4Grill, robuste et fabriqu\u00e9e en fonte de haute qualit\u00e9, assure une excellente conduction de la chaleur et une temp\u00e9rature constante sur toute sa surface. Gr\u00e2ce \u00e0 cette r\u00e9partition uniforme de la chaleur, vous [&hellip;]<\/p>\n","protected":false},"featured_media":984,"comment_status":"open","ping_status":"closed","template":"","meta":{"_et_pb_use_builder":"","_et_pb_old_content":"","_et_gb_content_width":""},"product_brand":[],"product_cat":[187,163],"product_tag":[],"class_list":{"0":"post-226701","1":"product","2":"type-product","3":"status-publish","4":"has-post-thumbnail","6":"product_cat-23-pouces","7":"product_cat-fonte","9":"first","10":"instock","11":"taxable","12":"shipping-taxable","13":"purchasable","14":"product-type-simple"},"_links":{"self":[{"href":"https:\/\/www.tools4grill.nl\/fr\/wp-json\/wp\/v2\/product\/226701","targetHints":{"allow":["GET"]}}],"collection":[{"href":"https:\/\/www.tools4grill.nl\/fr\/wp-json\/wp\/v2\/product"}],"about":[{"href":"https:\/\/www.tools4grill.nl\/fr\/wp-json\/wp\/v2\/types\/product"}],"replies":[{"embeddable":true,"href":"https:\/\/www.tools4grill.nl\/fr\/wp-json\/wp\/v2\/comments?post=226701"}],"wp:featuredmedia":[{"embeddable":true,"href":"https:\/\/www.tools4grill.nl\/fr\/wp-json\/wp\/v2\/media\/984"}],"wp:attachment":[{"href":"https:\/\/www.tools4grill.nl\/fr\/wp-json\/wp\/v2\/media?parent=226701"}],"wp:term":[{"taxonomy":"product_brand","embeddable":true,"href":"https:\/\/www.tools4grill.nl\/fr\/wp-json\/wp\/v2\/product_brand?post=226701"},{"taxonomy":"product_cat","embeddable":true,"href":"https:\/\/www.tools4grill.nl\/fr\/wp-json\/wp\/v2\/product_cat?post=226701"},{"taxonomy":"product_tag","embeddable":true,"href":"https:\/\/www.tools4grill.nl\/fr\/wp-json\/wp\/v2\/product_tag?post=226701"}],"curies":[{"name":"wp","href":"https:\/\/api.w.org\/{rel}","templated":true}]}}