{"id":226698,"date":"2023-07-13T21:41:16","date_gmt":"2023-07-13T19:41:16","guid":{"rendered":"https:\/\/www.tools4grill.nl\/product\/half-moon-deflector-plates-38-cm-set-a-2-stuks-23-inch-kamado\/"},"modified":"2023-07-13T21:41:16","modified_gmt":"2023-07-13T19:41:16","slug":"half-moon-deflector-plates-38-cm-set-a-2-stuks-23-inch-kamado","status":"publish","type":"product","link":"https:\/\/www.tools4grill.nl\/fr\/produit\/half-moon-deflector-plates-38-cm-set-a-2-stuks-23-inch-kamado\/","title":{"rendered":"half moon deflector plates 38 cm set a 2 stuks 23 inch kamado"},"content":{"rendered":"<p><strong>Plaques d\u00e9flectrices demi-lune pour Kamado &#8211; Id\u00e9ales pour une cuisson indirecte et contr\u00f4l\u00e9e<\/strong><\/p>\n<p>Ces plaques d\u00e9flectrices en demi-lune sont sp\u00e9cialement con\u00e7ues pour \u00eatre utilis\u00e9es avec un d\u00e9flecteur de chaleur ou un syst\u00e8me Divide &amp; Conquer, vous offrant une flexibilit\u00e9 optimale pour la cuisson au Kamado. Gr\u00e2ce \u00e0 elles, vous pouvez facilement passer d&rsquo;une cuisson directe \u00e0 une cuisson indirecte, en choisissant d&rsquo;appliquer la chaleur directe sur un seul c\u00f4t\u00e9 de votre Kamado. Vous pouvez ainsi pr\u00e9parer simultan\u00e9ment diff\u00e9rents plats.  <\/p>\n<p>Utilisez une plaque d\u00e9flectrice en demi-lune pour prot\u00e9ger un c\u00f4t\u00e9 de votre Kamado de la chaleur, tandis que l&rsquo;autre c\u00f4t\u00e9 permet de r\u00e9aliser de parfaites marques de grillade sur votre viande ou vos l\u00e9gumes. C&rsquo;est id\u00e9al, par exemple, pour saisir un steak juteux d&rsquo;un c\u00f4t\u00e9 et le laisser cuire lentement de l&rsquo;autre, sans chaleur excessive. Ce syst\u00e8me est \u00e9galement excellent pour pr\u00e9parer simultan\u00e9ment plusieurs plats \u00e0 diff\u00e9rentes temp\u00e9ratures et avec diff\u00e9rentes techniques de cuisson, comme griller un plat de l\u00e9gumes et un morceau de viande en m\u00eame temps.  <\/p>\n<p>Ces plaques d\u00e9flectrices permettent une cuisson pr\u00e9cise, id\u00e9ale pour les cuissons lentes, le fumage ou la cuisson indirecte contr\u00f4l\u00e9e. En bref, un accessoire indispensable pour tout amateur de Kamado en qu\u00eate de plus de polyvalence et de praticit\u00e9 au barbecue. <\/p>\n<p>&nbsp;<\/p>\n<p>Cet ensemble de 2 pi\u00e8ces mesure 38x19x1cm.<\/p>\n<p>&nbsp;<\/p>\n<p>Remarque : Ces plaques demi-lune sont en c\u00e9ramique de cordi\u00e9rite, ce qui leur conf\u00e8re une grande r\u00e9sistance aux hautes temp\u00e9ratures et une solidit\u00e9 exceptionnelle. Veillez \u00e0 les pr\u00e9chauffer en m\u00eame temps que le Kamado d\u00e8s l\u2019allumage. Si elles sont plac\u00e9es dans un Kamado d\u00e9j\u00e0 chaud, le choc thermique risque de provoquer des fissures.  <\/p>\n<p>Ne nettoyez jamais les assiettes demi-lune \u00e0 l&rsquo;eau. La c\u00e9ramique peut absorber l&rsquo;eau, ce qui peut l&rsquo;endommager. <\/p>\n","protected":false},"excerpt":{"rendered":"<p>Plaques d\u00e9flectrices demi-lune pour Kamado &#8211; Id\u00e9ales pour une cuisson indirecte et contr\u00f4l\u00e9e Ces plaques d\u00e9flectrices en demi-lune sont sp\u00e9cialement con\u00e7ues pour \u00eatre utilis\u00e9es avec un d\u00e9flecteur de chaleur ou un syst\u00e8me Divide &amp; Conquer, vous offrant une flexibilit\u00e9 optimale pour la cuisson au Kamado. Gr\u00e2ce \u00e0 elles, vous pouvez facilement passer d&rsquo;une cuisson directe [&hellip;]<\/p>\n","protected":false},"featured_media":223502,"comment_status":"open","ping_status":"closed","template":"","meta":{"_et_pb_use_builder":"","_et_pb_old_content":"","_et_gb_content_width":""},"product_brand":[],"product_cat":[187,157],"product_tag":[],"class_list":{"0":"post-226698","1":"product","2":"type-product","3":"status-publish","4":"has-post-thumbnail","6":"product_cat-23-pouces","7":"product_cat-deflecteurs-de-chaleur","9":"first","10":"instock","11":"taxable","12":"shipping-taxable","13":"purchasable","14":"product-type-simple"},"_links":{"self":[{"href":"https:\/\/www.tools4grill.nl\/fr\/wp-json\/wp\/v2\/product\/226698","targetHints":{"allow":["GET"]}}],"collection":[{"href":"https:\/\/www.tools4grill.nl\/fr\/wp-json\/wp\/v2\/product"}],"about":[{"href":"https:\/\/www.tools4grill.nl\/fr\/wp-json\/wp\/v2\/types\/product"}],"replies":[{"embeddable":true,"href":"https:\/\/www.tools4grill.nl\/fr\/wp-json\/wp\/v2\/comments?post=226698"}],"wp:featuredmedia":[{"embeddable":true,"href":"https:\/\/www.tools4grill.nl\/fr\/wp-json\/wp\/v2\/media\/223502"}],"wp:attachment":[{"href":"https:\/\/www.tools4grill.nl\/fr\/wp-json\/wp\/v2\/media?parent=226698"}],"wp:term":[{"taxonomy":"product_brand","embeddable":true,"href":"https:\/\/www.tools4grill.nl\/fr\/wp-json\/wp\/v2\/product_brand?post=226698"},{"taxonomy":"product_cat","embeddable":true,"href":"https:\/\/www.tools4grill.nl\/fr\/wp-json\/wp\/v2\/product_cat?post=226698"},{"taxonomy":"product_tag","embeddable":true,"href":"https:\/\/www.tools4grill.nl\/fr\/wp-json\/wp\/v2\/product_tag?post=226698"}],"curies":[{"name":"wp","href":"https:\/\/api.w.org\/{rel}","templated":true}]}}