{"id":226695,"date":"2023-07-13T21:38:27","date_gmt":"2023-07-13T19:38:27","guid":{"rendered":"https:\/\/www.tools4grill.nl\/product\/gants-resistants-a-la-chaleur\/"},"modified":"2023-07-13T21:38:27","modified_gmt":"2023-07-13T19:38:27","slug":"gants-resistants-a-la-chaleur","status":"publish","type":"product","link":"https:\/\/www.tools4grill.nl\/fr\/produit\/gants-resistants-a-la-chaleur\/","title":{"rendered":"Gants r\u00e9sistants \u00e0 la chaleur"},"content":{"rendered":"<div class=\"flex-1 overflow-hidden\">\n<div class=\"react-scroll-to-bottom--css-gqwes-79elbk h-full dark:bg-gray-800\">\n<div class=\"react-scroll-to-bottom--css-gqwes-1n7m0yu\">\n<div class=\"flex flex-col text-sm dark:bg-gray-800\">\n<div class=\"group final-completion w-full text-token-text-primary border-b border-black\/10 gizmo:border-0 dark:border-gray-900\/50 gizmo:dark:border-0 bg-gray-50 gizmo:bg-transparent dark:bg-[#444654] gizmo:dark:bg-transparent\" data-testid=\"conversation-turn-7\">\n<div class=\"p-4 justify-center text-base md:gap-6 md:py-6 m-auto\">\n<div class=\"flex flex-1 gap-4 text-base mx-auto md:gap-6 gizmo:gap-3 gizmo:md:px-5 gizmo:lg:px-1 gizmo:xl:px-5 md:max-w-2xl lg:max-w-[38rem] gizmo:md:max-w-3xl gizmo:lg:max-w-[40rem] gizmo:xl:max-w-[48rem] xl:max-w-3xl }\">\n<div class=\"flex-shrink-0 flex flex-col relative items-end\">\n<div class=\"text-xs flex items-center justify-center gap-1 absolute left-0 top-2 -ml-4 -translate-x-full gizmo:top-1 gizmo:-ml-6 group:hover-visible visible\"><button class=\"dark:text-white disabled:text-gray-300 dark:disabled:text-gray-400\" disabled><\/button>Ces gants r\u00e9sistants \u00e0 la chaleur Tools4Grill sont indispensables pour manipuler les objets chauds et prot\u00e9ger vos mains et vos poignets des temp\u00e9ratures \u00e9lev\u00e9es souvent rencontr\u00e9es lors des grillades et de la cuisson. Ils offrent non seulement s\u00e9curit\u00e9, mais aussi un confort et une flexibilit\u00e9 accrus lors de la pr\u00e9paration des repas. <\/div>\n<\/div>\n<div class=\"relative flex w-[calc(100%-50px)] flex-col gizmo:w-full lg:w-[calc(100%-115px)] agent-turn\">\n<div class=\"flex-col gap-1 md:gap-3\">\n<div class=\"flex flex-grow flex-col gap-3 max-w-full\">\n<div class=\"min-h-[20px] flex flex-col items-start gap-3 whitespace-pre-wrap break-words overflow-x-auto\">\n<div class=\"markdown prose w-full break-words dark:prose-invert light\">\n<ol>\n<li>Mat\u00e9riau et densit\u00e9 : Les gants sont fabriqu\u00e9s \u00e0 partir de mat\u00e9riaux haute densit\u00e9, ce qui signifie qu\u2019ils r\u00e9sistent aux hautes temp\u00e9ratures et aux coupures.<\/li>\n<li>Couche de silicone antid\u00e9rapante : La surface des gants est recouverte d\u2019une couche de silicone antid\u00e9rapante, qui assure une bonne adh\u00e9rence, m\u00eame \u00e0 haute temp\u00e9rature.<\/li>\n<li>Facilit\u00e9 d&rsquo;utilisation : Ces gants sont stables et con\u00e7us pour une utilisation avec des ustensiles de cuisine tels que pinces, plaques de cuisson, fours et autres outils. Leur conception ergonomique et leur flexibilit\u00e9 offrent une grande libert\u00e9 de mouvement aux doigts. <\/li>\n<li>Protection des poignets : Avec une longueur de 34 cm, ces gants offrent une protection \u00e0 vos poignets, vous permettant d&rsquo;atteindre le fond des fours ou des barbecues sans vous soucier des hautes temp\u00e9ratures.<\/li>\n<li>Conception double face : Ces gants sont dot\u00e9s d&rsquo;une conception double face avec du silicone des deux c\u00f4t\u00e9s, ce qui signifie qu&rsquo;ils conviennent aussi bien \u00e0 la main gauche qu&rsquo;\u00e0 la main droite.<\/li>\n<li>Couche int\u00e9rieure : La couche int\u00e9rieure des gants est compos\u00e9e de polyester-coton et offre une bonne absorption de la transpiration, une prise en main confortable et est douce pour la peau.<\/li>\n<li>R\u00e9sistance \u00e0 la chaleur : Les gants sont r\u00e9sistants \u00e0 la chaleur et peuvent supporter diff\u00e9rentes temp\u00e9ratures pendant des dur\u00e9es variables.\n<ul>\n<li>Tot 100 graden Celsius voor 55 tot 68 seconden.<\/li>\n<li>Tot 250 graden Celsius voor 21 tot 23 seconden.<\/li>\n<li>Jusqu&rsquo;\u00e0 350 degr\u00e9s Celsius pendant 16 \u00e0 18 secondes.<\/li>\n<li>Jusqu&rsquo;\u00e0 500 degr\u00e9s Celsius pendant 12 \u00e0 15 secondes.<\/li>\n<li>Jusqu&rsquo;\u00e0 800 degr\u00e9s Celsius pendant 7 \u00e0 10 secondes.<\/li>\n<\/ul>\n<\/li>\n<\/ol>\n<p>Ces gants semblent parfaitement adapt\u00e9s \u00e0 une utilisation en cuisine, pour les barbecues et pour d&rsquo;autres applications culinaires n\u00e9cessitant une protection contre la chaleur et une bonne adh\u00e9rence.<\/p>\n<\/div>\n<\/div>\n<\/div>\n<\/div>\n<\/div>\n<\/div>\n<\/div>\n<\/div>\n<\/div>\n<\/div>\n<\/div>\n<\/div>\n","protected":false},"excerpt":{"rendered":"<p>Ces gants r\u00e9sistants \u00e0 la chaleur Tools4Grill sont indispensables pour manipuler les objets chauds et prot\u00e9ger vos mains et vos poignets des temp\u00e9ratures \u00e9lev\u00e9es souvent rencontr\u00e9es lors des grillades et de la cuisson. Ils offrent non seulement s\u00e9curit\u00e9, mais aussi un confort et une flexibilit\u00e9 accrus lors de la pr\u00e9paration des repas. Mat\u00e9riau et densit\u00e9 [&hellip;]<\/p>\n","protected":false},"featured_media":223500,"comment_status":"open","ping_status":"closed","template":"","meta":{"_et_pb_use_builder":"","_et_pb_old_content":"","_et_gb_content_width":""},"product_brand":[],"product_cat":[186,185,189,188,131,187,141,183,111],"product_tag":[],"class_list":{"0":"post-226695","1":"product","2":"type-product","3":"status-publish","4":"has-post-thumbnail","6":"product_cat-15-16-pouces","7":"product_cat-15-pouces","8":"product_cat-18-pouces","9":"product_cat-20-pouces","10":"product_cat-21-pouces","11":"product_cat-23-pouces","12":"product_cat-accessoires-de-cuisine","13":"product_cat-accessoires-par-taille","14":"product_cat-autre","16":"first","17":"instock","18":"taxable","19":"shipping-taxable","20":"purchasable","21":"product-type-simple"},"_links":{"self":[{"href":"https:\/\/www.tools4grill.nl\/fr\/wp-json\/wp\/v2\/product\/226695","targetHints":{"allow":["GET"]}}],"collection":[{"href":"https:\/\/www.tools4grill.nl\/fr\/wp-json\/wp\/v2\/product"}],"about":[{"href":"https:\/\/www.tools4grill.nl\/fr\/wp-json\/wp\/v2\/types\/product"}],"replies":[{"embeddable":true,"href":"https:\/\/www.tools4grill.nl\/fr\/wp-json\/wp\/v2\/comments?post=226695"}],"wp:featuredmedia":[{"embeddable":true,"href":"https:\/\/www.tools4grill.nl\/fr\/wp-json\/wp\/v2\/media\/223500"}],"wp:attachment":[{"href":"https:\/\/www.tools4grill.nl\/fr\/wp-json\/wp\/v2\/media?parent=226695"}],"wp:term":[{"taxonomy":"product_brand","embeddable":true,"href":"https:\/\/www.tools4grill.nl\/fr\/wp-json\/wp\/v2\/product_brand?post=226695"},{"taxonomy":"product_cat","embeddable":true,"href":"https:\/\/www.tools4grill.nl\/fr\/wp-json\/wp\/v2\/product_cat?post=226695"},{"taxonomy":"product_tag","embeddable":true,"href":"https:\/\/www.tools4grill.nl\/fr\/wp-json\/wp\/v2\/product_tag?post=226695"}],"curies":[{"name":"wp","href":"https:\/\/api.w.org\/{rel}","templated":true}]}}