{"id":226684,"date":"2022-10-06T21:58:55","date_gmt":"2022-10-06T19:58:55","guid":{"rendered":"https:\/\/www.tools4grill.nl\/product\/aiguiseur-de-couteaux-5-en-1\/"},"modified":"2022-10-06T21:58:55","modified_gmt":"2022-10-06T19:58:55","slug":"aiguiseur-de-couteaux-5-en-1","status":"publish","type":"product","link":"https:\/\/www.tools4grill.nl\/fr\/produit\/aiguiseur-de-couteaux-5-en-1\/","title":{"rendered":"Aiguiseur de couteaux 5 en 1"},"content":{"rendered":"<p>Avec cet aff\u00fbteur Tools4Grill, gardez vos couteaux et ciseaux bien aiguis\u00e9s en toute simplicit\u00e9. Son syst\u00e8me en 3 \u00e9tapes commence par une fente \u00e0 barre diamant\u00e9e qui r\u00e9pare et redresse en douceur les lames ab\u00eem\u00e9es. Il convient m\u00eame aux couteaux en c\u00e9ramique ! Ensuite, l&rsquo;acier au tungst\u00e8ne assure un d\u00e9grossissage qui redonne \u00e0 la lame sa forme en V, avant que la 3e fente ne produise un polissage impeccable.  <\/p>\n<p>Je kan met onze messen slijper keukenmessen, zakjachtmessen en messen van elke grootte, vorm of stijl scherpen.<\/p>\n<p>Design haut de gamme<br \/>La poign\u00e9e en caoutchouc est confortable \u00e0 utiliser et le design moderne s&rsquo;harmonise avec toutes les cuisines.<\/p>\n<p>Aff\u00fbteur de couteaux en 4 \u00e9tapes<br \/>Cet aff\u00fbteur utilise un processus en 4 \u00e9tapes pour aff\u00fbter rapidement vos couteaux en seulement 3 ou 4 passages, sans que vous ayez \u00e0 vous soucier de l&rsquo;angle correct.<\/p>\n<p>\u00c9vitez les coupures accidentelles.<br \/>\nL&rsquo;aiguiseur de couteaux de cuisine est dot\u00e9 d&rsquo;une base en caoutchouc pour une stabilit\u00e9 optimale et d&rsquo;un long manche pour maintenir votre main \u00e0 distance de la lame. Un gant de s\u00e9curit\u00e9 est \u00e9galement inclus. <\/p>\n<p>Caract\u00e9ristiques<br \/>&#8211; Tranchant exceptionnel, id\u00e9al pour tous types de couteaux<\/p>\n<p>&#8211; Poign\u00e9e ergonomique<\/p>\n<p>&#8211; Base antid\u00e9rapante pour une meilleure stabilit\u00e9 pendant le meulage<\/p>\n<p>&#8211; Fabriqu\u00e9 en plastique ABS solide, robuste et durable.<br \/>\n<strong> <\/strong><\/p>\n","protected":false},"excerpt":{"rendered":"<p>Avec cet aff\u00fbteur Tools4Grill, gardez vos couteaux et ciseaux bien aiguis\u00e9s en toute simplicit\u00e9. Son syst\u00e8me en 3 \u00e9tapes commence par une fente \u00e0 barre diamant\u00e9e qui r\u00e9pare et redresse en douceur les lames ab\u00eem\u00e9es. Il convient m\u00eame aux couteaux en c\u00e9ramique ! Ensuite, l&rsquo;acier au tungst\u00e8ne assure un d\u00e9grossissage qui redonne \u00e0 la lame [&hellip;]<\/p>\n","protected":false},"featured_media":1017,"comment_status":"open","ping_status":"closed","template":"","meta":{"_et_pb_use_builder":"","_et_pb_old_content":"","_et_gb_content_width":""},"product_brand":[],"product_cat":[141,111],"product_tag":[294,291,293,290,292],"class_list":{"0":"post-226684","1":"product","2":"type-product","3":"status-publish","4":"has-post-thumbnail","6":"product_cat-accessoires-de-cuisine","7":"product_cat-autre","8":"product_tag-auplex","9":"product_tag-grill-guru","10":"product_tag-kamado-joe","11":"product_tag-the-basterd","12":"product_tag-the-real-egg","14":"first","15":"instock","16":"taxable","17":"shipping-taxable","18":"purchasable","19":"product-type-simple"},"_links":{"self":[{"href":"https:\/\/www.tools4grill.nl\/fr\/wp-json\/wp\/v2\/product\/226684","targetHints":{"allow":["GET"]}}],"collection":[{"href":"https:\/\/www.tools4grill.nl\/fr\/wp-json\/wp\/v2\/product"}],"about":[{"href":"https:\/\/www.tools4grill.nl\/fr\/wp-json\/wp\/v2\/types\/product"}],"replies":[{"embeddable":true,"href":"https:\/\/www.tools4grill.nl\/fr\/wp-json\/wp\/v2\/comments?post=226684"}],"wp:featuredmedia":[{"embeddable":true,"href":"https:\/\/www.tools4grill.nl\/fr\/wp-json\/wp\/v2\/media\/1017"}],"wp:attachment":[{"href":"https:\/\/www.tools4grill.nl\/fr\/wp-json\/wp\/v2\/media?parent=226684"}],"wp:term":[{"taxonomy":"product_brand","embeddable":true,"href":"https:\/\/www.tools4grill.nl\/fr\/wp-json\/wp\/v2\/product_brand?post=226684"},{"taxonomy":"product_cat","embeddable":true,"href":"https:\/\/www.tools4grill.nl\/fr\/wp-json\/wp\/v2\/product_cat?post=226684"},{"taxonomy":"product_tag","embeddable":true,"href":"https:\/\/www.tools4grill.nl\/fr\/wp-json\/wp\/v2\/product_tag?post=226684"}],"curies":[{"name":"wp","href":"https:\/\/api.w.org\/{rel}","templated":true}]}}