{"id":226664,"date":"2022-09-10T15:22:27","date_gmt":"2022-09-10T13:22:27","guid":{"rendered":"https:\/\/www.tools4grill.nl\/product\/grille-en-fonte-53-cm\/"},"modified":"2022-09-10T15:22:27","modified_gmt":"2022-09-10T13:22:27","slug":"grille-en-fonte-53-cm","status":"publish","type":"product","link":"https:\/\/www.tools4grill.nl\/fr\/produit\/grille-en-fonte-53-cm\/","title":{"rendered":"Grille en fonte 53 cm"},"content":{"rendered":"<p><strong>Grilles rondes en fonte Tools4Grill : durables et parfaites pour marquer les grillades<\/strong><\/p>\n<p>Les grilles rondes en fonte Tools4Grill sont id\u00e9ales pour tous ceux qui recherchent des r\u00e9sultats de grillade parfaits au barbecue. Fabriqu\u00e9es en fonte de haute qualit\u00e9, ces grilles assurent une r\u00e9partition et une r\u00e9tention optimales de la chaleur, permettant une cuisson homog\u00e8ne de vos aliments. Leur mat\u00e9riau robuste garantit de belles marques de grillade profondes, pour des plats dignes d&rsquo;un professionnel.  <\/p>\n<p>Tailles disponibles Ces grilles rondes sont disponibles dans les tailles suivantes :<\/p>\n<ul>\n<li>33 cm<\/li>\n<li>39 cm<\/li>\n<li>45 cm<\/li>\n<li>51 cm<\/li>\n<li>53 cm<\/li>\n<\/ul>\n<p>Cela les rend compatibles avec des barbecues Kamado et autres grils de diff\u00e9rentes tailles.<\/p>\n<p><strong>Voordelen van Gietijzer<\/strong> Dankzij de uitstekende warmtebehoud van gietijzer blijven deze roosters langer heet, wat zorgt voor een constantere temperatuur tijdens het grillen. Hierdoor kun je niet alleen je vlees, vis en groenten perfect bereiden, maar ook andere grilltechnieken zoals slow cooking toepassen. <\/p>\n<p>S\u00fbr et facile \u00e0 utiliser Utilisez la pince \u00e0 barbecue en fonte Tools4Grill pour manipuler en toute s\u00e9curit\u00e9 et facilement ces grilles lourdes et chaudes (vendues s\u00e9par\u00e9ment).<\/p>\n<p><strong>Caract\u00e9ristiques principales :<\/strong><\/p>\n<ul>\n<li>Construction en fonte de haute qualit\u00e9 pour une conduction thermique optimale<\/li>\n<li>Cr\u00e9e des marques de grill profondes et embl\u00e9matiques<\/li>\n<li>Disponible en 33, 39, 45, 51 et 53 cm<\/li>\n<li>Universeel geschikt voor alle Kamado BBQ\u2019s en andere grills<\/li>\n<li>Manipulation s\u00fbre avec la pince \u00e0 barbecue Tools4Grill<\/li>\n<\/ul>\n<p>Am\u00e9liorez votre exp\u00e9rience de barbecue avec les grilles rondes en fonte Tools4Grill et tirez le meilleur parti de vos talents de grillardin !<\/p>\n<p>D&rsquo;un diam\u00e8tre de 53 cm, elle convient aux kamados de 24 pouces. La grille se compose d&rsquo;un anneau ext\u00e9rieur et de 4 grilles amovibles. <\/p>\n<p>&nbsp;<\/p>\n<p>Ces grilles en fonte sont tr\u00e8s faciles \u00e0 manipuler gr\u00e2ce \u00e0 notre pince sp\u00e9ciale fonte, ce qui vous permet de retirer en toute s\u00e9curit\u00e9 m\u00eame les grilles chaudes de votre barbecue. Elle peut \u00eatre command\u00e9e s\u00e9par\u00e9ment ; voir la r\u00e9f\u00e9rence : 8720648180774 <\/p>\n<p>&nbsp;<\/p>\n<p>Nos accessoires sont universellement compatibles avec toutes les grandes marques telles que Big Green Egg, The Basterd, Grill Guru, The Real Egg, Kamado Joe, Auplex, etc.<\/p>\n","protected":false},"excerpt":{"rendered":"<p>Grilles rondes en fonte Tools4Grill : durables et parfaites pour marquer les grillades Les grilles rondes en fonte Tools4Grill sont id\u00e9ales pour tous ceux qui recherchent des r\u00e9sultats de grillade parfaits au barbecue. Fabriqu\u00e9es en fonte de haute qualit\u00e9, ces grilles assurent une r\u00e9partition et une r\u00e9tention optimales de la chaleur, permettant une cuisson homog\u00e8ne [&hellip;]<\/p>\n","protected":false},"featured_media":977,"comment_status":"open","ping_status":"closed","template":"","meta":{"_et_pb_use_builder":"","_et_pb_old_content":"","_et_gb_content_width":""},"product_brand":[],"product_cat":[163],"product_tag":[244,331,294,291,293,290,292],"class_list":{"0":"post-226664","1":"product","2":"type-product","3":"status-publish","4":"has-post-thumbnail","6":"product_cat-fonte","7":"product_tag-24-pouces","8":"product_tag-53-cm","9":"product_tag-auplex","10":"product_tag-grill-guru","11":"product_tag-kamado-joe","12":"product_tag-the-basterd","13":"product_tag-the-real-egg","15":"first","16":"outofstock","17":"taxable","18":"shipping-taxable","19":"purchasable","20":"product-type-simple"},"_links":{"self":[{"href":"https:\/\/www.tools4grill.nl\/fr\/wp-json\/wp\/v2\/product\/226664","targetHints":{"allow":["GET"]}}],"collection":[{"href":"https:\/\/www.tools4grill.nl\/fr\/wp-json\/wp\/v2\/product"}],"about":[{"href":"https:\/\/www.tools4grill.nl\/fr\/wp-json\/wp\/v2\/types\/product"}],"replies":[{"embeddable":true,"href":"https:\/\/www.tools4grill.nl\/fr\/wp-json\/wp\/v2\/comments?post=226664"}],"wp:featuredmedia":[{"embeddable":true,"href":"https:\/\/www.tools4grill.nl\/fr\/wp-json\/wp\/v2\/media\/977"}],"wp:attachment":[{"href":"https:\/\/www.tools4grill.nl\/fr\/wp-json\/wp\/v2\/media?parent=226664"}],"wp:term":[{"taxonomy":"product_brand","embeddable":true,"href":"https:\/\/www.tools4grill.nl\/fr\/wp-json\/wp\/v2\/product_brand?post=226664"},{"taxonomy":"product_cat","embeddable":true,"href":"https:\/\/www.tools4grill.nl\/fr\/wp-json\/wp\/v2\/product_cat?post=226664"},{"taxonomy":"product_tag","embeddable":true,"href":"https:\/\/www.tools4grill.nl\/fr\/wp-json\/wp\/v2\/product_tag?post=226664"}],"curies":[{"name":"wp","href":"https:\/\/api.w.org\/{rel}","templated":true}]}}