{"id":226642,"date":"2026-03-21T08:18:52","date_gmt":"2026-03-21T07:18:52","guid":{"rendered":"https:\/\/www.tools4grill.nl\/product\/poele-en-fonte-tools4grill-195-cm\/"},"modified":"2026-03-21T08:18:52","modified_gmt":"2026-03-21T07:18:52","slug":"poele-en-fonte-tools4grill-195-cm","status":"publish","type":"product","link":"https:\/\/www.tools4grill.nl\/fr\/produit\/poele-en-fonte-tools4grill-195-cm\/","title":{"rendered":"Po\u00eale en fonte Tools4Grill \u2013 19,5 cm"},"content":{"rendered":"<p>Po\u00eale en fonte Tools4Grill \u2013 19,5 cm \u2013 Polyvalente \u2013 Pour barbecue, four, gaz, induction et feu de camp<\/p>\n<p>La po\u00eale en fonte Tools4Grill de 19,5 cm est compacte et performante, compatible avec la plupart des sources de chaleur. Gr\u00e2ce \u00e0 sa mati\u00e8re en fonte durable, elle conserve parfaitement la chaleur et la diffuse uniform\u00e9ment. Id\u00e9ale pour une utilisation au barbecue, au kamado, sur une cuisini\u00e8re \u00e0 gaz, une plaque \u00e0 induction, au four ou m\u00eame sur un feu de camp.  <\/p>\n<p>D&rsquo;un diam\u00e8tre de 19,5 cm et d&rsquo;une longueur totale de 31,5 cm (poign\u00e9e comprise), cette po\u00eale est id\u00e9ale pour faire revenir viandes, poissons, l\u00e9gumes, \u0153ufs ou pommes de terre. Gr\u00e2ce \u00e0 sa robustesse en fonte, vos plats cuiront de fa\u00e7on homog\u00e8ne et savoureuse, pour une cro\u00fbte parfaitement dor\u00e9e. <\/p>\n<p>&nbsp;<\/p>\n<h3>Principaux avantages<\/h3>\n<ul>\n<li>Convient pour le barbecue, le kamado, le gaz, l&rsquo;induction, le four et le feu de camp<\/li>\n<li>Fabriqu\u00e9 en fonte lourde et durable, 1060 grammes<\/li>\n<li>Perfecte warmteverdeling en warmtebehoud<\/li>\n<li>Format compact, id\u00e9al pour les petits plats et les accompagnements.<\/li>\n<li>Poign\u00e9e robuste pour une utilisation en toute s\u00e9curit\u00e9<\/li>\n<\/ul>\n<h3>Dimensions<\/h3>\n<ul>\n<li>Diam\u00e8tre de la po\u00eale : 19,5 cm<\/li>\n<li>Longueur totale, tige comprise : 31,5 cm<\/li>\n<li>Mat\u00e9riau : fonte<\/li>\n<li>Marque : Tools4Grill<\/li>\n<\/ul>\n<h3>Parfait pour<\/h3>\n<ul>\n<li>Barbecue Kamado<\/li>\n<li>Grill \/ barbecue<\/li>\n<li>cuisini\u00e8re \u00e0 gaz<\/li>\n<li>Plaque \u00e0 induction<\/li>\n<li>Four<\/li>\n<li>feu de camp \/ cuisine en plein air<\/li>\n<\/ul>\n<p>Avec Tools4Grill, vous choisissez la qualit\u00e9, la durabilit\u00e9 et la polyvalence.<\/p>\n","protected":false},"excerpt":{"rendered":"<p><img decoding=\"async\" class=\"alignnone size-medium wp-image-226243\" src=\"https:\/\/www.tools4grill.nl\/wp-content\/uploads\/2026\/03\/PHOTO-2026-03-19-15-56-48-1-300x200.jpg\" alt=\"\" width=\"300\" height=\"200\"> <img decoding=\"async\" class=\"alignnone size-medium wp-image-226246\" src=\"https:\/\/www.tools4grill.nl\/wp-content\/uploads\/2026\/03\/PHOTO-2026-03-19-15-56-49-1-300x200.jpg\" alt=\"\" width=\"300\" height=\"200\"> <img decoding=\"async\" class=\"alignnone size-medium wp-image-226247\" src=\"https:\/\/www.tools4grill.nl\/wp-content\/uploads\/2026\/03\/PHOTO-2026-03-19-15-56-49-300x200.jpg\" alt=\"\" width=\"300\" height=\"200\"> <img decoding=\"async\" class=\"alignnone size-medium wp-image-226248\" src=\"https:\/\/www.tools4grill.nl\/wp-content\/uploads\/2026\/03\/steelpan-300x300.jpg\" alt=\"\" width=\"300\" height=\"300\"> <img decoding=\"async\" class=\"alignnone size-medium wp-image-226249\" src=\"https:\/\/www.tools4grill.nl\/wp-content\/uploads\/2026\/03\/steelpan2-1-300x300.jpg\" alt=\"\" width=\"300\" height=\"300\"> <img decoding=\"async\" class=\"alignnone size-medium wp-image-226250\" src=\"https:\/\/www.tools4grill.nl\/wp-content\/uploads\/2026\/03\/steelpan4-300x300.jpg\" alt=\"\" width=\"300\" height=\"300\"><\/p>\n","protected":false},"featured_media":226232,"comment_status":"open","ping_status":"closed","template":"","meta":{"_et_pb_use_builder":"","_et_pb_old_content":"","_et_gb_content_width":""},"product_brand":[],"product_cat":[186,189,188,131,187,163],"product_tag":[],"class_list":{"0":"post-226642","1":"product","2":"type-product","3":"status-publish","4":"has-post-thumbnail","6":"product_cat-15-16-pouces","7":"product_cat-18-pouces","8":"product_cat-20-pouces","9":"product_cat-21-pouces","10":"product_cat-23-pouces","11":"product_cat-fonte","13":"first","14":"instock","15":"taxable","16":"shipping-taxable","17":"product-type-simple"},"_links":{"self":[{"href":"https:\/\/www.tools4grill.nl\/fr\/wp-json\/wp\/v2\/product\/226642","targetHints":{"allow":["GET"]}}],"collection":[{"href":"https:\/\/www.tools4grill.nl\/fr\/wp-json\/wp\/v2\/product"}],"about":[{"href":"https:\/\/www.tools4grill.nl\/fr\/wp-json\/wp\/v2\/types\/product"}],"replies":[{"embeddable":true,"href":"https:\/\/www.tools4grill.nl\/fr\/wp-json\/wp\/v2\/comments?post=226642"}],"wp:featuredmedia":[{"embeddable":true,"href":"https:\/\/www.tools4grill.nl\/fr\/wp-json\/wp\/v2\/media\/226232"}],"wp:attachment":[{"href":"https:\/\/www.tools4grill.nl\/fr\/wp-json\/wp\/v2\/media?parent=226642"}],"wp:term":[{"taxonomy":"product_brand","embeddable":true,"href":"https:\/\/www.tools4grill.nl\/fr\/wp-json\/wp\/v2\/product_brand?post=226642"},{"taxonomy":"product_cat","embeddable":true,"href":"https:\/\/www.tools4grill.nl\/fr\/wp-json\/wp\/v2\/product_cat?post=226642"},{"taxonomy":"product_tag","embeddable":true,"href":"https:\/\/www.tools4grill.nl\/fr\/wp-json\/wp\/v2\/product_tag?post=226642"}],"curies":[{"name":"wp","href":"https:\/\/api.w.org\/{rel}","templated":true}]}}