{"id":226634,"date":"2026-03-21T08:23:36","date_gmt":"2026-03-21T07:23:36","guid":{"rendered":"https:\/\/www.tools4grill.nl\/product\/poele-en-fonte-255-cm\/"},"modified":"2026-03-21T08:23:36","modified_gmt":"2026-03-21T07:23:36","slug":"poele-en-fonte-255-cm","status":"publish","type":"product","link":"https:\/\/www.tools4grill.nl\/fr\/produit\/poele-en-fonte-255-cm\/","title":{"rendered":"Po\u00eale en fonte 25,5 cm"},"content":{"rendered":"<p>Po\u00eale en fonte Tools4Grill \u2013 25,5 cm \u2013 Polyvalente \u2013 Pour barbecue, four, gaz, induction et feu de camp<\/p>\n<p>La po\u00eale en fonte Tools4Grill de 25,5 cm est une po\u00eale robuste et r\u00e9sistante, adapt\u00e9e \u00e0 presque toutes les sources de chaleur. Gr\u00e2ce \u00e0 son mat\u00e9riau \u00e9pais et durable, elle conserve parfaitement la chaleur et la r\u00e9partit uniform\u00e9ment. Id\u00e9ale pour une utilisation au barbecue, au kamado, sur une cuisini\u00e8re \u00e0 gaz, une plaque \u00e0 induction, au four ou m\u00eame sur un feu de camp.  <\/p>\n<p>D&rsquo;un diam\u00e8tre de 25,5 cm et d&rsquo;une longueur totale de 37 cm (poign\u00e9e comprise), cette po\u00eale est id\u00e9ale pour faire revenir viandes, poissons, l\u00e9gumes, \u0153ufs ou pommes de terre. Gr\u00e2ce \u00e0 sa robustesse en fonte, vos plats cuiront de fa\u00e7on homog\u00e8ne et savoureuse, pour une cro\u00fbte parfaitement dor\u00e9e. <\/p>\n<p>Cette po\u00eale est fabriqu\u00e9e en fonte et p\u00e8se pr\u00e8s de 1900 grammes, ce qui lui assure une excellente stabilit\u00e9, une r\u00e9partition optimale de la chaleur et une longue dur\u00e9e de vie.<\/p>\n<p>&nbsp;<\/p>\n<h3>Principaux avantages<\/h3>\n<ul>\n<li>Convient pour le barbecue, le kamado, le gaz, l&rsquo;induction, le four et le feu de camp<\/li>\n<li>Fabriqu\u00e9 en fonte lourde et durable (\u00b11900 grammes)<\/li>\n<li>R\u00e9partition et r\u00e9tention de chaleur optimales<\/li>\n<li>Qualit\u00e9 tr\u00e8s robuste pour une utilisation intensive<\/li>\n<li>Poign\u00e9e robuste pour une utilisation en toute s\u00e9curit\u00e9<\/li>\n<\/ul>\n<h3>Dimensions<\/h3>\n<ul>\n<li>Diam\u00e8tre de la po\u00eale : 25,5 cm<\/li>\n<li>Longueur totale, tige comprise : 37 cm<\/li>\n<li>Gewicht: \u00b11900 gram<\/li>\n<li>Mat\u00e9riau : fonte<\/li>\n<li>Marque : Tools4Grill<\/li>\n<\/ul>\n<h3>Parfait pour<\/h3>\n<ul>\n<li>Barbecue Kamado<\/li>\n<li>Grill \/ barbecue<\/li>\n<li>cuisini\u00e8re \u00e0 gaz<\/li>\n<li>Plaque \u00e0 induction<\/li>\n<li>Four<\/li>\n<li>feu de camp \/ cuisine en plein air<\/li>\n<\/ul>\n","protected":false},"excerpt":{"rendered":"<p>Po\u00eale en fonte Tools4Grill \u2013 25,5 cm \u2013 Polyvalente \u2013 Pour barbecue, four, gaz, induction et feu de camp La po\u00eale en fonte Tools4Grill de 25,5 cm est une po\u00eale robuste et r\u00e9sistante, adapt\u00e9e \u00e0 presque toutes les sources de chaleur. Gr\u00e2ce \u00e0 son mat\u00e9riau \u00e9pais et durable, elle conserve parfaitement la chaleur et la [&hellip;]<\/p>\n","protected":false},"featured_media":226232,"comment_status":"open","ping_status":"closed","template":"","meta":{"_et_pb_use_builder":"","_et_pb_old_content":"","_et_gb_content_width":""},"product_brand":[],"product_cat":[27],"product_tag":[],"class_list":{"0":"post-226634","1":"product","2":"type-product","3":"status-publish","4":"has-post-thumbnail","6":"product_cat-overig","8":"first","9":"instock","10":"taxable","11":"shipping-taxable","12":"purchasable","13":"product-type-simple"},"_links":{"self":[{"href":"https:\/\/www.tools4grill.nl\/fr\/wp-json\/wp\/v2\/product\/226634","targetHints":{"allow":["GET"]}}],"collection":[{"href":"https:\/\/www.tools4grill.nl\/fr\/wp-json\/wp\/v2\/product"}],"about":[{"href":"https:\/\/www.tools4grill.nl\/fr\/wp-json\/wp\/v2\/types\/product"}],"replies":[{"embeddable":true,"href":"https:\/\/www.tools4grill.nl\/fr\/wp-json\/wp\/v2\/comments?post=226634"}],"wp:featuredmedia":[{"embeddable":true,"href":"https:\/\/www.tools4grill.nl\/fr\/wp-json\/wp\/v2\/media\/226232"}],"wp:attachment":[{"href":"https:\/\/www.tools4grill.nl\/fr\/wp-json\/wp\/v2\/media?parent=226634"}],"wp:term":[{"taxonomy":"product_brand","embeddable":true,"href":"https:\/\/www.tools4grill.nl\/fr\/wp-json\/wp\/v2\/product_brand?post=226634"},{"taxonomy":"product_cat","embeddable":true,"href":"https:\/\/www.tools4grill.nl\/fr\/wp-json\/wp\/v2\/product_cat?post=226634"},{"taxonomy":"product_tag","embeddable":true,"href":"https:\/\/www.tools4grill.nl\/fr\/wp-json\/wp\/v2\/product_tag?post=226634"}],"curies":[{"name":"wp","href":"https:\/\/api.w.org\/{rel}","templated":true}]}}