{"id":226619,"date":"2021-02-11T10:22:26","date_gmt":"2021-02-11T09:22:26","guid":{"rendered":"https:\/\/www.tools4grill.nl\/product\/lot-de-2-ronds-de-24-cm\/"},"modified":"2021-02-11T10:22:26","modified_gmt":"2021-02-11T09:22:26","slug":"lot-de-2-ronds-de-24-cm","status":"publish","type":"product","link":"https:\/\/www.tools4grill.nl\/fr\/produit\/lot-de-2-ronds-de-24-cm\/","title":{"rendered":"Lot de 2 ronds de 24 cm"},"content":{"rendered":"<blockquote><p>Gr\u00e2ce \u00e0 ces 2 tapis de cuisson ronds antiadh\u00e9sifs r\u00e9utilisables, fini les po\u00eales br\u00fbl\u00e9es ! Plus besoin d&rsquo;huile ni de mati\u00e8re grasse pour cuisiner ! Tr\u00e8s faciles \u00e0 nettoyer, ces tapis de cuisson ronds sont parfaits pour faire revenir viandes, \u0153ufs et l\u00e9gumes sans mati\u00e8re grasse. <\/p><\/blockquote>\n<p>Fini les po\u00eales br\u00fbl\u00e9es !<br \/>Gr\u00e2ce \u00e0 ce tapis de cuisson rond, vos po\u00eales resteront impeccables. Ce tapis retient toutes les graisses et les r\u00e9sidus alimentaires : il suffit de le nettoyer ! Vos po\u00eales resteront toujours belles, sans rayures ni taches tenaces.  <\/p>\n<p><b>Cuisinez sans mati\u00e8res grasses !<\/b><br \/>\nGr\u00e2ce \u00e0 ce tapis de cuisson rond, plus besoin d&rsquo;huile ni de mati\u00e8re grasse pour frire ! Vous pouvez faire frire de la viande, du poisson et m\u00eame des \u0153ufs sans une seule goutte d&rsquo;huile ! <\/p>\n<p>Film de cuisson r\u00e9utilisable<br \/>Vous pouvez utiliser ce film de cuisson aussi souvent que vous le souhaitez ; il est id\u00e9al pour un usage quotidien.<\/p>\n<p>Adapt\u00e9 aux hautes temp\u00e9ratures<br \/>La temp\u00e9rature de cuisson moyenne se situe entre 70 et 360 degr\u00e9s. Ce film de cuisson convient \u00e0 des temp\u00e9ratures allant jusqu&rsquo;\u00e0 400 degr\u00e9s Celsius. <\/p>\n<p>Tapis de cuisson rond avec rev\u00eatement antiadh\u00e9sif<br \/>Ce tapis de cuisson rond est dot\u00e9 d&rsquo;un rev\u00eatement antiadh\u00e9sif qui facilite la cuisson de vos aliments. Les aliments n&rsquo;y adh\u00e8rent pas, vous permettant ainsi de pr\u00e9parer tous vos plats sans effort. <\/p>\n<p>Facile \u00e0 nettoyer<br \/>Gr\u00e2ce \u00e0 ses propri\u00e9t\u00e9s antiadh\u00e9sives, ce film de cuisson se nettoie particuli\u00e8rement facilement. R\u00e9utilisable, il se nettoie d&rsquo;un simple coup de chiffon et passe au lave-vaisselle. <\/p>\n<p>Utilisation sans danger<br \/>Ce tapis de cuisson est non toxique et sans danger pour le contact alimentaire. Il est garanti sans PFOA. <\/p>\n<p>Convient aux ustensiles de cuisine en bois, en plastique ou en acier.<br \/>Gr\u00e2ce \u00e0 ce tapis de cuisson rond, vous n&rsquo;avez plus \u00e0 vous soucier du type d&rsquo;ustensiles que vous utilisez. Il prot\u00e8ge votre po\u00eale des rayures, notamment celles caus\u00e9es par une spatule en acier inoxydable. <\/p>\n<p>Utilisable \u00e9galement comme dessous de plat pour g\u00e2teaux et pizzas.<br \/>Ce papier aluminium peut servir de dessous de plat pour d\u00e9mouler facilement les g\u00e2teaux d&rsquo;un moule rond. Il peut \u00e9galement servir de dessous de plat pour la cuisson des pizzas, car il passe au four. Vous pouvez le d\u00e9couper \u00e0 la taille souhait\u00e9e avec des ciseaux.   <\/p>\n<p>Caract\u00e9ristiques :<br \/>\u2713 Mat\u00e9riau : Tissu en fibre de verre enduit de PTFE<br \/>\u2713 Couleur : Noir<br \/>\u2713 Dimensions : Diam\u00e8tre env. 24 cm<br \/>\u2713 \u00c9paisseur : env. 0,12 mm<\/p>\n<p>Avantages :<br \/>\u2713 Cuisson sans huile ni mati\u00e8re grasse<br \/>\n\u2713 Fini les po\u00eales br\u00fbl\u00e9es<br \/>\n\u2713 Prot\u00e8ge vos po\u00eales des rayures<br \/>\n\u2713 Compatible avec les ustensiles de cuisine en bois, en plastique ou en acier inoxydable<br \/>\n\u2713 R\u00e9utilisable \u00e0 l\u2019infini<br \/>\n\u2713 Nettoyage facile d\u2019un simple coup de chiffon<br \/>\n\u2713 Compatible lave-vaisselle<br \/>\n\u2713 Compatible four<br \/>\n\u2713 R\u00e9sistant aux hautes temp\u00e9ratures (jusqu\u2019\u00e0 400 \u00b0C)<br \/>\n\u2713 Non toxique et sans PFOA<\/p>\n<p>Fini les po\u00eales br\u00fbl\u00e9es gr\u00e2ce \u00e0 ce tapis antiadh\u00e9sif ! D\u00e9sormais, plus besoin d&rsquo;huile ni de mati\u00e8re grasse pour cuisiner. Cuisiner n&rsquo;a jamais \u00e9t\u00e9 aussi simple !  <\/p>\n","protected":false},"excerpt":{"rendered":"<p>Gr\u00e2ce \u00e0 ces 2 tapis de cuisson ronds antiadh\u00e9sifs r\u00e9utilisables, fini les po\u00eales br\u00fbl\u00e9es ! Plus besoin d&rsquo;huile ni de mati\u00e8re grasse pour cuisiner ! Tr\u00e8s faciles \u00e0 nettoyer, ces tapis de cuisson ronds sont parfaits pour faire revenir viandes, \u0153ufs et l\u00e9gumes sans mati\u00e8re grasse. Fini les po\u00eales br\u00fbl\u00e9es !Gr\u00e2ce \u00e0 ce tapis de [&hellip;]<\/p>\n","protected":false},"featured_media":338,"comment_status":"open","ping_status":"closed","template":"","meta":{"_et_pb_use_builder":"","_et_pb_old_content":"","_et_gb_content_width":""},"product_brand":[],"product_cat":[175],"product_tag":[229],"class_list":{"0":"post-226619","1":"product","2":"type-product","3":"status-publish","4":"has-post-thumbnail","6":"product_cat-feuilles-antiadhesives","7":"product_tag-24-cm","9":"first","10":"instock","11":"taxable","12":"shipping-taxable","13":"purchasable","14":"product-type-simple"},"_links":{"self":[{"href":"https:\/\/www.tools4grill.nl\/fr\/wp-json\/wp\/v2\/product\/226619","targetHints":{"allow":["GET"]}}],"collection":[{"href":"https:\/\/www.tools4grill.nl\/fr\/wp-json\/wp\/v2\/product"}],"about":[{"href":"https:\/\/www.tools4grill.nl\/fr\/wp-json\/wp\/v2\/types\/product"}],"replies":[{"embeddable":true,"href":"https:\/\/www.tools4grill.nl\/fr\/wp-json\/wp\/v2\/comments?post=226619"}],"wp:featuredmedia":[{"embeddable":true,"href":"https:\/\/www.tools4grill.nl\/fr\/wp-json\/wp\/v2\/media\/338"}],"wp:attachment":[{"href":"https:\/\/www.tools4grill.nl\/fr\/wp-json\/wp\/v2\/media?parent=226619"}],"wp:term":[{"taxonomy":"product_brand","embeddable":true,"href":"https:\/\/www.tools4grill.nl\/fr\/wp-json\/wp\/v2\/product_brand?post=226619"},{"taxonomy":"product_cat","embeddable":true,"href":"https:\/\/www.tools4grill.nl\/fr\/wp-json\/wp\/v2\/product_cat?post=226619"},{"taxonomy":"product_tag","embeddable":true,"href":"https:\/\/www.tools4grill.nl\/fr\/wp-json\/wp\/v2\/product_tag?post=226619"}],"curies":[{"name":"wp","href":"https:\/\/api.w.org\/{rel}","templated":true}]}}