{"id":226618,"date":"2021-02-11T09:18:36","date_gmt":"2021-02-11T08:18:36","guid":{"rendered":"https:\/\/www.tools4grill.nl\/product\/housse-de-barbecue-18-pouces\/"},"modified":"2021-02-11T09:18:36","modified_gmt":"2021-02-11T08:18:36","slug":"housse-de-barbecue-18-pouces","status":"publish","type":"product","link":"https:\/\/www.tools4grill.nl\/fr\/produit\/housse-de-barbecue-18-pouces\/","title":{"rendered":"Housse de barbecue 18 pouces"},"content":{"rendered":"<p>Cette housse Tools4grill prot\u00e8ge votre kamado des intemp\u00e9ries. Elle le pr\u00e9serve non seulement de la pluie et du froid, mais aussi des rayons UV qui peuvent provoquer une d\u00e9coloration.<br \/>Les pi\u00e8ces mobiles comme la charni\u00e8re \u00e0 ressort, la roue \u00e0 marguerite et les tablettes lat\u00e9rales n\u00e9cessitent \u00e9galement une protection. <\/p>\n<p>Les minuscules perforations uniques permettent \u00e0 l&rsquo;humidit\u00e9 et \u00e0 la condensation de s&rsquo;\u00e9vacuer de la housse. Cela emp\u00eache la formation de moisissures sur la housse et sur votre barbecue. L&rsquo;humidit\u00e9 ext\u00e9rieure est naturellement repouss\u00e9e, assurant ainsi une protection optimale de votre barbecue.  <\/p>\n<p>Convient pour un kamado d&rsquo;une dimension ext\u00e9rieure de 18 pouces (+\/- 46 cm)<\/p>\n<p>Cette housse universelle est fabriqu\u00e9e en polyester de haute qualit\u00e9. Diam\u00e8tre 71,5 cm, hauteur 79 cm.<\/p>\n","protected":false},"excerpt":{"rendered":"<p>Cette housse Tools4grill prot\u00e8ge votre kamado des intemp\u00e9ries. Elle le pr\u00e9serve non seulement de la pluie et du froid, mais aussi des rayons UV qui peuvent provoquer une d\u00e9coloration.Les pi\u00e8ces mobiles comme la charni\u00e8re \u00e0 ressort, la roue \u00e0 marguerite et les tablettes lat\u00e9rales n\u00e9cessitent \u00e9galement une protection. Les minuscules perforations uniques permettent \u00e0 l&rsquo;humidit\u00e9 [&hellip;]<\/p>\n","protected":false},"featured_media":224230,"comment_status":"open","ping_status":"closed","template":"","meta":{"_et_pb_use_builder":"","_et_pb_old_content":"","_et_gb_content_width":""},"product_brand":[],"product_cat":[189,172],"product_tag":[242],"class_list":{"0":"post-226618","1":"product","2":"type-product","3":"status-publish","4":"has-post-thumbnail","6":"product_cat-18-pouces","7":"product_cat-housses-de-barbecue","8":"product_tag-18-pouces","10":"first","11":"instock","12":"taxable","13":"shipping-taxable","14":"purchasable","15":"product-type-simple"},"_links":{"self":[{"href":"https:\/\/www.tools4grill.nl\/fr\/wp-json\/wp\/v2\/product\/226618","targetHints":{"allow":["GET"]}}],"collection":[{"href":"https:\/\/www.tools4grill.nl\/fr\/wp-json\/wp\/v2\/product"}],"about":[{"href":"https:\/\/www.tools4grill.nl\/fr\/wp-json\/wp\/v2\/types\/product"}],"replies":[{"embeddable":true,"href":"https:\/\/www.tools4grill.nl\/fr\/wp-json\/wp\/v2\/comments?post=226618"}],"wp:featuredmedia":[{"embeddable":true,"href":"https:\/\/www.tools4grill.nl\/fr\/wp-json\/wp\/v2\/media\/224230"}],"wp:attachment":[{"href":"https:\/\/www.tools4grill.nl\/fr\/wp-json\/wp\/v2\/media?parent=226618"}],"wp:term":[{"taxonomy":"product_brand","embeddable":true,"href":"https:\/\/www.tools4grill.nl\/fr\/wp-json\/wp\/v2\/product_brand?post=226618"},{"taxonomy":"product_cat","embeddable":true,"href":"https:\/\/www.tools4grill.nl\/fr\/wp-json\/wp\/v2\/product_cat?post=226618"},{"taxonomy":"product_tag","embeddable":true,"href":"https:\/\/www.tools4grill.nl\/fr\/wp-json\/wp\/v2\/product_tag?post=226618"}],"curies":[{"name":"wp","href":"https:\/\/api.w.org\/{rel}","templated":true}]}}