{"id":226137,"date":"2021-07-20T15:51:20","date_gmt":"2021-07-20T13:51:20","guid":{"rendered":"https:\/\/www.tools4grill.nl\/product\/grille-plaque-de-cuisson-en-fonte-445-cm\/"},"modified":"2021-07-20T15:51:20","modified_gmt":"2021-07-20T13:51:20","slug":"grille-plaque-de-cuisson-en-fonte-445-cm","status":"publish","type":"product","link":"https:\/\/www.tools4grill.nl\/fr\/produit\/grille-plaque-de-cuisson-en-fonte-445-cm\/","title":{"rendered":"Grille\/plaque de cuisson en fonte 44,5 cm"},"content":{"rendered":"<p><strong>Ensemble de plaque de cuisson et de grille semi-ronde en fonte Tools4Grill : une polyvalence pour des grillades et des cuissons parfaites.<\/strong><\/p>\n<p>Cet ensemble Tools4Grill, compos\u00e9 d&rsquo;une plaque de cuisson et d&rsquo;une grille semi-circulaires en fonte, offre une polyvalence optimale pour votre barbecue Kamado. Gr\u00e2ce \u00e0 lui, vous pouvez griller et cuire vos aliments \u00e0 la perfection, pour une exp\u00e9rience barbecue encore plus r\u00e9ussie. Id\u00e9al pour ceux qui aiment alterner entre des steaks juteux et grill\u00e9s et la pr\u00e9paration d&rsquo;accompagnements comme des l\u00e9gumes, des \u0153ufs ou m\u00eame des cr\u00eapes.  <\/p>\n<p>Avantages de la fonte<br \/>La plaque de cuisson et la grille sont toutes deux fabriqu\u00e9es en fonte de haute qualit\u00e9, garantissant une excellente r\u00e9partition et r\u00e9tention de la chaleur. La grille permet d&rsquo;obtenir les marques de grillades caract\u00e9ristiques, tandis que la plaque de cuisson est id\u00e9ale pour les plats qui b\u00e9n\u00e9ficient d&rsquo;une surface lisse et uniforme. La fonte conserve la chaleur longtemps, assurant une cuisson homog\u00e8ne.  <\/p>\n<p>Flexibilit\u00e9 semi-circulaire<br \/>Gr\u00e2ce \u00e0 la forme semi-circulaire de la plaque de cuisson (44,5 x 22 cm) et de la grille (44,5 x 22 cm), vous pouvez facilement combiner cet ensemble avec d&rsquo;autres accessoires de barbecue. Vous pouvez ainsi utiliser simultan\u00e9ment diff\u00e9rentes m\u00e9thodes de cuisson sur un seul barbecue. Par exemple, placez la plaque de cuisson pour cuire des ingr\u00e9dients d\u00e9licats et la grille pour saisir parfaitement des morceaux de viande.  <\/p>\n<p>S\u00fbr et facile d&rsquo;utilisation Les deux pi\u00e8ces sont faciles \u00e0 saisir avec la pince en fonte Tools4Grill (vendue s\u00e9par\u00e9ment), vous pouvez donc les manipuler en toute s\u00e9curit\u00e9, m\u00eame \u00e0 haute temp\u00e9rature.<\/p>\n<p><strong>Caract\u00e9ristiques principales :<\/strong><\/p>\n<ul>\n<li>Combinaison d&rsquo;une plaque de cuisson et d&rsquo;une grille semi-circulaires en fonte<\/li>\n<li>Construction en fonte de haute qualit\u00e9 pour une excellente conduction et r\u00e9tention de la chaleur<\/li>\n<li>Convient aux barbecues Kamado<\/li>\n<li>Flexibilit\u00e9 semi-circulaire pour une utilisation polyvalente<\/li>\n<li>Manipulation s\u00fbre avec la pince en fonte Tools4Grill<\/li>\n<\/ul>\n<p>Avec cet ensemble polyvalent Tools4Grill, vous profiterez pleinement de vos grillades. Des marques de grillades parfaites \u00e0 la cuisson d&rsquo;une vari\u00e9t\u00e9 de plats, cet ensemble offre tout ce dont vous avez besoin pour une exp\u00e9rience barbecue compl\u00e8te. <\/p>\n<p>&nbsp;<\/p>\n<p>Nos accessoires sont universellement compatibles avec toutes les grandes marques telles que Big Green Egg, The Basterd, Grill Guru, The Real Egg, Kamado Joe, Auplex, etc.<\/p>\n","protected":false},"excerpt":{"rendered":"<p>Ensemble de plaque de cuisson et de grille semi-ronde en fonte Tools4Grill : une polyvalence pour des grillades et des cuissons parfaites. Cet ensemble Tools4Grill, compos\u00e9 d&rsquo;une plaque de cuisson et d&rsquo;une grille semi-circulaires en fonte, offre une polyvalence optimale pour votre barbecue Kamado. Gr\u00e2ce \u00e0 lui, vous pouvez griller et cuire vos aliments \u00e0 [&hellip;]<\/p>\n","protected":false},"featured_media":685,"comment_status":"open","ping_status":"closed","template":"","meta":{"_et_pb_use_builder":"","_et_pb_old_content":"","_et_gb_content_width":""},"product_brand":[],"product_cat":[131,163],"product_tag":[306,294,291,293,290,292],"class_list":{"0":"post-226137","1":"product","2":"type-product","3":"status-publish","4":"has-post-thumbnail","6":"product_cat-21-pouces","7":"product_cat-fonte","8":"product_tag-46-5-cm","9":"product_tag-auplex","10":"product_tag-grill-guru","11":"product_tag-kamado-joe","12":"product_tag-the-basterd","13":"product_tag-the-real-egg","15":"first","16":"outofstock","17":"taxable","18":"shipping-taxable","19":"purchasable","20":"product-type-simple"},"_links":{"self":[{"href":"https:\/\/www.tools4grill.nl\/fr\/wp-json\/wp\/v2\/product\/226137","targetHints":{"allow":["GET"]}}],"collection":[{"href":"https:\/\/www.tools4grill.nl\/fr\/wp-json\/wp\/v2\/product"}],"about":[{"href":"https:\/\/www.tools4grill.nl\/fr\/wp-json\/wp\/v2\/types\/product"}],"replies":[{"embeddable":true,"href":"https:\/\/www.tools4grill.nl\/fr\/wp-json\/wp\/v2\/comments?post=226137"}],"wp:featuredmedia":[{"embeddable":true,"href":"https:\/\/www.tools4grill.nl\/fr\/wp-json\/wp\/v2\/media\/685"}],"wp:attachment":[{"href":"https:\/\/www.tools4grill.nl\/fr\/wp-json\/wp\/v2\/media?parent=226137"}],"wp:term":[{"taxonomy":"product_brand","embeddable":true,"href":"https:\/\/www.tools4grill.nl\/fr\/wp-json\/wp\/v2\/product_brand?post=226137"},{"taxonomy":"product_cat","embeddable":true,"href":"https:\/\/www.tools4grill.nl\/fr\/wp-json\/wp\/v2\/product_cat?post=226137"},{"taxonomy":"product_tag","embeddable":true,"href":"https:\/\/www.tools4grill.nl\/fr\/wp-json\/wp\/v2\/product_tag?post=226137"}],"curies":[{"name":"wp","href":"https:\/\/api.w.org\/{rel}","templated":true}]}}