{"id":226114,"date":"2021-07-04T13:28:00","date_gmt":"2021-07-04T11:28:00","guid":{"rendered":"https:\/\/www.tools4grill.nl\/product\/rotissoire-455-cm-dimensions-exterieures\/"},"modified":"2021-07-04T13:28:00","modified_gmt":"2021-07-04T11:28:00","slug":"rotissoire-455-cm-dimensions-exterieures","status":"publish","type":"product","link":"https:\/\/www.tools4grill.nl\/fr\/produit\/rotissoire-455-cm-dimensions-exterieures\/","title":{"rendered":"R\u00f4tissoire 45,5 cm (dimensions ext\u00e9rieures)"},"content":{"rendered":"<p>La r\u00f4tissoire Tools4Grill compl\u00e8te \u00e0 merveille vos grillades ! Que vous ayez envie d&rsquo;un d\u00e9licieux poulet \u00e0 la broche ou d&rsquo;autre chose, les possibilit\u00e9s sont quasi infinies. Son moteur assure une rotation fluide jusqu&rsquo;\u00e0 15 kg.<br \/>Compatible avec la plupart des barbecues, elle pr\u00e9sente un avantage majeur pour les barbecues Kamado : son anneau est con\u00e7u pour une fermeture herm\u00e9tique. Ainsi, la chaleur est parfaitement conserv\u00e9e et le jus de vos viandes est pr\u00e9serv\u00e9.    <\/p>\n<p>Le diam\u00e8tre ext\u00e9rieur de cette broche est de 45,5 cm et le diam\u00e8tre int\u00e9rieur de 37,5 cm. L&rsquo;int\u00e9rieur de votre barbecue doit donc mesurer au minimum 37,5 cm et au maximum +\/- 43 cm.<br \/>Sa hauteur varie de 1 mm \u00e0 l&rsquo;arri\u00e8re (c\u00f4t\u00e9 charni\u00e8re du barbecue) \u00e0 65 mm \u00e0 l&rsquo;avant. <\/p>\n<p>Nos accessoires sont universellement compatibles avec toutes les grandes marques telles que Big Green Egg, The Basterd, Grill Guru, The Real Egg, Kamado Joe, Auplex, etc.<\/p>\n","protected":false},"excerpt":{"rendered":"<p>La r\u00f4tissoire Tools4Grill compl\u00e8te \u00e0 merveille vos grillades ! Que vous ayez envie d&rsquo;un d\u00e9licieux poulet \u00e0 la broche ou d&rsquo;autre chose, les possibilit\u00e9s sont quasi infinies. Son moteur assure une rotation fluide jusqu&rsquo;\u00e0 15 kg.Compatible avec la plupart des barbecues, elle pr\u00e9sente un avantage majeur pour les barbecues Kamado : son anneau est con\u00e7u [&hellip;]<\/p>\n","protected":false},"featured_media":223947,"comment_status":"open","ping_status":"closed","template":"","meta":{"_et_pb_use_builder":"","_et_pb_old_content":"","_et_gb_content_width":""},"product_brand":[],"product_cat":[189,166],"product_tag":[302],"class_list":{"0":"post-226114","1":"product","2":"type-product","3":"status-publish","4":"has-post-thumbnail","6":"product_cat-18-pouces","7":"product_cat-rotissoire","8":"product_tag-45-5-cm","10":"first","11":"instock","12":"taxable","13":"shipping-taxable","14":"purchasable","15":"product-type-simple"},"_links":{"self":[{"href":"https:\/\/www.tools4grill.nl\/fr\/wp-json\/wp\/v2\/product\/226114","targetHints":{"allow":["GET"]}}],"collection":[{"href":"https:\/\/www.tools4grill.nl\/fr\/wp-json\/wp\/v2\/product"}],"about":[{"href":"https:\/\/www.tools4grill.nl\/fr\/wp-json\/wp\/v2\/types\/product"}],"replies":[{"embeddable":true,"href":"https:\/\/www.tools4grill.nl\/fr\/wp-json\/wp\/v2\/comments?post=226114"}],"wp:featuredmedia":[{"embeddable":true,"href":"https:\/\/www.tools4grill.nl\/fr\/wp-json\/wp\/v2\/media\/223947"}],"wp:attachment":[{"href":"https:\/\/www.tools4grill.nl\/fr\/wp-json\/wp\/v2\/media?parent=226114"}],"wp:term":[{"taxonomy":"product_brand","embeddable":true,"href":"https:\/\/www.tools4grill.nl\/fr\/wp-json\/wp\/v2\/product_brand?post=226114"},{"taxonomy":"product_cat","embeddable":true,"href":"https:\/\/www.tools4grill.nl\/fr\/wp-json\/wp\/v2\/product_cat?post=226114"},{"taxonomy":"product_tag","embeddable":true,"href":"https:\/\/www.tools4grill.nl\/fr\/wp-json\/wp\/v2\/product_tag?post=226114"}],"curies":[{"name":"wp","href":"https:\/\/api.w.org\/{rel}","templated":true}]}}