{"id":226037,"date":"2021-05-23T10:26:35","date_gmt":"2021-05-23T08:26:35","guid":{"rendered":"https:\/\/www.tools4grill.nl\/product\/tools4grill-thermometre-sans-fil-pour-viande-et-barbecue-bluetooth-application-en-neerlandais\/"},"modified":"2021-05-23T10:26:35","modified_gmt":"2021-05-23T08:26:35","slug":"tools4grill-thermometre-sans-fil-pour-viande-et-barbecue-bluetooth-application-en-neerlandais","status":"publish","type":"product","link":"https:\/\/www.tools4grill.nl\/fr\/produit\/tools4grill-thermometre-sans-fil-pour-viande-et-barbecue-bluetooth-application-en-neerlandais\/","title":{"rendered":"Tools4grill thermom\u00e8tre sans fil pour viande et barbecue Bluetooth &#8211; application en n\u00e9erlandais"},"content":{"rendered":"<p>R\u00e9ussissez \u00e0 coup s\u00fbr la cuisson de vos viandes gr\u00e2ce \u00e0 ce thermom\u00e8tre de barbecue num\u00e9rique. Son \u00e9cran clair, sa mesure rapide et sa minuterie pratique en font un outil id\u00e9al. Parfait pour le barbecue, le four ou la cuisine, il vous permet de mesurer avec pr\u00e9cision la temp\u00e9rature \u00e0 c\u0153ur de vos viandes en seulement 3 secondes, qu&rsquo;il s&rsquo;agisse de poulet, de b\u0153uf, de porc ou d&rsquo;agneau.  <\/p>\n<p>Le thermom\u00e8tre est dot\u00e9 d&rsquo;un grand \u00e9cran LCD facile \u00e0 lire qui change automatiquement de couleur :<\/p>\n<ul>\n<li>Vert : temp\u00e9rature souhait\u00e9e atteinte<\/li>\n<li>Rouge : temp\u00e9rature d\u00e9pass\u00e9e<\/li>\n<\/ul>\n<p>Gr\u00e2ce \u00e0 la molette rotative, vous pouvez facilement naviguer parmi les r\u00e9glages. Le thermom\u00e8tre dispose de temp\u00e9ratures \u00e0 c\u0153ur pr\u00e9programm\u00e9es pour diff\u00e9rents types de viande, ainsi que de diff\u00e9rents niveaux de cuisson : saignant, \u00e0 point ou bien cuit. De cette fa\u00e7on, vous pouvez pr\u00e9parer chaque morceau de viande exactement comme vous (ou vos invit\u00e9s) le souhaitez.  <\/p>\n<p>Ce thermom\u00e8tre \u00e0 c\u0153ur est pliable, ce qui le rend s\u00fbr et facile \u00e0 ranger. La fonction minuterie avec alarme vous permet de ne rien oublier, m\u00eame lorsque vous pr\u00e9parez plusieurs plats en m\u00eame temps. <\/p>\n<p>Caract\u00e9ristiques:<\/p>\n<ul>\n<li>Convient pour : barbecue, four et cuisine<\/li>\n<li>\u00c9cran r\u00e9tro\u00e9clair\u00e9 avec avertissement de couleur (vert\/rouge)<\/li>\n<li>Meet zeer snel: temperatuur binnen 3 seconden<\/li>\n<li>sonde \u00e0 viande pliable en acier inoxydable<\/li>\n<li>R\u00e9glages pr\u00e9programm\u00e9s pour le poulet, le b\u0153uf, le porc, l&rsquo;agneau, etc.<\/li>\n<li>Choisissez votre niveau de cuisson : saignant, \u00e0 point, bien cuit.<\/li>\n<li>Minuteur de cuisine r\u00e9glable avec fonction alarme<\/li>\n<li>Conversion \u00b0C \/ \u00b0F<\/li>\n<li>Piles incluses \u2013 pr\u00eates \u00e0 l&#8217;emploi imm\u00e9diatement<\/li>\n<\/ul>\n<p>Que vous soyez un amateur de barbecue d\u00e9butant ou un ma\u00eetre du grill exp\u00e9riment\u00e9, ce thermom\u00e8tre vous aidera \u00e0 obtenir des r\u00e9sultats parfaits \u00e0 chaque fois.<\/p>\n","protected":false},"excerpt":{"rendered":"<p>R\u00e9ussissez \u00e0 coup s\u00fbr la cuisson de vos viandes gr\u00e2ce \u00e0 ce thermom\u00e8tre de barbecue num\u00e9rique. Son \u00e9cran clair, sa mesure rapide et sa minuterie pratique en font un outil id\u00e9al. Parfait pour le barbecue, le four ou la cuisine, il vous permet de mesurer avec pr\u00e9cision la temp\u00e9rature \u00e0 c\u0153ur de vos viandes en [&hellip;]<\/p>\n","protected":false},"featured_media":226044,"comment_status":"open","ping_status":"closed","template":"","meta":{"_et_pb_use_builder":"","_et_pb_old_content":"","_et_gb_content_width":""},"product_brand":[],"product_cat":[139],"product_tag":[],"class_list":{"0":"post-226037","1":"product","2":"type-product","3":"status-publish","4":"has-post-thumbnail","6":"product_cat-thermometres","8":"first","9":"instock","10":"taxable","11":"shipping-taxable","12":"purchasable","13":"product-type-simple"},"_links":{"self":[{"href":"https:\/\/www.tools4grill.nl\/fr\/wp-json\/wp\/v2\/product\/226037","targetHints":{"allow":["GET"]}}],"collection":[{"href":"https:\/\/www.tools4grill.nl\/fr\/wp-json\/wp\/v2\/product"}],"about":[{"href":"https:\/\/www.tools4grill.nl\/fr\/wp-json\/wp\/v2\/types\/product"}],"replies":[{"embeddable":true,"href":"https:\/\/www.tools4grill.nl\/fr\/wp-json\/wp\/v2\/comments?post=226037"}],"wp:featuredmedia":[{"embeddable":true,"href":"https:\/\/www.tools4grill.nl\/fr\/wp-json\/wp\/v2\/media\/226044"}],"wp:attachment":[{"href":"https:\/\/www.tools4grill.nl\/fr\/wp-json\/wp\/v2\/media?parent=226037"}],"wp:term":[{"taxonomy":"product_brand","embeddable":true,"href":"https:\/\/www.tools4grill.nl\/fr\/wp-json\/wp\/v2\/product_brand?post=226037"},{"taxonomy":"product_cat","embeddable":true,"href":"https:\/\/www.tools4grill.nl\/fr\/wp-json\/wp\/v2\/product_cat?post=226037"},{"taxonomy":"product_tag","embeddable":true,"href":"https:\/\/www.tools4grill.nl\/fr\/wp-json\/wp\/v2\/product_tag?post=226037"}],"curies":[{"name":"wp","href":"https:\/\/api.w.org\/{rel}","templated":true}]}}