{"id":225994,"date":"2021-03-15T07:44:13","date_gmt":"2021-03-15T06:44:13","guid":{"rendered":"https:\/\/www.tools4grill.nl\/product\/grille-en-fonte-445-cm\/"},"modified":"2021-03-15T07:44:13","modified_gmt":"2021-03-15T06:44:13","slug":"grille-en-fonte-445-cm","status":"publish","type":"product","link":"https:\/\/www.tools4grill.nl\/fr\/produit\/grille-en-fonte-445-cm\/","title":{"rendered":"Grille en fonte 44,5 cm"},"content":{"rendered":"<p>Cette grille en fonte Tools4grill assure une r\u00e9partition de la chaleur plus homog\u00e8ne que l&rsquo;acier inoxydable, par exemple. Gr\u00e2ce \u00e0 sa meilleure conductivit\u00e9 thermique, elle est id\u00e9ale pour les grillades. Elle permet \u00e9galement d&rsquo;obtenir les fameuses marques de grillade sur vos aliments. D&rsquo;un diam\u00e8tre de 45 cm, elle convient aux kamados de 53 cm (21 pouces).   <\/p>\n","protected":false},"excerpt":{"rendered":"<p>Cette grille en fonte Tools4grill assure une r\u00e9partition de la chaleur plus homog\u00e8ne que l&rsquo;acier inoxydable, par exemple. Gr\u00e2ce \u00e0 sa meilleure conductivit\u00e9 thermique, elle est id\u00e9ale pour les grillades. Elle permet \u00e9galement d&rsquo;obtenir les fameuses marques de grillade sur vos aliments. D&rsquo;un diam\u00e8tre de 45 cm, elle convient aux kamados de 53 cm (21 [&hellip;]<\/p>\n","protected":false},"featured_media":501,"comment_status":"open","ping_status":"closed","template":"","meta":{"_et_pb_use_builder":"","_et_pb_old_content":"","_et_gb_content_width":""},"product_brand":[],"product_cat":[131,163],"product_tag":[280],"class_list":{"0":"post-225994","1":"product","2":"type-product","3":"status-publish","4":"has-post-thumbnail","6":"product_cat-21-pouces","7":"product_cat-fonte","8":"product_tag-47-cm","10":"first","11":"instock","12":"taxable","13":"shipping-taxable","14":"purchasable","15":"product-type-simple"},"_links":{"self":[{"href":"https:\/\/www.tools4grill.nl\/fr\/wp-json\/wp\/v2\/product\/225994","targetHints":{"allow":["GET"]}}],"collection":[{"href":"https:\/\/www.tools4grill.nl\/fr\/wp-json\/wp\/v2\/product"}],"about":[{"href":"https:\/\/www.tools4grill.nl\/fr\/wp-json\/wp\/v2\/types\/product"}],"replies":[{"embeddable":true,"href":"https:\/\/www.tools4grill.nl\/fr\/wp-json\/wp\/v2\/comments?post=225994"}],"wp:featuredmedia":[{"embeddable":true,"href":"https:\/\/www.tools4grill.nl\/fr\/wp-json\/wp\/v2\/media\/501"}],"wp:attachment":[{"href":"https:\/\/www.tools4grill.nl\/fr\/wp-json\/wp\/v2\/media?parent=225994"}],"wp:term":[{"taxonomy":"product_brand","embeddable":true,"href":"https:\/\/www.tools4grill.nl\/fr\/wp-json\/wp\/v2\/product_brand?post=225994"},{"taxonomy":"product_cat","embeddable":true,"href":"https:\/\/www.tools4grill.nl\/fr\/wp-json\/wp\/v2\/product_cat?post=225994"},{"taxonomy":"product_tag","embeddable":true,"href":"https:\/\/www.tools4grill.nl\/fr\/wp-json\/wp\/v2\/product_tag?post=225994"}],"curies":[{"name":"wp","href":"https:\/\/api.w.org\/{rel}","templated":true}]}}