{"id":225973,"date":"2021-03-15T07:33:05","date_gmt":"2021-03-15T06:33:05","guid":{"rendered":"https:\/\/www.tools4grill.nl\/product\/attendrisseur-de-viande-attendrisseur-de-viande\/"},"modified":"2021-03-15T07:33:05","modified_gmt":"2021-03-15T06:33:05","slug":"attendrisseur-de-viande-attendrisseur-de-viande","status":"publish","type":"product","link":"https:\/\/www.tools4grill.nl\/fr\/produit\/attendrisseur-de-viande-attendrisseur-de-viande\/","title":{"rendered":"Attendrisseur de viande &#8211; Attendrisseur de viande"},"content":{"rendered":"<p>Attendrisseur de viande manuel professionnel Tools4grill. Gr\u00e2ce \u00e0 ses 48 lames qui percent uniform\u00e9ment la viande, celle-ci deviendra plus tendre et cuira plus rapidement. Vos herbes et marinades p\u00e9n\u00e9treront \u00e9galement plus rapidement et plus efficacement. Convient \u00e0 tous types de viande.<br \/>\nFabriqu\u00e9 avec des lames en acier inoxydable de haute qualit\u00e9 et du plastique ABS. Durable et inoxydable.<br \/>\nFacile \u00e0 nettoyer : il suffit de le faire tremper quelques minutes dans de l\u2019eau savonneuse apr\u00e8s chaque utilisation, puis de le laver avec une brosse. Compatible lave-vaisselle.    <\/p>\n","protected":false},"excerpt":{"rendered":"<p>Attendrisseur de viande manuel professionnel Tools4grill. Gr\u00e2ce \u00e0 ses 48 lames qui percent uniform\u00e9ment la viande, celle-ci deviendra plus tendre et cuira plus rapidement. Vos herbes et marinades p\u00e9n\u00e9treront \u00e9galement plus rapidement et plus efficacement. Convient \u00e0 tous types de viande. Fabriqu\u00e9 avec des lames en acier inoxydable de haute qualit\u00e9 et du plastique ABS. [&hellip;]<\/p>\n","protected":false},"featured_media":224683,"comment_status":"open","ping_status":"closed","template":"","meta":{"_et_pb_use_builder":"","_et_pb_old_content":"","_et_gb_content_width":""},"product_brand":[],"product_cat":[186,185,189,188,131,187,141,111],"product_tag":[],"class_list":{"0":"post-225973","1":"product","2":"type-product","3":"status-publish","4":"has-post-thumbnail","6":"product_cat-15-16-pouces","7":"product_cat-15-pouces","8":"product_cat-18-pouces","9":"product_cat-20-pouces","10":"product_cat-21-pouces","11":"product_cat-23-pouces","12":"product_cat-accessoires-de-cuisine","13":"product_cat-autre","15":"first","16":"instock","17":"taxable","18":"shipping-taxable","19":"purchasable","20":"product-type-simple"},"_links":{"self":[{"href":"https:\/\/www.tools4grill.nl\/fr\/wp-json\/wp\/v2\/product\/225973","targetHints":{"allow":["GET"]}}],"collection":[{"href":"https:\/\/www.tools4grill.nl\/fr\/wp-json\/wp\/v2\/product"}],"about":[{"href":"https:\/\/www.tools4grill.nl\/fr\/wp-json\/wp\/v2\/types\/product"}],"replies":[{"embeddable":true,"href":"https:\/\/www.tools4grill.nl\/fr\/wp-json\/wp\/v2\/comments?post=225973"}],"wp:featuredmedia":[{"embeddable":true,"href":"https:\/\/www.tools4grill.nl\/fr\/wp-json\/wp\/v2\/media\/224683"}],"wp:attachment":[{"href":"https:\/\/www.tools4grill.nl\/fr\/wp-json\/wp\/v2\/media?parent=225973"}],"wp:term":[{"taxonomy":"product_brand","embeddable":true,"href":"https:\/\/www.tools4grill.nl\/fr\/wp-json\/wp\/v2\/product_brand?post=225973"},{"taxonomy":"product_cat","embeddable":true,"href":"https:\/\/www.tools4grill.nl\/fr\/wp-json\/wp\/v2\/product_cat?post=225973"},{"taxonomy":"product_tag","embeddable":true,"href":"https:\/\/www.tools4grill.nl\/fr\/wp-json\/wp\/v2\/product_tag?post=225973"}],"curies":[{"name":"wp","href":"https:\/\/api.w.org\/{rel}","templated":true}]}}