{"id":225964,"date":"2021-03-15T07:27:54","date_gmt":"2021-03-15T06:27:54","guid":{"rendered":"https:\/\/www.tools4grill.nl\/product\/presse-a-hamburger\/"},"modified":"2021-03-15T07:27:54","modified_gmt":"2021-03-15T06:27:54","slug":"presse-a-hamburger","status":"publish","type":"product","link":"https:\/\/www.tools4grill.nl\/fr\/produit\/presse-a-hamburger\/","title":{"rendered":"Presse \u00e0 hamburger"},"content":{"rendered":"<p>Presse \u00e0 hamburger Tools4grill. Gr\u00e2ce \u00e0 elle, vous pouvez facilement pr\u00e9parer vos hamburgers. <strong> <\/strong>Fabriqu\u00e9 en plastique de haute qualit\u00e9, cet appareil est dot\u00e9 d&rsquo;une poign\u00e9e robuste.<br \/>Les presses \u00e0 hamburgers sont \u00e9quip\u00e9es de petites rainures permettant une cuisson progressive et rapide des burgers. La position de la poign\u00e9e assure une r\u00e9partition optimale de la pression lors de la pr\u00e9paration. <\/p>\n","protected":false},"excerpt":{"rendered":"<p>Presse \u00e0 hamburger Tools4grill. Gr\u00e2ce \u00e0 elle, vous pouvez facilement pr\u00e9parer vos hamburgers. Fabriqu\u00e9 en plastique de haute qualit\u00e9, cet appareil est dot\u00e9 d&rsquo;une poign\u00e9e robuste.Les presses \u00e0 hamburgers sont \u00e9quip\u00e9es de petites rainures permettant une cuisson progressive et rapide des burgers. La position de la poign\u00e9e assure une r\u00e9partition optimale de la pression lors [&hellip;]<\/p>\n","protected":false},"featured_media":223585,"comment_status":"open","ping_status":"closed","template":"","meta":{"_et_pb_use_builder":"","_et_pb_old_content":"","_et_gb_content_width":""},"product_brand":[],"product_cat":[111],"product_tag":[],"class_list":{"0":"post-225964","1":"product","2":"type-product","3":"status-publish","4":"has-post-thumbnail","6":"product_cat-autre","8":"first","9":"instock","10":"taxable","11":"shipping-taxable","12":"purchasable","13":"product-type-simple"},"_links":{"self":[{"href":"https:\/\/www.tools4grill.nl\/fr\/wp-json\/wp\/v2\/product\/225964","targetHints":{"allow":["GET"]}}],"collection":[{"href":"https:\/\/www.tools4grill.nl\/fr\/wp-json\/wp\/v2\/product"}],"about":[{"href":"https:\/\/www.tools4grill.nl\/fr\/wp-json\/wp\/v2\/types\/product"}],"replies":[{"embeddable":true,"href":"https:\/\/www.tools4grill.nl\/fr\/wp-json\/wp\/v2\/comments?post=225964"}],"wp:featuredmedia":[{"embeddable":true,"href":"https:\/\/www.tools4grill.nl\/fr\/wp-json\/wp\/v2\/media\/223585"}],"wp:attachment":[{"href":"https:\/\/www.tools4grill.nl\/fr\/wp-json\/wp\/v2\/media?parent=225964"}],"wp:term":[{"taxonomy":"product_brand","embeddable":true,"href":"https:\/\/www.tools4grill.nl\/fr\/wp-json\/wp\/v2\/product_brand?post=225964"},{"taxonomy":"product_cat","embeddable":true,"href":"https:\/\/www.tools4grill.nl\/fr\/wp-json\/wp\/v2\/product_cat?post=225964"},{"taxonomy":"product_tag","embeddable":true,"href":"https:\/\/www.tools4grill.nl\/fr\/wp-json\/wp\/v2\/product_tag?post=225964"}],"curies":[{"name":"wp","href":"https:\/\/api.w.org\/{rel}","templated":true}]}}