{"id":225937,"date":"2021-03-13T09:43:35","date_gmt":"2021-03-13T08:43:35","guid":{"rendered":"https:\/\/www.tools4grill.nl\/product\/support-a-cotes-en-acier-inoxydable\/"},"modified":"2021-03-13T09:43:35","modified_gmt":"2021-03-13T08:43:35","slug":"support-a-cotes-en-acier-inoxydable","status":"publish","type":"product","link":"https:\/\/www.tools4grill.nl\/fr\/produit\/support-a-cotes-en-acier-inoxydable\/","title":{"rendered":"Support \u00e0 c\u00f4tes en acier inoxydable"},"content":{"rendered":"<p>Ce support \u00e0 travers de porc Tools4grill est fabriqu\u00e9 en acier inoxydable de haute qualit\u00e9 et id\u00e9al pour la cuisson de vos travers de porc. Gr\u00e2ce \u00e0 sa disposition sur le c\u00f4t\u00e9, la chaleur circule librement entre les travers. Vous pouvez ainsi pr\u00e9parer facilement une g\u00e9n\u00e9reuse quantit\u00e9 de travers \u00e0 la cuisson parfaite. Bien entendu, il est \u00e9galement compatible avec une utilisation au four.   <\/p>\n","protected":false},"excerpt":{"rendered":"<p>Ce support \u00e0 travers de porc Tools4grill est fabriqu\u00e9 en acier inoxydable de haute qualit\u00e9 et id\u00e9al pour la cuisson de vos travers de porc. Gr\u00e2ce \u00e0 sa disposition sur le c\u00f4t\u00e9, la chaleur circule librement entre les travers. Vous pouvez ainsi pr\u00e9parer facilement une g\u00e9n\u00e9reuse quantit\u00e9 de travers \u00e0 la cuisson parfaite. Bien entendu, [&hellip;]<\/p>\n","protected":false},"featured_media":551,"comment_status":"open","ping_status":"closed","template":"","meta":{"_et_pb_use_builder":"","_et_pb_old_content":"","_et_gb_content_width":""},"product_brand":[],"product_cat":[186,185,189,188,131,187,111],"product_tag":[],"class_list":{"0":"post-225937","1":"product","2":"type-product","3":"status-publish","4":"has-post-thumbnail","6":"product_cat-15-16-pouces","7":"product_cat-15-pouces","8":"product_cat-18-pouces","9":"product_cat-20-pouces","10":"product_cat-21-pouces","11":"product_cat-23-pouces","12":"product_cat-autre","14":"first","15":"instock","16":"taxable","17":"shipping-taxable","18":"purchasable","19":"product-type-simple"},"_links":{"self":[{"href":"https:\/\/www.tools4grill.nl\/fr\/wp-json\/wp\/v2\/product\/225937","targetHints":{"allow":["GET"]}}],"collection":[{"href":"https:\/\/www.tools4grill.nl\/fr\/wp-json\/wp\/v2\/product"}],"about":[{"href":"https:\/\/www.tools4grill.nl\/fr\/wp-json\/wp\/v2\/types\/product"}],"replies":[{"embeddable":true,"href":"https:\/\/www.tools4grill.nl\/fr\/wp-json\/wp\/v2\/comments?post=225937"}],"wp:featuredmedia":[{"embeddable":true,"href":"https:\/\/www.tools4grill.nl\/fr\/wp-json\/wp\/v2\/media\/551"}],"wp:attachment":[{"href":"https:\/\/www.tools4grill.nl\/fr\/wp-json\/wp\/v2\/media?parent=225937"}],"wp:term":[{"taxonomy":"product_brand","embeddable":true,"href":"https:\/\/www.tools4grill.nl\/fr\/wp-json\/wp\/v2\/product_brand?post=225937"},{"taxonomy":"product_cat","embeddable":true,"href":"https:\/\/www.tools4grill.nl\/fr\/wp-json\/wp\/v2\/product_cat?post=225937"},{"taxonomy":"product_tag","embeddable":true,"href":"https:\/\/www.tools4grill.nl\/fr\/wp-json\/wp\/v2\/product_tag?post=225937"}],"curies":[{"name":"wp","href":"https:\/\/api.w.org\/{rel}","templated":true}]}}