{"id":225886,"date":"2021-03-13T08:19:51","date_gmt":"2021-03-13T07:19:51","guid":{"rendered":"https:\/\/www.tools4grill.nl\/product\/rehausse-de-barbecue-395-cm\/"},"modified":"2021-03-13T08:19:51","modified_gmt":"2021-03-13T07:19:51","slug":"rehausse-de-barbecue-395-cm","status":"publish","type":"product","link":"https:\/\/www.tools4grill.nl\/fr\/produit\/rehausse-de-barbecue-395-cm\/","title":{"rendered":"Rehausse de barbecue 39,5 cm"},"content":{"rendered":"<p><strong>Rehausse de barbecue Tools4Grill : Plus d\u2019espace de cuisson et de flexibilit\u00e9 pour votre barbecue<\/strong><\/p>\n<p>Avec le rehausseur de barbecue Tools4Grill, agrandissez facilement la surface de cuisson de votre barbecue et pr\u00e9parez ainsi plusieurs plats simultan\u00e9ment. Cet accessoire pratique est id\u00e9al pour griller viandes, poissons et l\u00e9gumes \u00e0 diff\u00e9rentes hauteurs, vous offrant un meilleur contr\u00f4le de la cuisson et de la temp\u00e9rature. <\/p>\n<p>Le rehausseur de barbecue permet de placer les plats plus loin du feu, id\u00e9al pour les cuissons lentes ou pour maintenir les aliments au chaud sans les surcuire. De plus, il peut servir de deuxi\u00e8me grille, permettant ainsi de pr\u00e9parer deux fois plus de plats simultan\u00e9ment sur le barbecue. C&rsquo;est donc id\u00e9al pour les grandes tabl\u00e9es ou lorsque vous souhaitez cuisiner plusieurs plats en m\u00eame temps.  <\/p>\n<p><strong>Facile \u00e0 utiliser<\/strong><\/p>\n<p>Gr\u00e2ce \u00e0 ses pieds ing\u00e9nieusement con\u00e7us, vous pouvez placer le rehausseur de barbecue sur votre grille existante d&rsquo;un simple geste. Un gain d&rsquo;espace et de flexibilit\u00e9 instantan\u00e9, sans effort. Que vous souhaitiez griller de la viande, du poisson, des l\u00e9gumes ou m\u00eame du pain, le rehausseur vous permet de maintenir une temp\u00e9rature id\u00e9ale ou de cuire vos aliments \u00e0 c\u0153ur.  <\/p>\n<p><strong>Construction de haute qualit\u00e9<\/strong><\/p>\n<p>Ce support de barbecue est fabriqu\u00e9 en acier inoxydable de haute qualit\u00e9 de 5 mm d&rsquo;\u00e9paisseur, ce qui lui conf\u00e8re une grande durabilit\u00e9 et une longue dur\u00e9e de vie, m\u00eame en cas d&rsquo;utilisation intensive. R\u00e9sistant aux hautes temp\u00e9ratures, il est \u00e9galement facile \u00e0 nettoyer apr\u00e8s utilisation. <\/p>\n<p><strong>Disponible en trois tailles<\/strong><\/p>\n<p>Le rehausseur de barbecue Tools4Grill est disponible en trois tailles, afin de s&rsquo;adapter parfaitement aux dimensions de votre barbecue :<\/p>\n<ul>\n<li><strong>Petit <\/strong>: 28 cm<\/li>\n<li><strong>Moyen <\/strong>: 39 cm<\/li>\n<li><strong>Grand <\/strong>: 51 cm<\/li>\n<\/ul>\n<p>Que vous ayez un barbecue compact ou un mod\u00e8le plus grand, il existe toujours un rehausseur de barbecue adapt\u00e9 \u00e0 votre appareil.<\/p>\n<p><strong>Pourquoi choisir le rehausseur de barbecue Tools4Grill ?<\/strong><\/p>\n<ul>\n<li>Augmentez facilement votre surface de cuisson.<\/li>\n<li>Id\u00e9al pour la cuisson lente ou le maintien au chaud des plats<\/li>\n<li>Peut servir de deuxi\u00e8me \u00e9quipe pour une capacit\u00e9 accrue<\/li>\n<li>Fabriqu\u00e9 en acier inoxydable durable<\/li>\n<li>Disponible en trois tailles pour diff\u00e9rents barbecues<\/li>\n<li>Applicable \u00e0 toutes les marques<\/li>\n<\/ul>\n<p>Avec le rehausseur de barbecue Tools4Grill, vous profiterez davantage de votre exp\u00e9rience barbecue et vous vous assurerez que tous vos plats sont parfaitement pr\u00e9par\u00e9s, quelle que soit la quantit\u00e9.<\/p>\n<p>Le mod\u00e8le Medium est fabriqu\u00e9 en acier inoxydable de haute qualit\u00e9 de 5 mm d&rsquo;\u00e9paisseur et mesure 39,5 x 33,5 cm pour une hauteur de 10,75 cm.<\/p>\n<p>&nbsp;<\/p>\n<p><strong>Un bon \u00e9quipement est \u00e9videmment primordial pour un barbecue r\u00e9ussi ! Tools4Grill a s\u00e9lectionn\u00e9 pour vous des produits de qualit\u00e9 provenant de fabricants b\u00e9n\u00e9ficiant d&rsquo;une longue exp\u00e9rience internationale dans le d\u00e9veloppement et la production d&rsquo;articles pour barbecue et grillades. Vous pouvez donc faire votre choix en toute s\u00e9r\u00e9nit\u00e9 ! <\/strong><\/p>\n<p><strong>Nos produits ont \u00e9t\u00e9 test\u00e9s de mani\u00e8re approfondie et r\u00e9pondent \u00e0 toutes les exigences de qualit\u00e9.<\/strong><br \/>\n<strong>L&rsquo;assortiment est disponible exclusivement via Bol.com et sur notre propre site, et sera continuellement enrichi de nouveaux produits de qualit\u00e9 sup\u00e9rieure \u00e0 des prix comp\u00e9titifs.<\/strong><\/p>\n","protected":false},"excerpt":{"rendered":"<p>Rehausse de barbecue Tools4Grill : Plus d\u2019espace de cuisson et de flexibilit\u00e9 pour votre barbecue Avec le rehausseur de barbecue Tools4Grill, agrandissez facilement la surface de cuisson de votre barbecue et pr\u00e9parez ainsi plusieurs plats simultan\u00e9ment. Cet accessoire pratique est id\u00e9al pour griller viandes, poissons et l\u00e9gumes \u00e0 diff\u00e9rentes hauteurs, vous offrant un meilleur contr\u00f4le [&hellip;]<\/p>\n","protected":false},"featured_media":522,"comment_status":"open","ping_status":"closed","template":"","meta":{"_et_pb_use_builder":"","_et_pb_old_content":"","_et_gb_content_width":""},"product_brand":[],"product_cat":[188,131,187,160],"product_tag":[271],"class_list":{"0":"post-225886","1":"product","2":"type-product","3":"status-publish","4":"has-post-thumbnail","6":"product_cat-20-pouces","7":"product_cat-21-pouces","8":"product_cat-23-pouces","9":"product_cat-rehausseurs-de-barbecue","10":"product_tag-39-5-cm","12":"first","13":"instock","14":"taxable","15":"shipping-taxable","16":"purchasable","17":"product-type-simple"},"_links":{"self":[{"href":"https:\/\/www.tools4grill.nl\/fr\/wp-json\/wp\/v2\/product\/225886","targetHints":{"allow":["GET"]}}],"collection":[{"href":"https:\/\/www.tools4grill.nl\/fr\/wp-json\/wp\/v2\/product"}],"about":[{"href":"https:\/\/www.tools4grill.nl\/fr\/wp-json\/wp\/v2\/types\/product"}],"replies":[{"embeddable":true,"href":"https:\/\/www.tools4grill.nl\/fr\/wp-json\/wp\/v2\/comments?post=225886"}],"wp:featuredmedia":[{"embeddable":true,"href":"https:\/\/www.tools4grill.nl\/fr\/wp-json\/wp\/v2\/media\/522"}],"wp:attachment":[{"href":"https:\/\/www.tools4grill.nl\/fr\/wp-json\/wp\/v2\/media?parent=225886"}],"wp:term":[{"taxonomy":"product_brand","embeddable":true,"href":"https:\/\/www.tools4grill.nl\/fr\/wp-json\/wp\/v2\/product_brand?post=225886"},{"taxonomy":"product_cat","embeddable":true,"href":"https:\/\/www.tools4grill.nl\/fr\/wp-json\/wp\/v2\/product_cat?post=225886"},{"taxonomy":"product_tag","embeddable":true,"href":"https:\/\/www.tools4grill.nl\/fr\/wp-json\/wp\/v2\/product_tag?post=225886"}],"curies":[{"name":"wp","href":"https:\/\/api.w.org\/{rel}","templated":true}]}}