{"id":225873,"date":"2021-03-13T07:23:49","date_gmt":"2021-03-13T06:23:49","guid":{"rendered":"https:\/\/www.tools4grill.nl\/product\/pierre-a-pizza-34-cm\/"},"modified":"2021-03-13T07:23:49","modified_gmt":"2021-03-13T06:23:49","slug":"pierre-a-pizza-34-cm","status":"publish","type":"product","link":"https:\/\/www.tools4grill.nl\/fr\/produit\/pierre-a-pizza-34-cm\/","title":{"rendered":"Pierre \u00e0 pizza 34 cm"},"content":{"rendered":"<p>Le grand avantage de la <strong>pierre \u00e0 pizza<\/strong> <strong>Tools4grill<\/strong> est qu&rsquo;elle chauffe la pizza uniform\u00e9ment par le dessous, pour une cro\u00fbte d\u00e9licieusement croustillante. Avec la bonne p\u00e2te et la bonne temp\u00e9rature, vous pouvez r\u00e9aliser de savoureuses pizzas, comme en Italie.<br \/>\nCette pierre \u00e0 pizza <strong>Tools4grill<\/strong> se distingue par son \u00e9paisseur de 1,2 cm. Laissez-la chauffer en m\u00eame temps que le barbecue, ce qui \u00e9vite les variations de temp\u00e9rature. Une fois la temp\u00e9rature id\u00e9ale atteinte (environ 250 degr\u00e9s, selon la p\u00e2te et la m\u00e9thode de cuisson), elle transmettra la chaleur uniform\u00e9ment \u00e0 la pizza, vous permettant ainsi de pr\u00e9parer de d\u00e9licieuses pizzas au barbecue, les unes apr\u00e8s les autres.  <\/p>\n<p>Bien s\u00fbr, la pierre peut aussi tout simplement \u00eatre utilis\u00e9e dans votre four.<\/p>\n<p>&nbsp;<\/p>\n","protected":false},"excerpt":{"rendered":"<p>Le grand avantage de la pierre \u00e0 pizza Tools4grill est qu&rsquo;elle chauffe la pizza uniform\u00e9ment par le dessous, pour une cro\u00fbte d\u00e9licieusement croustillante. Avec la bonne p\u00e2te et la bonne temp\u00e9rature, vous pouvez r\u00e9aliser de savoureuses pizzas, comme en Italie. Cette pierre \u00e0 pizza Tools4grill se distingue par son \u00e9paisseur de 1,2 cm. Laissez-la chauffer [&hellip;]<\/p>\n","protected":false},"featured_media":569,"comment_status":"open","ping_status":"closed","template":"","meta":{"_et_pb_use_builder":"","_et_pb_old_content":"","_et_gb_content_width":""},"product_brand":[],"product_cat":[189,148],"product_tag":[217],"class_list":{"0":"post-225873","1":"product","2":"type-product","3":"status-publish","4":"has-post-thumbnail","6":"product_cat-18-pouces","7":"product_cat-pierre-a-pizza-steatite","8":"product_tag-34-cm","10":"first","11":"instock","12":"taxable","13":"shipping-taxable","14":"purchasable","15":"product-type-simple"},"_links":{"self":[{"href":"https:\/\/www.tools4grill.nl\/fr\/wp-json\/wp\/v2\/product\/225873","targetHints":{"allow":["GET"]}}],"collection":[{"href":"https:\/\/www.tools4grill.nl\/fr\/wp-json\/wp\/v2\/product"}],"about":[{"href":"https:\/\/www.tools4grill.nl\/fr\/wp-json\/wp\/v2\/types\/product"}],"replies":[{"embeddable":true,"href":"https:\/\/www.tools4grill.nl\/fr\/wp-json\/wp\/v2\/comments?post=225873"}],"wp:featuredmedia":[{"embeddable":true,"href":"https:\/\/www.tools4grill.nl\/fr\/wp-json\/wp\/v2\/media\/569"}],"wp:attachment":[{"href":"https:\/\/www.tools4grill.nl\/fr\/wp-json\/wp\/v2\/media?parent=225873"}],"wp:term":[{"taxonomy":"product_brand","embeddable":true,"href":"https:\/\/www.tools4grill.nl\/fr\/wp-json\/wp\/v2\/product_brand?post=225873"},{"taxonomy":"product_cat","embeddable":true,"href":"https:\/\/www.tools4grill.nl\/fr\/wp-json\/wp\/v2\/product_cat?post=225873"},{"taxonomy":"product_tag","embeddable":true,"href":"https:\/\/www.tools4grill.nl\/fr\/wp-json\/wp\/v2\/product_tag?post=225873"}],"curies":[{"name":"wp","href":"https:\/\/api.w.org\/{rel}","templated":true}]}}