{"id":225823,"date":"2021-02-12T08:04:45","date_gmt":"2021-02-12T07:04:45","guid":{"rendered":"https:\/\/www.tools4grill.nl\/product\/pierre-a-pizza-36-cm\/"},"modified":"2021-02-12T08:04:45","modified_gmt":"2021-02-12T07:04:45","slug":"pierre-a-pizza-36-cm","status":"publish","type":"product","link":"https:\/\/www.tools4grill.nl\/fr\/produit\/pierre-a-pizza-36-cm\/","title":{"rendered":"Pierre \u00e0 pizza 36 cm"},"content":{"rendered":"<p>&nbsp;<\/p>\n<p>Le grand avantage de la <strong>pierre \u00e0 pizza<\/strong> <strong>Tools4grill<\/strong> est sa cuisson uniforme par le dessous (jusqu&rsquo;\u00e0 600 degr\u00e9s), qui permet d&rsquo;obtenir une cro\u00fbte d\u00e9licieusement croustillante. Avec la bonne p\u00e2te et la bonne temp\u00e9rature, vous pouvez r\u00e9aliser de savoureuses pizzas, dignes des meilleures pizzas italiennes.<br \/>\nCette pierre \u00e0 pizza <strong>Tools4grill<\/strong> se distingue par son \u00e9paisseur de 1,2 cm. Laissez-la chauffer en m\u00eame temps que le barbecue, ce qui \u00e9vite les variations de temp\u00e9rature importantes. Une fois la temp\u00e9rature souhait\u00e9e atteinte (environ 250 degr\u00e9s selon la p\u00e2te et la m\u00e9thode de cuisson), elle transmet la chaleur uniform\u00e9ment \u00e0 la pizza, vous permettant ainsi de pr\u00e9parer de d\u00e9licieuses pizzas au barbecue, les unes apr\u00e8s les autres.  <\/p>\n","protected":false},"excerpt":{"rendered":"<p>&nbsp; Le grand avantage de la pierre \u00e0 pizza Tools4grill est sa cuisson uniforme par le dessous (jusqu&rsquo;\u00e0 600 degr\u00e9s), qui permet d&rsquo;obtenir une cro\u00fbte d\u00e9licieusement croustillante. Avec la bonne p\u00e2te et la bonne temp\u00e9rature, vous pouvez r\u00e9aliser de savoureuses pizzas, dignes des meilleures pizzas italiennes. Cette pierre \u00e0 pizza Tools4grill se distingue par son [&hellip;]<\/p>\n","protected":false},"featured_media":515,"comment_status":"open","ping_status":"closed","template":"","meta":{"_et_pb_use_builder":"","_et_pb_old_content":"","_et_gb_content_width":""},"product_brand":[],"product_cat":[188,148],"product_tag":[216],"class_list":{"0":"post-225823","1":"product","2":"type-product","3":"status-publish","4":"has-post-thumbnail","6":"product_cat-20-pouces","7":"product_cat-pierre-a-pizza-steatite","8":"product_tag-36-cm","10":"first","11":"instock","12":"taxable","13":"shipping-taxable","14":"purchasable","15":"product-type-simple"},"_links":{"self":[{"href":"https:\/\/www.tools4grill.nl\/fr\/wp-json\/wp\/v2\/product\/225823","targetHints":{"allow":["GET"]}}],"collection":[{"href":"https:\/\/www.tools4grill.nl\/fr\/wp-json\/wp\/v2\/product"}],"about":[{"href":"https:\/\/www.tools4grill.nl\/fr\/wp-json\/wp\/v2\/types\/product"}],"replies":[{"embeddable":true,"href":"https:\/\/www.tools4grill.nl\/fr\/wp-json\/wp\/v2\/comments?post=225823"}],"wp:featuredmedia":[{"embeddable":true,"href":"https:\/\/www.tools4grill.nl\/fr\/wp-json\/wp\/v2\/media\/515"}],"wp:attachment":[{"href":"https:\/\/www.tools4grill.nl\/fr\/wp-json\/wp\/v2\/media?parent=225823"}],"wp:term":[{"taxonomy":"product_brand","embeddable":true,"href":"https:\/\/www.tools4grill.nl\/fr\/wp-json\/wp\/v2\/product_brand?post=225823"},{"taxonomy":"product_cat","embeddable":true,"href":"https:\/\/www.tools4grill.nl\/fr\/wp-json\/wp\/v2\/product_cat?post=225823"},{"taxonomy":"product_tag","embeddable":true,"href":"https:\/\/www.tools4grill.nl\/fr\/wp-json\/wp\/v2\/product_tag?post=225823"}],"curies":[{"name":"wp","href":"https:\/\/api.w.org\/{rel}","templated":true}]}}