{"id":225806,"date":"2021-02-11T10:34:24","date_gmt":"2021-02-11T09:34:24","guid":{"rendered":"https:\/\/www.tools4grill.nl\/product\/lot-de-3-rectangulaires-40x33-cm\/"},"modified":"2021-02-11T10:34:24","modified_gmt":"2021-02-11T09:34:24","slug":"lot-de-3-rectangulaires-40x33-cm","status":"publish","type":"product","link":"https:\/\/www.tools4grill.nl\/fr\/produit\/lot-de-3-rectangulaires-40x33-cm\/","title":{"rendered":"Lot de 3 rectangulaires 40&#215;33 cm"},"content":{"rendered":"<p>Utilisez ce papier aluminium antiadh\u00e9sif de haute qualit\u00e9 pour frire ou griller viandes, poissons, poulets, l\u00e9gumes et biscuits. Plus besoin de beurre ni d&rsquo;huile ! Vos viandes et l\u00e9gumes doreront \u00e0 la perfection sans br\u00fbler. Et apr\u00e8s utilisation ? Un simple rin\u00e7age \u00e0 l&rsquo;eau chaude ou un passage au lave-vaisselle suffisent pour nettoyer le papier aluminium.    <\/p>\n<p>Ce film est utilisable des deux c\u00f4t\u00e9s.<\/p>\n<p>Lot de 3<\/p>\n<p>PTFE de haute qualit\u00e9<\/p>\n<p>\u2714 Tapis de cuisson en t\u00e9flon adapt\u00e9 \u00e0 une utilisation multifonctionnelle &#8211; au four, au micro-ondes ou sur le barbecue !<\/p>\n<p>\u2714 Emp\u00eache les aliments de tomber \u00e0 travers les trous du barbecue ou de la grille du four !<\/p>\n<p>\u2714 Grand format de 400 x 330 mm pour cuire simultan\u00e9ment des l\u00e9gumes, de la viande, du poisson et bien plus encore !<\/p>\n<p>\u2714 100% antiadh\u00e9sif et r\u00e9utilisable !<\/p>\n<p>\u2714 R\u00e9sistant aux hautes temp\u00e9ratures jusqu&rsquo;\u00e0 260 degr\u00e9s Celsius !<\/p>\n<p>\u2714 Facile \u00e0 nettoyer apr\u00e8s utilisation &#8211; passe \u00e9galement au lave-vaisselle !<\/p>\n","protected":false},"excerpt":{"rendered":"<p>Utilisez ce papier aluminium antiadh\u00e9sif de haute qualit\u00e9 pour frire ou griller viandes, poissons, poulets, l\u00e9gumes et biscuits. Plus besoin de beurre ni d&rsquo;huile ! Vos viandes et l\u00e9gumes doreront \u00e0 la perfection sans br\u00fbler. Et apr\u00e8s utilisation ? Un simple rin\u00e7age \u00e0 l&rsquo;eau chaude ou un passage au lave-vaisselle suffisent pour nettoyer le papier [&hellip;]<\/p>\n","protected":false},"featured_media":330,"comment_status":"open","ping_status":"closed","template":"","meta":{"_et_pb_use_builder":"","_et_pb_old_content":"","_et_gb_content_width":""},"product_brand":[],"product_cat":[175],"product_tag":[268],"class_list":{"0":"post-225806","1":"product","2":"type-product","3":"status-publish","4":"has-post-thumbnail","6":"product_cat-feuilles-antiadhesives","7":"product_tag-40x33-cm","9":"first","10":"instock","11":"taxable","12":"shipping-taxable","13":"purchasable","14":"product-type-simple"},"_links":{"self":[{"href":"https:\/\/www.tools4grill.nl\/fr\/wp-json\/wp\/v2\/product\/225806","targetHints":{"allow":["GET"]}}],"collection":[{"href":"https:\/\/www.tools4grill.nl\/fr\/wp-json\/wp\/v2\/product"}],"about":[{"href":"https:\/\/www.tools4grill.nl\/fr\/wp-json\/wp\/v2\/types\/product"}],"replies":[{"embeddable":true,"href":"https:\/\/www.tools4grill.nl\/fr\/wp-json\/wp\/v2\/comments?post=225806"}],"wp:featuredmedia":[{"embeddable":true,"href":"https:\/\/www.tools4grill.nl\/fr\/wp-json\/wp\/v2\/media\/330"}],"wp:attachment":[{"href":"https:\/\/www.tools4grill.nl\/fr\/wp-json\/wp\/v2\/media?parent=225806"}],"wp:term":[{"taxonomy":"product_brand","embeddable":true,"href":"https:\/\/www.tools4grill.nl\/fr\/wp-json\/wp\/v2\/product_brand?post=225806"},{"taxonomy":"product_cat","embeddable":true,"href":"https:\/\/www.tools4grill.nl\/fr\/wp-json\/wp\/v2\/product_cat?post=225806"},{"taxonomy":"product_tag","embeddable":true,"href":"https:\/\/www.tools4grill.nl\/fr\/wp-json\/wp\/v2\/product_tag?post=225806"}],"curies":[{"name":"wp","href":"https:\/\/api.w.org\/{rel}","templated":true}]}}