{"id":225801,"date":"2021-02-11T10:30:31","date_gmt":"2021-02-11T09:30:31","guid":{"rendered":"https:\/\/www.tools4grill.nl\/product\/rond-60-cm-lot-de-2\/"},"modified":"2021-02-11T10:30:31","modified_gmt":"2021-02-11T09:30:31","slug":"rond-60-cm-lot-de-2","status":"publish","type":"product","link":"https:\/\/www.tools4grill.nl\/fr\/produit\/rond-60-cm-lot-de-2\/","title":{"rendered":"Rond 60 cm, lot de 2"},"content":{"rendered":"<p>Ces tapis <strong>XXL<\/strong> pour Kamado, barbecue, four et grill sont faciles \u00e0 utiliser.<\/p>\n<p>Placez le tapis sur la grille du barbecue, du four ou du gril et commencez \u00e0 cuire !<\/p>\n<p>\u2714 Pas besoin de graisse ni d&rsquo;huile car le tapis ne colle pas gr\u00e2ce \u00e0 ses propri\u00e9t\u00e9s antiadh\u00e9sives.<\/p>\n<p>\u2714 Le tapis emp\u00eache les gouttelettes de graisse et donc les flammes du barbecue, pour que votre viande, votre poisson ou vos l\u00e9gumes ne br\u00fblent pas.<\/p>\n<p>\u2714 Vous pouvez utiliser ce tapis au four, sur le gril ou sur le barbecue. Il convient \u00e0 diverses sources de chaleur, telles que les briquettes, les fumoirs, les barbecues \u00e0 gaz, \u00e0 propane, \u00e9lectriques ou \u00e0 charbon. Ce tapis r\u00e9siste \u00e0 la chaleur jusqu&rsquo;\u00e0 250 degr\u00e9s Fahrenheit (260 \u00b0C).  <\/p>\n<p>&nbsp;<\/p>\n<p>\u25b6 Mat\u00e9riau : T\u00e9flon<\/p>\n<p>\u25b6 Couleur : Noir<\/p>\n<p>\u25b6 Facile \u00e0 utiliser et facile \u00e0 nettoyer<\/p>\n<p>\u25b6 Pour four, gril, kamado ou barbecue<\/p>\n<p>\u25b6 Compatible lave-vaisselle<\/p>\n<p>\u25b6 R\u00e9sistant \u00e0 la chaleur jusqu&rsquo;\u00e0 250 degr\u00e9s ou 500 degr\u00e9s Fahrenheit<\/p>\n<p>\u25b6 Effet antiadh\u00e9sif<\/p>\n<p>\u25b6 100 % sans PFOA<\/p>\n<p>\u25b6 Taille XXL 60 cm \/ 23 pouces de diam\u00e8tre<\/p>\n<p>\u25b6 Multifonctionnel (poisson, viande, l\u00e9gumes et produits de boulangerie)<\/p>\n","protected":false},"excerpt":{"rendered":"<p>Ces tapis XXL pour Kamado, barbecue, four et grill sont faciles \u00e0 utiliser. Placez le tapis sur la grille du barbecue, du four ou du gril et commencez \u00e0 cuire ! \u2714 Pas besoin de graisse ni d&rsquo;huile car le tapis ne colle pas gr\u00e2ce \u00e0 ses propri\u00e9t\u00e9s antiadh\u00e9sives. \u2714 Le tapis emp\u00eache les gouttelettes [&hellip;]<\/p>\n","protected":false},"featured_media":330,"comment_status":"open","ping_status":"closed","template":"","meta":{"_et_pb_use_builder":"","_et_pb_old_content":"","_et_gb_content_width":""},"product_brand":[],"product_cat":[175],"product_tag":[265],"class_list":{"0":"post-225801","1":"product","2":"type-product","3":"status-publish","4":"has-post-thumbnail","6":"product_cat-feuilles-antiadhesives","7":"product_tag-60-cm","9":"first","10":"instock","11":"taxable","12":"shipping-taxable","13":"purchasable","14":"product-type-simple"},"_links":{"self":[{"href":"https:\/\/www.tools4grill.nl\/fr\/wp-json\/wp\/v2\/product\/225801","targetHints":{"allow":["GET"]}}],"collection":[{"href":"https:\/\/www.tools4grill.nl\/fr\/wp-json\/wp\/v2\/product"}],"about":[{"href":"https:\/\/www.tools4grill.nl\/fr\/wp-json\/wp\/v2\/types\/product"}],"replies":[{"embeddable":true,"href":"https:\/\/www.tools4grill.nl\/fr\/wp-json\/wp\/v2\/comments?post=225801"}],"wp:featuredmedia":[{"embeddable":true,"href":"https:\/\/www.tools4grill.nl\/fr\/wp-json\/wp\/v2\/media\/330"}],"wp:attachment":[{"href":"https:\/\/www.tools4grill.nl\/fr\/wp-json\/wp\/v2\/media?parent=225801"}],"wp:term":[{"taxonomy":"product_brand","embeddable":true,"href":"https:\/\/www.tools4grill.nl\/fr\/wp-json\/wp\/v2\/product_brand?post=225801"},{"taxonomy":"product_cat","embeddable":true,"href":"https:\/\/www.tools4grill.nl\/fr\/wp-json\/wp\/v2\/product_cat?post=225801"},{"taxonomy":"product_tag","embeddable":true,"href":"https:\/\/www.tools4grill.nl\/fr\/wp-json\/wp\/v2\/product_tag?post=225801"}],"curies":[{"name":"wp","href":"https:\/\/api.w.org\/{rel}","templated":true}]}}