{"id":225789,"date":"2021-02-11T10:29:27","date_gmt":"2021-02-11T09:29:27","guid":{"rendered":"https:\/\/www.tools4grill.nl\/product\/rond-48-cm-paquet-de-2-pieces-cadac-skottel\/"},"modified":"2026-03-19T04:07:41","modified_gmt":"2026-03-19T03:07:41","slug":"rond-48-cm-paquet-de-2-pieces-cadac-skottel","status":"publish","type":"product","link":"https:\/\/www.tools4grill.nl\/fr\/produit\/rond-48-cm-paquet-de-2-pieces-cadac-skottel\/","title":{"rendered":"Rond 48 cm paquet de 2 pi\u00e8ces (cadac skottel)"},"content":{"rendered":"<p data-start=\"93\" data-end=\"163\"><strong data-start=\"93\" data-end=\"163\">Feuille antiadh\u00e9sive \u00d848cm \u2013 s&rsquo;adapte parfaitement au Cadac Skottelbraai<\/strong><\/p>\n<ul data-start=\"165\" data-end=\"736\">\n<li data-start=\"165\" data-end=\"285\">\n<p data-start=\"167\" data-end=\"285\"><span class=\"relative -mx-px my-[-0.2rem] rounded px-px py-[0.2rem] transition-colors duration-100 ease-in-out\"><strong data-start=\"0\" data-end=\"29\" data-is-last-node=\"\" data-is-only-node=\"\"><span class=\"relative -mx-px my-[-0.2rem] rounded px-px py-[0.2rem] transition-colors duration-100 ease-in-out\">Grillades saines et sans mati\u00e8res grasses<\/span><\/strong><\/span><br data-start=\"204\" data-end=\"207\">Le rev\u00eatement en PTFE de haute qualit\u00e9 vous permet de cuire viandes, poissons, poulets et l\u00e9gumes sans beurre ni huile, pour un repas plus sain et un r\u00e9sultat croustillant et parfaitement dor\u00e9.<\/p>\n<\/li>\n<li data-start=\"287\" data-end=\"407\">\n<p data-start=\"289\" data-end=\"407\"><strong data-start=\"0\" data-end=\"43\" data-is-last-node=\"\" data-is-only-node=\"\">Il suffit de nettoyer pour la prochaine utilisation.<\/strong><br data-start=\"326\" data-end=\"329\">Lavez le papier aluminium \u00e0 l&rsquo;eau chaude ou mettez-le au lave-vaisselle : le Skottel reste parfaitement propre sans avoir besoin de frotter.<\/p>\n<\/li>\n<li data-start=\"409\" data-end=\"529\">\n<p data-start=\"411\" data-end=\"529\"><strong data-start=\"0\" data-end=\"37\" data-is-last-node=\"\" data-is-only-node=\"\">Double face et robuste<\/strong><br data-start=\"448\" data-end=\"451\">Retournez le film pour prolonger sa dur\u00e9e de vie : durable et r\u00e9utilisable \u00e0 l\u2019infini<\/p>\n<\/li>\n<li data-start=\"531\" data-end=\"616\">\n<p data-start=\"533\" data-end=\"616\"><strong data-start=\"0\" data-end=\"27\" data-is-last-node=\"\" data-is-only-node=\"\">Dimensions parfaitement adapt\u00e9es<\/strong><br data-start=\"572\" data-end=\"575\"><strong data-start=\"0\" data-end=\"11\" data-is-only-node=\"\">\u00d848 cm<\/strong>, sp\u00e9cialement con\u00e7u pour le <strong data-start=\"40\" data-end=\"57\">Cadac Skottel <\/strong>(\u00b147 cm de diam\u00e8tre) et le barbecue kamado rond de 19 pouces. Facile \u00e0 d\u00e9couper \u00e0 la taille souhait\u00e9e (par exemple, en demi-lune).<\/p>\n<\/li>\n<li data-start=\"618\" data-end=\"736\">\n<p data-start=\"620\" data-end=\"736\"><span class=\"relative -mx-px my-[-0.2rem] rounded px-px py-[0.2rem] transition-colors duration-100 ease-in-out\">Pr\u00e9cautions d&#8217;emploi recommand\u00e9es<\/span><br data-start=\"651\" data-end=\"654\">Utiliser des spatules souples (en bois ou en silicone) pour prot\u00e9ger le rev\u00eatement en PTFE ; ne convient pas au contact direct avec des flammes nues, des br\u00fbleurs ou des \u00e9l\u00e9ments chauffants.<\/p>\n<\/li>\n<\/ul>\n<p><strong>Un bon \u00e9quipement est \u00e9videmment primordial pour un barbecue r\u00e9ussi ! Tools4Grill a s\u00e9lectionn\u00e9 pour vous des produits de qualit\u00e9 provenant de fabricants b\u00e9n\u00e9ficiant d&rsquo;une longue exp\u00e9rience internationale dans le d\u00e9veloppement et la production d&rsquo;articles pour barbecue et grillades. Vous pouvez donc faire votre choix en toute s\u00e9r\u00e9nit\u00e9 ! <\/strong><\/p>\n<p><strong>Nos produits ont \u00e9t\u00e9 test\u00e9s de mani\u00e8re approfondie et r\u00e9pondent \u00e0 toutes les exigences de qualit\u00e9.<\/strong><br \/>\n<strong>L&rsquo;assortiment est disponible exclusivement via Bol.com et sur notre propre site, et sera continuellement enrichi de nouveaux produits de qualit\u00e9 sup\u00e9rieure \u00e0 des prix comp\u00e9titifs.<\/strong><\/p>\n","protected":false},"excerpt":{"rendered":"<p>Feuille antiadh\u00e9sive \u00d848cm \u2013 s&rsquo;adapte parfaitement au Cadac Skottelbraai Grillades saines et sans mati\u00e8res grassesLe rev\u00eatement en PTFE de haute qualit\u00e9 vous permet de cuire viandes, poissons, poulets et l\u00e9gumes sans beurre ni huile, pour un repas plus sain et un r\u00e9sultat croustillant et parfaitement dor\u00e9. Il suffit de nettoyer pour la prochaine utilisation.Lavez le [&hellip;]<\/p>\n","protected":false},"featured_media":336,"comment_status":"open","ping_status":"closed","template":"","meta":{"_et_pb_use_builder":"","_et_pb_old_content":"","_et_gb_content_width":""},"product_brand":[],"product_cat":[187,175],"product_tag":[262],"class_list":{"0":"post-225789","1":"product","2":"type-product","3":"status-publish","4":"has-post-thumbnail","6":"product_cat-23-pouces","7":"product_cat-feuilles-antiadhesives","8":"product_tag-48-cm","10":"first","11":"instock","12":"taxable","13":"shipping-taxable","14":"product-type-simple"},"_links":{"self":[{"href":"https:\/\/www.tools4grill.nl\/fr\/wp-json\/wp\/v2\/product\/225789","targetHints":{"allow":["GET"]}}],"collection":[{"href":"https:\/\/www.tools4grill.nl\/fr\/wp-json\/wp\/v2\/product"}],"about":[{"href":"https:\/\/www.tools4grill.nl\/fr\/wp-json\/wp\/v2\/types\/product"}],"replies":[{"embeddable":true,"href":"https:\/\/www.tools4grill.nl\/fr\/wp-json\/wp\/v2\/comments?post=225789"}],"wp:featuredmedia":[{"embeddable":true,"href":"https:\/\/www.tools4grill.nl\/fr\/wp-json\/wp\/v2\/media\/336"}],"wp:attachment":[{"href":"https:\/\/www.tools4grill.nl\/fr\/wp-json\/wp\/v2\/media?parent=225789"}],"wp:term":[{"taxonomy":"product_brand","embeddable":true,"href":"https:\/\/www.tools4grill.nl\/fr\/wp-json\/wp\/v2\/product_brand?post=225789"},{"taxonomy":"product_cat","embeddable":true,"href":"https:\/\/www.tools4grill.nl\/fr\/wp-json\/wp\/v2\/product_cat?post=225789"},{"taxonomy":"product_tag","embeddable":true,"href":"https:\/\/www.tools4grill.nl\/fr\/wp-json\/wp\/v2\/product_tag?post=225789"}],"curies":[{"name":"wp","href":"https:\/\/api.w.org\/{rel}","templated":true}]}}