{"id":225493,"date":"2021-02-11T10:15:06","date_gmt":"2021-02-11T09:15:06","guid":{"rendered":"https:\/\/www.tools4grill.nl\/product\/rondes-de-105-cm-pour-pizza-lot-de-6\/"},"modified":"2021-02-11T10:15:06","modified_gmt":"2021-02-11T09:15:06","slug":"rondes-de-105-cm-pour-pizza-lot-de-6","status":"publish","type":"product","link":"https:\/\/www.tools4grill.nl\/fr\/produit\/rondes-de-105-cm-pour-pizza-lot-de-6\/","title":{"rendered":"Rondes de 10,5 cm pour pizza, lot de 6"},"content":{"rendered":"<p>Avec ce four \u00e0 pizza, fini les pizzas collantes ! Gr\u00e2ce \u00e0 ces disques en t\u00e9flon antiadh\u00e9sifs sur mesure, vous pouvez pr\u00e9parer des pizzas \u00e0 r\u00e9p\u00e9tition sans que la p\u00e2te ne colle \u00e0 la spatule. Le nettoyage est tout aussi simple. Le rev\u00eatement en t\u00e9flon se nettoie tr\u00e8s facilement avec une brosse \u00e0 vaisselle et un peu d&rsquo;eau savonneuse, ou au lave-vaisselle. Si vous utilisez au moins deux disques antiadh\u00e9sifs par spatule, vous pouvez \u00e9galement pr\u00e9parer votre pizza sur une assiette et la glisser ensuite facilement sur la pelle \u00e0 pizza.    <\/p>\n<p>Fabriqu\u00e9 en t\u00e9flon de haute qualit\u00e9, il est r\u00e9utilisable \u00e0 l&rsquo;infini, pour profiter pleinement de votre four \u00e0 pizza en toute s\u00e9r\u00e9nit\u00e9.<br \/>R\u00e9siste \u00e0 des temp\u00e9ratures jusqu&rsquo;\u00e0 400 \u00b0C.<\/p>\n","protected":false},"excerpt":{"rendered":"<p>Avec ce four \u00e0 pizza, fini les pizzas collantes ! Gr\u00e2ce \u00e0 ces disques en t\u00e9flon antiadh\u00e9sifs sur mesure, vous pouvez pr\u00e9parer des pizzas \u00e0 r\u00e9p\u00e9tition sans que la p\u00e2te ne colle \u00e0 la spatule. Le nettoyage est tout aussi simple. Le rev\u00eatement en t\u00e9flon se nettoie tr\u00e8s facilement avec une brosse \u00e0 vaisselle et [&hellip;]<\/p>\n","protected":false},"featured_media":318,"comment_status":"open","ping_status":"closed","template":"","meta":{"_et_pb_use_builder":"","_et_pb_old_content":"","_et_gb_content_width":""},"product_brand":[],"product_cat":[175],"product_tag":[233],"class_list":{"0":"post-225493","1":"product","2":"type-product","3":"status-publish","4":"has-post-thumbnail","6":"product_cat-feuilles-antiadhesives","7":"product_tag-10-5-cm","9":"first","10":"instock","11":"taxable","12":"shipping-taxable","13":"purchasable","14":"product-type-simple"},"_links":{"self":[{"href":"https:\/\/www.tools4grill.nl\/fr\/wp-json\/wp\/v2\/product\/225493","targetHints":{"allow":["GET"]}}],"collection":[{"href":"https:\/\/www.tools4grill.nl\/fr\/wp-json\/wp\/v2\/product"}],"about":[{"href":"https:\/\/www.tools4grill.nl\/fr\/wp-json\/wp\/v2\/types\/product"}],"replies":[{"embeddable":true,"href":"https:\/\/www.tools4grill.nl\/fr\/wp-json\/wp\/v2\/comments?post=225493"}],"wp:featuredmedia":[{"embeddable":true,"href":"https:\/\/www.tools4grill.nl\/fr\/wp-json\/wp\/v2\/media\/318"}],"wp:attachment":[{"href":"https:\/\/www.tools4grill.nl\/fr\/wp-json\/wp\/v2\/media?parent=225493"}],"wp:term":[{"taxonomy":"product_brand","embeddable":true,"href":"https:\/\/www.tools4grill.nl\/fr\/wp-json\/wp\/v2\/product_brand?post=225493"},{"taxonomy":"product_cat","embeddable":true,"href":"https:\/\/www.tools4grill.nl\/fr\/wp-json\/wp\/v2\/product_cat?post=225493"},{"taxonomy":"product_tag","embeddable":true,"href":"https:\/\/www.tools4grill.nl\/fr\/wp-json\/wp\/v2\/product_tag?post=225493"}],"curies":[{"name":"wp","href":"https:\/\/api.w.org\/{rel}","templated":true}]}}