{"id":225484,"date":"2021-02-11T10:04:27","date_gmt":"2021-02-11T09:04:27","guid":{"rendered":"https:\/\/www.tools4grill.nl\/product\/21-pouces-diviser-et-regner\/"},"modified":"2026-03-13T01:32:26","modified_gmt":"2026-03-13T00:32:26","slug":"21-pouces-diviser-et-regner","status":"publish","type":"product","link":"https:\/\/www.tools4grill.nl\/fr\/produit\/21-pouces-diviser-et-regner\/","title":{"rendered":"21 pouces Diviser et r\u00e9gner"},"content":{"rendered":"<p><strong>Syst\u00e8me de cuisson flexible Divide &amp; Conquer pour tous les barbecues kamado : l\u2019accessoire ultime pour une cuisine polyvalente<\/strong><\/p>\n<p>Ce syst\u00e8me de grille flexible Tools4Grill est l&rsquo;accessoire id\u00e9al pour exploiter pleinement le potentiel de votre barbecue Kamado. Cette plateforme de cuisson innovante \u00e0 plusieurs niveaux vous permet de configurer votre Kamado de diff\u00e9rentes mani\u00e8res, en cr\u00e9ant facilement des zones et des hauteurs de cuisson vari\u00e9es pour une exp\u00e9rience culinaire polyvalente. <\/p>\n<p>Ce syst\u00e8me permet d&rsquo;utiliser le Kamado par sections pour une cuisson directe et indirecte. Les plaques en demi-lune permettent une cuisson indirecte, tandis que les grilles en demi-lune peuvent \u00eatre positionn\u00e9es \u00e0 diff\u00e9rentes hauteurs pour une r\u00e9partition optimale de la chaleur. Ce syst\u00e8me permet de griller, fumer et mijoter avec pr\u00e9cision et contr\u00f4le.  <\/p>\n<p>En plus du cadre en acier inoxydable, vous recevez \u00e9galement deux d\u00e9flecteurs de chaleur en demi-lune et deux demi-grilles en acier inoxydable, ainsi qu&rsquo;une \u00e9toile pratique en acier inoxydable. Cette \u00e9toile est id\u00e9ale pour suspendre une cocotte en fonte ou poser une pierre \u00e0 pizza, offrant ainsi encore plus de possibilit\u00e9s pour exprimer votre cr\u00e9ativit\u00e9 culinaire. <\/p>\n<p><strong>Polyvalence et facilit\u00e9 d&rsquo;utilisation<\/strong><\/p>\n<p>Le syst\u00e8me de cuisson flexible est id\u00e9al pour la cuisson lente, permettant de cuire les plats lentement et indirectement \u00e0 basse temp\u00e9rature. Les \u00e9crans thermiques en c\u00e9ramique transforment votre barbecue Kamado en four, tandis que le d\u00e9flecteur de chaleur emp\u00eache les flammes directes d&rsquo;entrer en contact avec les aliments. Vous pouvez ainsi pr\u00e9parer \u00e0 la perfection des plats d\u00e9licats comme du poisson, du pain ou de la viande mijot\u00e9e, sans risque de les br\u00fbler.  <\/p>\n<p>Ce syst\u00e8me, \u00e9galement appel\u00e9 <strong>syst\u00e8me de cuisson multi-niveaux<\/strong>, remplace la grille standard du Kamado. Il peut \u00eatre compl\u00e9t\u00e9 par divers accessoires, tels qu&rsquo;une demi-plaque de cuisson en fonte, une demi-grille de cuisson en fonte, une cocotte en fonte ou un extenseur de grille. Vous pouvez ainsi personnaliser votre Kamado en fonction des besoins sp\u00e9cifiques de chaque plat que vous souhaitez pr\u00e9parer.  <\/p>\n<p><strong>Dimensions et sp\u00e9cifications<\/strong><\/p>\n<p><strong>21 pouces : Convient aux Kamados de 21 pouces. Compatible avec les Kamados dont le foyer a un diam\u00e8tre int\u00e9rieur de 39 \u00e0 44 cm. Le diam\u00e8tre ext\u00e9rieur maximal est de 46 cm.  <\/strong><\/p>\n<p>&nbsp;<\/p>\n<p><strong>Compris:<\/strong><\/p>\n<ul>\n<li>Syst\u00e8me de cuisson flexible Cadre en acier inoxydable<\/li>\n<li>\u00c9toile en acier inoxydable pour positionner les d\u00e9flecteurs \u00e0 diff\u00e9rentes hauteurs<\/li>\n<li>2 demi-grils en acier inoxydable<\/li>\n<li>2 demi-d\u00e9flecteurs en c\u00e9ramique (\u00e9crans thermiques)<\/li>\n<\/ul>\n<p><strong>Options extensibles :<\/strong><\/p>\n<ul>\n<li>Grille en demi-fonte<\/li>\n<li>Demi-plaque de cuisson en fonte<\/li>\n<li>Four hollandais<\/li>\n<li>extenseur de grille<\/li>\n<\/ul>\n<p><strong>Tailles disponibles :<\/strong><\/p>\n<p>Ce syst\u00e8me de cuisson flexible est disponible en diff\u00e9rentes tailles pour s&rsquo;adapter \u00e0 pratiquement tous les barbecues Kamado. Ses fonctionnalit\u00e9s extensibles transforment votre Kamado en un outil polyvalent, vous permettant de pr\u00e9parer des plats comme un v\u00e9ritable ma\u00eetre du grill. <\/p>\n<p>.<\/p>\n<p><strong>Un bon \u00e9quipement est \u00e9videmment indispensable pour un barbecue r\u00e9ussi ! Tools4Grill a s\u00e9lectionn\u00e9 pour vous des produits de qualit\u00e9 aupr\u00e8s de fabricants b\u00e9n\u00e9ficiant d&rsquo;une longue exp\u00e9rience internationale dans le d\u00e9veloppement et la fabrication d&rsquo;accessoires pour barbecue et grillades. Vous n&rsquo;avez donc aucun souci \u00e0 vous faire ! <\/strong><\/p>\n<p><strong>Nos produits ont \u00e9t\u00e9 test\u00e9s de mani\u00e8re approfondie et r\u00e9pondent \u00e0 toutes les exigences de qualit\u00e9.<\/strong><br \/>\n<strong>Cette gamme est disponible exclusivement sur Bol.com et sur notre propre site web et sera continuellement enrichie de nouveaux produits de qualit\u00e9 sup\u00e9rieure \u00e0 des prix comp\u00e9titifs.<\/strong><\/p>\n<p>&nbsp;<\/p>\n<p>Nos accessoires sont compatibles avec toutes les grandes marques telles que Big Green Egg, The Basterd, Grill Guru, The Real Egg, Kamado Joe, Auplex, etc. Pour commander l&rsquo;accessoire adapt\u00e9, veuillez indiquer la taille de l&rsquo;anneau de feu. <\/p>\n<p>&nbsp;<\/p>\n<p>&nbsp;<\/p>\n","protected":false},"excerpt":{"rendered":"<p>Syst\u00e8me de cuisson flexible Divide &amp; Conquer pour tous les barbecues kamado : l\u2019accessoire ultime pour une cuisine polyvalente Ce syst\u00e8me de grille flexible Tools4Grill est l&rsquo;accessoire id\u00e9al pour exploiter pleinement le potentiel de votre barbecue Kamado. Cette plateforme de cuisson innovante \u00e0 plusieurs niveaux vous permet de configurer votre Kamado de diff\u00e9rentes mani\u00e8res, en [&hellip;]<\/p>\n","protected":false},"featured_media":570,"comment_status":"open","ping_status":"closed","template":"","meta":{"_et_pb_use_builder":"","_et_pb_old_content":"","_et_gb_content_width":""},"product_brand":[],"product_cat":[131,169],"product_tag":[240],"class_list":{"0":"post-225484","1":"product","2":"type-product","3":"status-publish","4":"has-post-thumbnail","6":"product_cat-21-pouces","7":"product_cat-diviser-pour-mieux-regner","8":"product_tag-21-pouces","10":"first","11":"instock","12":"taxable","13":"shipping-taxable","14":"purchasable","15":"product-type-simple"},"_links":{"self":[{"href":"https:\/\/www.tools4grill.nl\/fr\/wp-json\/wp\/v2\/product\/225484","targetHints":{"allow":["GET"]}}],"collection":[{"href":"https:\/\/www.tools4grill.nl\/fr\/wp-json\/wp\/v2\/product"}],"about":[{"href":"https:\/\/www.tools4grill.nl\/fr\/wp-json\/wp\/v2\/types\/product"}],"replies":[{"embeddable":true,"href":"https:\/\/www.tools4grill.nl\/fr\/wp-json\/wp\/v2\/comments?post=225484"}],"wp:featuredmedia":[{"embeddable":true,"href":"https:\/\/www.tools4grill.nl\/fr\/wp-json\/wp\/v2\/media\/570"}],"wp:attachment":[{"href":"https:\/\/www.tools4grill.nl\/fr\/wp-json\/wp\/v2\/media?parent=225484"}],"wp:term":[{"taxonomy":"product_brand","embeddable":true,"href":"https:\/\/www.tools4grill.nl\/fr\/wp-json\/wp\/v2\/product_brand?post=225484"},{"taxonomy":"product_cat","embeddable":true,"href":"https:\/\/www.tools4grill.nl\/fr\/wp-json\/wp\/v2\/product_cat?post=225484"},{"taxonomy":"product_tag","embeddable":true,"href":"https:\/\/www.tools4grill.nl\/fr\/wp-json\/wp\/v2\/product_tag?post=225484"}],"curies":[{"name":"wp","href":"https:\/\/api.w.org\/{rel}","templated":true}]}}