{"id":225311,"date":"2025-11-04T16:06:15","date_gmt":"2025-11-04T15:06:15","guid":{"rendered":"https:\/\/www.tools4grill.nl\/product\/lot-de-2-spatules-a-pizzarette-avec-6-feuilles-anti-adhesiveslot-de-2-spatules-a-pizzarette-avec-6-feuilles-anti-adhesives\/"},"modified":"2025-11-04T16:06:15","modified_gmt":"2025-11-04T15:06:15","slug":"lot-de-2-spatules-a-pizzarette-avec-6-feuilles-anti-adhesiveslot-de-2-spatules-a-pizzarette-avec-6-feuilles-anti-adhesives","status":"publish","type":"product","link":"https:\/\/www.tools4grill.nl\/fr\/produit\/lot-de-2-spatules-a-pizzarette-avec-6-feuilles-anti-adhesiveslot-de-2-spatules-a-pizzarette-avec-6-feuilles-anti-adhesives\/","title":{"rendered":"lot de 2 spatules \u00e0 pizzarette avec 6 feuilles anti-adh\u00e9siveslot de 2 spatules \u00e0 pizzarette avec 6 feuilles anti-adh\u00e9sives"},"content":{"rendered":"<p><strong>Lot de 2 spatules universelles pour fours \u00e0 mini-pizzas  incluant 6 feuilles anti-adh\u00e9sives en t\u00e9flon<\/strong><\/p>\n<p>Ce <strong>lot de 2 spatules \u00e0 pizza<\/strong> est id\u00e9al pour une utilisation dans <strong>toutes les marques de fours \u00e0 mini-pizzas<\/strong>, comme <strong>Emerio, Pizzarette, Tristar, Bestron, Domo<\/strong> et plus encore. Gr\u00e2ce \u00e0 leur <strong>format universel<\/strong>, elles s\u2019adaptent parfaitement \u00e0 presque tous les fours \u00e0 pizza de table. <\/p>\n<ul>\n<li><strong>Largeur de la spatule :<\/strong> 10,5 cm<\/li>\n<li><strong>Longueur totale :<\/strong> 28 cm<\/li>\n<\/ul>\n<p>Avec ces spatules robustes, tu enfournes et retires tes pizzas facilement. Elles offrent une bonne prise en main, sont durables et faciles \u00e0 nettoyer. <\/p>\n<p><strong>Promotion&nbsp;:<\/strong> avec ce lot, tu re\u00e7ois <strong>gratuitement 6 feuilles anti-adh\u00e9sives en t\u00e9flon<\/strong>.<br \/>\nCes feuilles prot\u00e8gent <strong>ton four \u00e0 pizza et tes spatules<\/strong> contre la graisse et les r\u00e9sidus incrust\u00e9s, ce qui prolonge leur dur\u00e9e de vie et facilite grandement le nettoyage.<\/p>\n<p>&nbsp;<\/p>\n<p>&nbsp;<\/p>\n","protected":false},"excerpt":{"rendered":"<p>Lot de 2 spatules universelles pour fours \u00e0 mini-pizzas incluant 6 feuilles anti-adh\u00e9sives en t\u00e9flon Ce lot de 2 spatules \u00e0 pizza est id\u00e9al pour une utilisation dans toutes les marques de fours \u00e0 mini-pizzas, comme Emerio, Pizzarette, Tristar, Bestron, Domo et plus encore. Gr\u00e2ce \u00e0 leur format universel, elles s\u2019adaptent parfaitement \u00e0 presque tous [&hellip;]<\/p>\n","protected":false},"featured_media":0,"comment_status":"open","ping_status":"closed","template":"","meta":{"_et_pb_use_builder":"","_et_pb_old_content":"","_et_gb_content_width":""},"product_brand":[],"product_cat":[111],"product_tag":[],"class_list":{"0":"post-225311","1":"product","2":"type-product","3":"status-publish","5":"product_cat-autre","7":"first","8":"instock","9":"taxable","10":"shipping-taxable","11":"purchasable","12":"product-type-simple"},"_links":{"self":[{"href":"https:\/\/www.tools4grill.nl\/fr\/wp-json\/wp\/v2\/product\/225311","targetHints":{"allow":["GET"]}}],"collection":[{"href":"https:\/\/www.tools4grill.nl\/fr\/wp-json\/wp\/v2\/product"}],"about":[{"href":"https:\/\/www.tools4grill.nl\/fr\/wp-json\/wp\/v2\/types\/product"}],"replies":[{"embeddable":true,"href":"https:\/\/www.tools4grill.nl\/fr\/wp-json\/wp\/v2\/comments?post=225311"}],"wp:attachment":[{"href":"https:\/\/www.tools4grill.nl\/fr\/wp-json\/wp\/v2\/media?parent=225311"}],"wp:term":[{"taxonomy":"product_brand","embeddable":true,"href":"https:\/\/www.tools4grill.nl\/fr\/wp-json\/wp\/v2\/product_brand?post=225311"},{"taxonomy":"product_cat","embeddable":true,"href":"https:\/\/www.tools4grill.nl\/fr\/wp-json\/wp\/v2\/product_cat?post=225311"},{"taxonomy":"product_tag","embeddable":true,"href":"https:\/\/www.tools4grill.nl\/fr\/wp-json\/wp\/v2\/product_tag?post=225311"}],"curies":[{"name":"wp","href":"https:\/\/api.w.org\/{rel}","templated":true}]}}