{"id":225263,"date":"2025-07-13T09:49:37","date_gmt":"2025-07-13T07:49:37","guid":{"rendered":"https:\/\/www.tools4grill.nl\/product\/sondes-de-temperature-bbq-universelles-2-pieces\/"},"modified":"2025-07-13T09:49:37","modified_gmt":"2025-07-13T07:49:37","slug":"sondes-de-temperature-bbq-universelles-2-pieces","status":"publish","type":"product","link":"https:\/\/www.tools4grill.nl\/fr\/produit\/sondes-de-temperature-bbq-universelles-2-pieces\/","title":{"rendered":"Sondes de temp\u00e9rature BBQ universelles \u2013 2 pi\u00e8ces"},"content":{"rendered":"<p>Universelles<\/p>\n<p data-start=\"146\" data-end=\"260\"><strong data-start=\"146\" data-end=\"204\">Sondes de temp\u00e9rature BBQ universelles Tools4Grill \u2013 2 pi\u00e8ces<\/strong><br data-start=\"204\" data-end=\"207\"><em data-start=\"207\" data-end=\"260\">Remplacement ou extension pour ton thermom\u00e8tre BBQ<\/em><\/p>\n<p data-start=\"262\" data-end=\"614\">Compl\u00e8te ton exp\u00e9rience BBQ avec ce lot de 2 sondes de temp\u00e9rature Tools4Grill de haute qualit\u00e9. Parfaites pour remplacer ou compl\u00e9ter ton thermom\u00e8tre BBQ actuel. Ces sondes universelles conviennent \u00e0 presque tous les thermom\u00e8tres BBQ courants dot\u00e9s dune connexion standard et sont id\u00e9ales pour mesurer pr\u00e9cis\u00e9ment la temp\u00e9rature de la viande ou ambiante.  <\/p>\n<p data-start=\"616\" data-end=\"733\">Que tu fasses du low  slow ou que tu souhaites griller rapidement, avec ces sondes, tu gardes toujours le contr\u00f4le total sur tes pr\u00e9parations.<\/p>\n<p data-start=\"735\" data-end=\"749\"><strong data-start=\"735\" data-end=\"749\">Caract\u00e9ristiques :<\/strong><\/p>\n<ul data-start=\"750\" data-end=\"1017\">\n<li data-start=\"750\" data-end=\"781\">\n<p data-start=\"752\" data-end=\"781\">Lot de 2 sondes de temp\u00e9rature<\/p>\n<\/li>\n<li data-start=\"782\" data-end=\"832\">\n<p data-start=\"784\" data-end=\"832\">Universelles : sadaptent \u00e0 la plupart des thermom\u00e8tres BBQ fonctionnant avec lapplication ToGrill<\/p>\n<\/li>\n<li data-start=\"833\" data-end=\"881\">\n<p data-start=\"835\" data-end=\"881\">Conviennent pour la temp\u00e9rature de la viande et ambiante<\/p>\n<\/li>\n<li data-start=\"882\" data-end=\"924\">\n<p data-start=\"884\" data-end=\"924\">Pointe de mesure en inox avec c\u00e2ble r\u00e9sistant \u00e0 la chaleur<\/p>\n<\/li>\n<li data-start=\"925\" data-end=\"965\">\n<p data-start=\"927\" data-end=\"965\">Id\u00e9al comme remplacement ou extension<\/p>\n<\/li>\n<li data-start=\"966\" data-end=\"1017\">\n<p data-start=\"968\" data-end=\"1017\">Mesures pr\u00e9cises pour une viande cuite \u00e0 la perfection<\/p>\n<\/li>\n<\/ul>\n<p data-start=\"1019\" data-end=\"1141\"><strong data-start=\"1019\" data-end=\"1039\">Compatibilit\u00e9 :<\/strong><br data-start=\"1039\" data-end=\"1042\">Fonctionne entre autres avec les thermom\u00e8tres Tools4Grill et d\u2019autres mod\u00e8les avec connexion de sonde standard.<\/p>\n<p data-start=\"1143\" data-end=\"1281\">Que tu sois un pitmaster exp\u00e9riment\u00e9 ou que tu viennes de commencer le barbecue \u2013 avec ces sondes fiables, tu \u00e9l\u00e8ves ton niveau de BBQ !<\/p>\n","protected":false},"excerpt":{"rendered":"<p>Universelles Sondes de temp\u00e9rature BBQ universelles Tools4Grill \u2013 2 pi\u00e8cesRemplacement ou extension pour ton thermom\u00e8tre BBQ Compl\u00e8te ton exp\u00e9rience BBQ avec ce lot de 2 sondes de temp\u00e9rature Tools4Grill de haute qualit\u00e9. Parfaites pour remplacer ou compl\u00e9ter ton thermom\u00e8tre BBQ actuel. Ces sondes universelles conviennent \u00e0 presque tous les thermom\u00e8tres BBQ courants dot\u00e9s dune connexion [&hellip;]<\/p>\n","protected":false},"featured_media":224646,"comment_status":"open","ping_status":"closed","template":"","meta":{"_et_pb_use_builder":"","_et_pb_old_content":"","_et_gb_content_width":""},"product_brand":[],"product_cat":[139],"product_tag":[],"class_list":{"0":"post-225263","1":"product","2":"type-product","3":"status-publish","4":"has-post-thumbnail","6":"product_cat-thermometres","8":"first","9":"instock","10":"taxable","11":"shipping-taxable","12":"purchasable","13":"product-type-simple"},"_links":{"self":[{"href":"https:\/\/www.tools4grill.nl\/fr\/wp-json\/wp\/v2\/product\/225263","targetHints":{"allow":["GET"]}}],"collection":[{"href":"https:\/\/www.tools4grill.nl\/fr\/wp-json\/wp\/v2\/product"}],"about":[{"href":"https:\/\/www.tools4grill.nl\/fr\/wp-json\/wp\/v2\/types\/product"}],"replies":[{"embeddable":true,"href":"https:\/\/www.tools4grill.nl\/fr\/wp-json\/wp\/v2\/comments?post=225263"}],"wp:featuredmedia":[{"embeddable":true,"href":"https:\/\/www.tools4grill.nl\/fr\/wp-json\/wp\/v2\/media\/224646"}],"wp:attachment":[{"href":"https:\/\/www.tools4grill.nl\/fr\/wp-json\/wp\/v2\/media?parent=225263"}],"wp:term":[{"taxonomy":"product_brand","embeddable":true,"href":"https:\/\/www.tools4grill.nl\/fr\/wp-json\/wp\/v2\/product_brand?post=225263"},{"taxonomy":"product_cat","embeddable":true,"href":"https:\/\/www.tools4grill.nl\/fr\/wp-json\/wp\/v2\/product_cat?post=225263"},{"taxonomy":"product_tag","embeddable":true,"href":"https:\/\/www.tools4grill.nl\/fr\/wp-json\/wp\/v2\/product_tag?post=225263"}],"curies":[{"name":"wp","href":"https:\/\/api.w.org\/{rel}","templated":true}]}}