{"id":225240,"date":"2025-07-13T10:08:58","date_gmt":"2025-07-13T08:08:58","guid":{"rendered":"https:\/\/www.tools4grill.nl\/product\/thermometre-a-viande-bbq-sans-fil-duo-probe\/"},"modified":"2025-07-13T10:08:58","modified_gmt":"2025-07-13T08:08:58","slug":"thermometre-a-viande-bbq-sans-fil-duo-probe","status":"publish","type":"product","link":"https:\/\/www.tools4grill.nl\/fr\/produit\/thermometre-a-viande-bbq-sans-fil-duo-probe\/","title":{"rendered":"Thermom\u00e8tre \u00e0 viande BBQ sans fil DUO probe"},"content":{"rendered":"<h3 data-start=\"235\" data-end=\"298\"><strong data-start=\"239\" data-end=\"296\">Thermom\u00e8tre BBQ sans fil Tools4Grill DUO probe<\/strong><\/h3>\n<p data-start=\"299\" data-end=\"344\"><em data-start=\"299\" data-end=\"344\">Contr\u00f4le total, sans lembarras des fils<\/em><\/p>\n<p data-start=\"346\" data-end=\"617\">Profite d\u2019une libert\u00e9 ultime lors de tes barbecues avec ce <strong data-start=\"411\" data-end=\"448\">thermom\u00e8tre Tools4Grill enti\u00e8rement sans fil<\/strong>. Disponible en version 1 ou 2 sondes, pour surveiller sans effort plusieurs pi\u00e8ces de viande \u00e0 la fois \u2013 sans aucun fil g\u00eanant. <\/p>\n<p data-start=\"619\" data-end=\"783\">Que tu sois en cuisine ou en train de te d\u00e9tendre \u00e0 150 m\u00e8tres : suis la temp\u00e9rature de ton BBQ \u00e0 distance via l\u2019application pratique, jusqu\u2019\u00e0 <strong data-start=\"754\" data-end=\"767\">170 m\u00e8tres<\/strong> en espace ouvert !<\/p>\n<h4 data-start=\"785\" data-end=\"806\">\u2705 <strong data-start=\"792\" data-end=\"806\">Caract\u00e9ristiques :<\/strong><\/h4>\n<ul data-start=\"807\" data-end=\"1502\">\n<li data-start=\"807\" data-end=\"867\">\n<p data-start=\"809\" data-end=\"867\"><strong data-start=\"809\" data-end=\"839\">Conception enti\u00e8rement sans fil<\/strong> \u2013 Aucun c\u00e2ble, aucun souci<\/p>\n<\/li>\n<li data-start=\"868\" data-end=\"918\">\n<p data-start=\"870\" data-end=\"918\"><strong data-start=\"870\" data-end=\"904\">Port\u00e9e Bluetooth jusqu\u2019\u00e0 170 m\u00e8tres<\/strong> (champ libre)<\/p>\n<\/li>\n<li data-start=\"919\" data-end=\"1048\">\n<p data-start=\"921\" data-end=\"1048\"><strong data-start=\"921\" data-end=\"962\">Double capteur de temp\u00e9rature par sonde<\/strong> \u2013 Mesure la temp\u00e9rature \u00e0 c\u0153ur (jusqu\u2019\u00e0 122&nbsp;\u00b0C) et la temp\u00e9rature ambiante (jusqu\u2019\u00e0 300&nbsp;\u00b0C)<\/p>\n<\/li>\n<li data-start=\"1049\" data-end=\"1125\">\n<p data-start=\"1051\" data-end=\"1125\"><strong data-start=\"1051\" data-end=\"1078\">Pr\u00e9cision exceptionnelle<\/strong> \u2013 Pr\u00e9cis \u00e0 \u00b11,8&nbsp;\u00b0C pour une cuisson parfaite<\/p>\n<\/li>\n<li data-start=\"1126\" data-end=\"1194\">\n<p data-start=\"1128\" data-end=\"1194\"><strong data-start=\"1128\" data-end=\"1152\">Charge ultra-rapide<\/strong> \u2013 15 min de charge = jusqu\u2019\u00e0 72 h d\u2019utilisation (micro-USB)<\/p>\n<\/li>\n<li data-start=\"1195\" data-end=\"1248\">\n<p data-start=\"1197\" data-end=\"1248\"><strong data-start=\"1197\" data-end=\"1246\">\u00c9tanche IP65  facile \u00e0 nettoyer<\/strong><\/p>\n<\/li>\n<li data-start=\"1331\" data-end=\"1385\">\n<p data-start=\"1333\" data-end=\"1385\"><strong data-start=\"1333\" data-end=\"1383\">Sonde en acier inoxydable 304 de qualit\u00e9 alimentaire<\/strong><\/p>\n<\/li>\n<li data-start=\"1386\" data-end=\"1502\">\n<p data-start=\"1388\" data-end=\"1502\"><strong data-start=\"1388\" data-end=\"1455\">Station de charge magn\u00e9tique avec connexion USB et \u00e9cran r\u00e9tro\u00e9clair\u00e9<\/strong> \u2013 Pratique \u00e0 ranger sur ton frigo ou ton BBQ<\/p>\n<\/li>\n<\/ul>\n<h4 data-start=\"1504\" data-end=\"1537\">\ud83d\udd25 <strong data-start=\"1512\" data-end=\"1535\">Pourquoi Tools4Grill ?<\/strong><\/h4>\n<p data-start=\"1538\" data-end=\"1760\">Ce thermom\u00e8tre intelligent est un incontournable pour tout amateur de BBQ s\u00e9rieux. Gr\u00e2ce aux mesures pr\u00e9cises et au confort du sans-fil, tu serviras toujours une viande parfaitement cuite \u00e0 tes invit\u00e9s  sans avoir \u00e0 rester constamment devant le gril. <\/p>\n<p data-start=\"1762\" data-end=\"1845\"><strong data-start=\"1762\" data-end=\"1845\">Disponible avec 1 ou 2 sondes  choisis la version qui te convient.<\/strong><\/p>\n","protected":false},"excerpt":{"rendered":"<p>Thermom\u00e8tre BBQ sans fil Tools4Grill DUO probe Contr\u00f4le total, sans lembarras des fils Profite d\u2019une libert\u00e9 ultime lors de tes barbecues avec ce thermom\u00e8tre Tools4Grill enti\u00e8rement sans fil. Disponible en version 1 ou 2 sondes, pour surveiller sans effort plusieurs pi\u00e8ces de viande \u00e0 la fois \u2013 sans aucun fil g\u00eanant. Que tu sois en [&hellip;]<\/p>\n","protected":false},"featured_media":224658,"comment_status":"open","ping_status":"closed","template":"","meta":{"_et_pb_use_builder":"","_et_pb_old_content":"","_et_gb_content_width":""},"product_brand":[],"product_cat":[139],"product_tag":[],"class_list":{"0":"post-225240","1":"product","2":"type-product","3":"status-publish","4":"has-post-thumbnail","6":"product_cat-thermometres","8":"first","9":"instock","10":"taxable","11":"shipping-taxable","12":"purchasable","13":"product-type-simple"},"_links":{"self":[{"href":"https:\/\/www.tools4grill.nl\/fr\/wp-json\/wp\/v2\/product\/225240","targetHints":{"allow":["GET"]}}],"collection":[{"href":"https:\/\/www.tools4grill.nl\/fr\/wp-json\/wp\/v2\/product"}],"about":[{"href":"https:\/\/www.tools4grill.nl\/fr\/wp-json\/wp\/v2\/types\/product"}],"replies":[{"embeddable":true,"href":"https:\/\/www.tools4grill.nl\/fr\/wp-json\/wp\/v2\/comments?post=225240"}],"wp:featuredmedia":[{"embeddable":true,"href":"https:\/\/www.tools4grill.nl\/fr\/wp-json\/wp\/v2\/media\/224658"}],"wp:attachment":[{"href":"https:\/\/www.tools4grill.nl\/fr\/wp-json\/wp\/v2\/media?parent=225240"}],"wp:term":[{"taxonomy":"product_brand","embeddable":true,"href":"https:\/\/www.tools4grill.nl\/fr\/wp-json\/wp\/v2\/product_brand?post=225240"},{"taxonomy":"product_cat","embeddable":true,"href":"https:\/\/www.tools4grill.nl\/fr\/wp-json\/wp\/v2\/product_cat?post=225240"},{"taxonomy":"product_tag","embeddable":true,"href":"https:\/\/www.tools4grill.nl\/fr\/wp-json\/wp\/v2\/product_tag?post=225240"}],"curies":[{"name":"wp","href":"https:\/\/api.w.org\/{rel}","templated":true}]}}