{"id":226604,"date":"2021-03-13T09:45:32","date_gmt":"2021-03-13T08:45:32","guid":{"rendered":"https:\/\/www.tools4grill.nl\/product\/pizzamesser-35-cm-pizzaschneider-mit-schutzhuelle\/"},"modified":"2021-03-13T09:45:32","modified_gmt":"2021-03-13T08:45:32","slug":"pizzamesser-35-cm-pizzaschneider-mit-schutzhuelle","status":"publish","type":"product","link":"https:\/\/www.tools4grill.nl\/de\/produkt\/pizzamesser-35-cm-pizzaschneider-mit-schutzhuelle\/","title":{"rendered":"Pizzamesser \u2013 35 cm Pizzaschneider mit Schutzh\u00fclle"},"content":{"rendered":"<p>Tools4Grill Pizzamesser \u2013 35 cm Pizzaschneider mit Schutzh\u00fclle \u2013 Scharfes Pizzamesser aus Edelstahl f\u00fcr professionelles Schneiden<\/p>\n<p><strong>Tools4Grill Pizzamesser \u2013 35 cm Pizzaschneider aus Edelstahl mit kostenloser Schutzh\u00fclle<\/strong><\/p>\n<p>Mit dem hochwertigen Pizzamesser von Tools4Grill wird Pizzaschneiden zum Kinderspiel. Die 35 cm lange Klinge schneidet m\u00fchelos durch Pizza, Kuchen und sogar Brot. Dank der scharfen Edelstahlklinge und des ergonomischen Griffs genie\u00dfen Sie optimalen Schneidekomfort \u2013 egal ob Hobbykoch oder professioneller Pizzab\u00e4cker.  <\/p>\n<h3><strong>Hauptmerkmale:<\/strong><\/h3>\n<ul>\n<li>Gro\u00dfe 35 cm Klinge: Ideal zum Schneiden gro\u00dfer Pizzen in einem Zug.<\/li>\n<li>Hochwertiger Edelstahl: Die scharfe Edelstahlklinge gew\u00e4hrleistet Pr\u00e4zision und Langlebigkeit und schneidet m\u00fchelos durch jeden Pizzaboden.<\/li>\n<li>Komfortabler Griff: Der Griff ist so konzipiert, dass er auch bei l\u00e4ngerem Gebrauch einen festen und komfortablen Halt bietet.<\/li>\n<li>Inklusive kostenloser Schutzh\u00fclle: Bewahren Sie das Messer sicher in der mitgelieferten Schutzh\u00fclle auf, die nicht nur die Klinge sch\u00fctzt, sondern auch die Sicherheit in der K\u00fcche erh\u00f6ht.<\/li>\n<li>Vielseitig einsetzbar: Geeignet f\u00fcr Pizzen, Kuchen, Brot und andere Teige. Ein unverzichtbares K\u00fcchenutensil f\u00fcr jeden Pizzaliebhaber. <\/li>\n<li>Leicht zu reinigen: Das Edelstahlmaterial ist leicht zu reinigen und f\u00fcr zus\u00e4tzlichen Komfort sp\u00fclmaschinenfest.<\/li>\n<\/ul>\n<h3><strong>Veiligheid en Onderhoud:<\/strong><\/h3>\n<p>Das Tools4Grill Pizzamesser wird mit einer praktischen Schutzh\u00fclle geliefert, in der Sie das Messer sicher aufbewahren und die scharfe Schneide vor Besch\u00e4digungen sch\u00fctzen k\u00f6nnen. So bleibt Ihr Messer l\u00e4nger scharf und Ihre K\u00fcche wird sicherer. <\/p>\n<h3><strong>Warum sollte man sich f\u00fcr das Tools4Grill Pizzamesser entscheiden?<\/strong><\/h3>\n<p>Dieses Pizzamesser besticht nicht nur durch seine robuste und langlebige Qualit\u00e4t, sondern auch durch sein elegantes und funktionales Design, das in jede K\u00fcche passt. Ob Sie eine gro\u00dfe Party veranstalten oder gem\u00fctlich einen Pizzaabend verbringen \u2013 mit diesem Messer gelingen Ihnen stets perfekte, gleichm\u00e4\u00dfige Schnitte. <\/p>\n","protected":false},"excerpt":{"rendered":"<p>Tools4Grill Pizzamesser \u2013 35 cm Pizzaschneider mit Schutzh\u00fclle \u2013 Scharfes Pizzamesser aus Edelstahl f\u00fcr professionelles Schneiden Tools4Grill Pizzamesser \u2013 35 cm Pizzaschneider aus Edelstahl mit kostenloser Schutzh\u00fclle Mit dem hochwertigen Pizzamesser von Tools4Grill wird Pizzaschneiden zum Kinderspiel. Die 35 cm lange Klinge schneidet m\u00fchelos durch Pizza, Kuchen und sogar Brot. Dank der scharfen Edelstahlklinge und [&hellip;]<\/p>\n","protected":false},"featured_media":689,"comment_status":"open","ping_status":"closed","template":"","meta":{"_et_pb_use_builder":"","_et_pb_old_content":"","_et_gb_content_width":""},"product_brand":[],"product_cat":[192,191,194,193,128,190,112],"product_tag":[],"class_list":{"0":"post-226604","1":"product","2":"type-product","3":"status-publish","4":"has-post-thumbnail","6":"product_cat-15-16-zoll","7":"product_cat-15-zoll","8":"product_cat-18-zoll","9":"product_cat-20-zoll","10":"product_cat-21-zoll","11":"product_cat-23-zoll","12":"product_cat-andere","14":"first","15":"instock","16":"taxable","17":"shipping-taxable","18":"purchasable","19":"product-type-simple"},"_links":{"self":[{"href":"https:\/\/www.tools4grill.nl\/de\/wp-json\/wp\/v2\/product\/226604","targetHints":{"allow":["GET"]}}],"collection":[{"href":"https:\/\/www.tools4grill.nl\/de\/wp-json\/wp\/v2\/product"}],"about":[{"href":"https:\/\/www.tools4grill.nl\/de\/wp-json\/wp\/v2\/types\/product"}],"replies":[{"embeddable":true,"href":"https:\/\/www.tools4grill.nl\/de\/wp-json\/wp\/v2\/comments?post=226604"}],"wp:featuredmedia":[{"embeddable":true,"href":"https:\/\/www.tools4grill.nl\/de\/wp-json\/wp\/v2\/media\/689"}],"wp:attachment":[{"href":"https:\/\/www.tools4grill.nl\/de\/wp-json\/wp\/v2\/media?parent=226604"}],"wp:term":[{"taxonomy":"product_brand","embeddable":true,"href":"https:\/\/www.tools4grill.nl\/de\/wp-json\/wp\/v2\/product_brand?post=226604"},{"taxonomy":"product_cat","embeddable":true,"href":"https:\/\/www.tools4grill.nl\/de\/wp-json\/wp\/v2\/product_cat?post=226604"},{"taxonomy":"product_tag","embeddable":true,"href":"https:\/\/www.tools4grill.nl\/de\/wp-json\/wp\/v2\/product_tag?post=226604"}],"curies":[{"name":"wp","href":"https:\/\/api.w.org\/{rel}","templated":true}]}}