{"id":226601,"date":"2025-06-07T15:39:38","date_gmt":"2025-06-07T13:39:38","guid":{"rendered":"https:\/\/www.tools4grill.nl\/product\/apfelstuecke-1250-gramm\/"},"modified":"2025-06-07T15:39:38","modified_gmt":"2025-06-07T13:39:38","slug":"apfelstuecke-1250-gramm","status":"publish","type":"product","link":"https:\/\/www.tools4grill.nl\/de\/produkt\/apfelstuecke-1250-gramm\/","title":{"rendered":"Apfelst\u00fccke 1250 Gramm"},"content":{"rendered":"<h3 data-start=\"161\" data-end=\"197\"><strong data-start=\"165\" data-end=\"197\">Apfelholzst\u00fccke \u2013 1250 Gramm<\/strong><\/h3>\n<p data-start=\"199\" data-end=\"421\">Verleihen Sie Ihren Grillgerichten mit dem milden, s\u00fc\u00df-fruchtigen Raucharoma von Apfelholz eine ganz neue Note! Diese Apfelst\u00fccke eignen sich perfekt zum langsamen Garen von Fleisch, Fisch oder Gem\u00fcse auf Ihrem Kamado, Smoker oder Holzkohlegrill. <\/p>\n<p data-start=\"423\" data-end=\"671\">Unsere Apfelholzst\u00fccke werden sorgf\u00e4ltig ausgew\u00e4hlt und in 1250-Gramm-Portionen verpackt \u2013 ideal f\u00fcr mehrere langsame und schonende Grillvorg\u00e4nge. Apfelholz verleiht Ihren Gerichten ein k\u00f6stliches, feines Aroma \u2013 perfekt f\u00fcr H\u00e4hnchen, Schweinefleisch, Pute und sogar Rippchen. <\/p>\n<p data-start=\"673\" data-end=\"713\"><strong data-start=\"673\" data-end=\"713\">Warum sollten Sie sich f\u00fcr unsere Apfelst\u00fccke entscheiden?<\/strong><\/p>\n<ul data-start=\"714\" data-end=\"935\">\n<li data-start=\"714\" data-end=\"762\">\n<p data-start=\"716\" data-end=\"762\">100 % nat\u00fcrliches Apfelholz, ohne Zusatzstoffe<\/p>\n<\/li>\n<li data-start=\"763\" data-end=\"826\">\n<p data-start=\"765\" data-end=\"826\">Grobe Holzst\u00fccke, geeignet f\u00fcr die Erzeugung von l\u00e4ngerem Rauch<\/p>\n<\/li>\n<li data-start=\"879\" data-end=\"935\">\n<p data-start=\"881\" data-end=\"935\">Geeignet f\u00fcr Kamado-Grills, Smoker und Holzkohlegrills mit Deckel<\/p>\n<\/li>\n<\/ul>\n<p data-start=\"937\" data-end=\"1133\">Anwendungstipps:<br data-start=\"954\" data-end=\"957\">Die Holzst\u00fccke k\u00f6nnen Sie optional 30 Minuten in Wasser einweichen und anschlie\u00dfend direkt auf die Holzkohle legen, um einen l\u00e4ngeren und intensiveren Rauch zu erzielen. Kombinieren Sie sie mit anderen Holzarten f\u00fcr ein einzigartiges Raucharoma! <\/p>\n<p data-start=\"1135\" data-end=\"1242\">Lassen Sie den Geschmack Ihres Barbecues mit der sanften S\u00fc\u00dfe von Apfelholz f\u00fcr sich sprechen.<\/p>\n","protected":false},"excerpt":{"rendered":"<p>Apfelholzst\u00fccke \u2013 1250 Gramm Verleihen Sie Ihren Grillgerichten mit dem milden, s\u00fc\u00df-fruchtigen Raucharoma von Apfelholz eine ganz neue Note! Diese Apfelst\u00fccke eignen sich perfekt zum langsamen Garen von Fleisch, Fisch oder Gem\u00fcse auf Ihrem Kamado, Smoker oder Holzkohlegrill. Unsere Apfelholzst\u00fccke werden sorgf\u00e4ltig ausgew\u00e4hlt und in 1250-Gramm-Portionen verpackt \u2013 ideal f\u00fcr mehrere langsame und schonende Grillvorg\u00e4nge. [&hellip;]<\/p>\n","protected":false},"featured_media":224563,"comment_status":"open","ping_status":"closed","template":"","meta":{"_et_pb_use_builder":"","_et_pb_old_content":"","_et_gb_content_width":""},"product_brand":[],"product_cat":[146],"product_tag":[],"class_list":{"0":"post-226601","1":"product","2":"type-product","3":"status-publish","4":"has-post-thumbnail","6":"product_cat-rauchholz","8":"first","9":"instock","10":"taxable","11":"shipping-taxable","12":"purchasable","13":"product-type-simple"},"_links":{"self":[{"href":"https:\/\/www.tools4grill.nl\/de\/wp-json\/wp\/v2\/product\/226601","targetHints":{"allow":["GET"]}}],"collection":[{"href":"https:\/\/www.tools4grill.nl\/de\/wp-json\/wp\/v2\/product"}],"about":[{"href":"https:\/\/www.tools4grill.nl\/de\/wp-json\/wp\/v2\/types\/product"}],"replies":[{"embeddable":true,"href":"https:\/\/www.tools4grill.nl\/de\/wp-json\/wp\/v2\/comments?post=226601"}],"wp:featuredmedia":[{"embeddable":true,"href":"https:\/\/www.tools4grill.nl\/de\/wp-json\/wp\/v2\/media\/224563"}],"wp:attachment":[{"href":"https:\/\/www.tools4grill.nl\/de\/wp-json\/wp\/v2\/media?parent=226601"}],"wp:term":[{"taxonomy":"product_brand","embeddable":true,"href":"https:\/\/www.tools4grill.nl\/de\/wp-json\/wp\/v2\/product_brand?post=226601"},{"taxonomy":"product_cat","embeddable":true,"href":"https:\/\/www.tools4grill.nl\/de\/wp-json\/wp\/v2\/product_cat?post=226601"},{"taxonomy":"product_tag","embeddable":true,"href":"https:\/\/www.tools4grill.nl\/de\/wp-json\/wp\/v2\/product_tag?post=226601"}],"curies":[{"name":"wp","href":"https:\/\/api.w.org\/{rel}","templated":true}]}}