{"id":226598,"date":"2025-06-07T15:33:22","date_gmt":"2025-06-07T13:33:22","guid":{"rendered":"https:\/\/www.tools4grill.nl\/product\/kirschrauchstuecke-1250-gramm\/"},"modified":"2025-06-07T15:33:22","modified_gmt":"2025-06-07T13:33:22","slug":"kirschrauchstuecke-1250-gramm","status":"publish","type":"product","link":"https:\/\/www.tools4grill.nl\/de\/produkt\/kirschrauchstuecke-1250-gramm\/","title":{"rendered":"Kirschrauchst\u00fccke 1250 Gramm"},"content":{"rendered":"<p data-start=\"184\" data-end=\"249\"><strong data-start=\"184\" data-end=\"249\">Tools4Grill Cherry Chunks \u2013 Fruchtiger Rauch mit einer s\u00fc\u00dfen Note<\/strong><\/p>\n<p data-start=\"251\" data-end=\"605\">Verleihen Sie Ihrem Grillgut mit den Kirschholzst\u00fccken von Tools4Grill ein k\u00f6stliches, leicht s\u00fc\u00dfliches Raucharoma. Diese aromatischen Holzbl\u00f6cke geben Ihren Gerichten eine subtile Fruchtnote und sorgen f\u00fcr eine perfekte Balance zwischen Milde und Charakter. Ideal f\u00fcr Rind, Schwein, Wild oder Gefl\u00fcgel \u2013 und \u00fcberraschend lecker auch beim R\u00e4uchern von Gem\u00fcse oder sogar Obst.  <\/p>\n<p data-start=\"607\" data-end=\"810\">Legen Sie ein paar St\u00fccke Kirschholz auf die hei\u00dfe Glut Ihres Grills oder Smokers und lassen Sie Aroma und Geschmack ihre Wirkung entfalten. Kirschholz ist bekannt f\u00fcr die sch\u00f6ne Farbe seines Rauchs und sein angenehmes, nicht aufdringliches Aroma. <\/p>\n<p data-start=\"812\" data-end=\"861\"><strong data-start=\"812\" data-end=\"861\">Warum sollte man sich f\u00fcr Kirschst\u00fccke von Tools4Grill entscheiden?<\/strong><\/p>\n<ul data-start=\"862\" data-end=\"1112\">\n<li data-start=\"862\" data-end=\"903\">\n<p data-start=\"864\" data-end=\"903\">Subtiler, s\u00fc\u00dfer und fruchtig-rauchiger Geschmack<\/p>\n<\/li>\n<li data-start=\"904\" data-end=\"955\">\n<p data-start=\"906\" data-end=\"955\">Ideal f\u00fcr Fleisch, Wild, Gefl\u00fcgel und Gem\u00fcse<\/p>\n<\/li>\n<li data-start=\"956\" data-end=\"998\">\n<p data-start=\"958\" data-end=\"998\">Hergestellt aus 100% nat\u00fcrlichem Kirschholz<\/p>\n<\/li>\n<li data-start=\"999\" data-end=\"1054\">\n<p data-start=\"1001\" data-end=\"1054\">Langanhaltende Rauchentwicklung \u2013 ideal f\u00fcr langsames Grillen bei niedriger Temperatur<\/p>\n<\/li>\n<li data-start=\"1055\" data-end=\"1112\">\n<p data-start=\"1057\" data-end=\"1112\">Geschikt voor kamado\u2019s, smokers en gesloten barbecues<\/p>\n<\/li>\n<\/ul>\n<p data-start=\"1114\" data-end=\"1392\">Qualit\u00e4t, auf die Sie sich verlassen k\u00f6nnen<br data-start=\"1151\" data-end=\"1154\">Unsere Kirschst\u00fccke werden ofengetrocknet und haben einen Feuchtigkeitsgehalt von unter 10 % \u2013 das garantiert ein effizientes und sauberes Abbrennen. Verpackt in einem stabilen, wiederverschlie\u00dfbaren Jutebeutel, damit Sie sie problemlos f\u00fcr Ihre n\u00e4chste Session aufbewahren k\u00f6nnen. <\/p>\n<p data-start=\"1394\" data-end=\"1436\">Tools4Grill: F\u00fcr alle, die Wert auf guten Geschmack legen.<\/p>\n<p data-start=\"1394\" data-end=\"1436\">Verpackt in einem wiederverschlie\u00dfbaren Beutel mit 1250 Gramm<\/p>\n","protected":false},"excerpt":{"rendered":"<p>Tools4Grill Cherry Chunks \u2013 Fruchtiger Rauch mit einer s\u00fc\u00dfen Note Verleihen Sie Ihrem Grillgut mit den Kirschholzst\u00fccken von Tools4Grill ein k\u00f6stliches, leicht s\u00fc\u00dfliches Raucharoma. Diese aromatischen Holzbl\u00f6cke geben Ihren Gerichten eine subtile Fruchtnote und sorgen f\u00fcr eine perfekte Balance zwischen Milde und Charakter. Ideal f\u00fcr Rind, Schwein, Wild oder Gefl\u00fcgel \u2013 und \u00fcberraschend lecker auch [&hellip;]<\/p>\n","protected":false},"featured_media":224557,"comment_status":"open","ping_status":"closed","template":"","meta":{"_et_pb_use_builder":"","_et_pb_old_content":"","_et_gb_content_width":""},"product_brand":[],"product_cat":[146],"product_tag":[],"class_list":{"0":"post-226598","1":"product","2":"type-product","3":"status-publish","4":"has-post-thumbnail","6":"product_cat-rauchholz","8":"first","9":"instock","10":"taxable","11":"shipping-taxable","12":"purchasable","13":"product-type-simple"},"_links":{"self":[{"href":"https:\/\/www.tools4grill.nl\/de\/wp-json\/wp\/v2\/product\/226598","targetHints":{"allow":["GET"]}}],"collection":[{"href":"https:\/\/www.tools4grill.nl\/de\/wp-json\/wp\/v2\/product"}],"about":[{"href":"https:\/\/www.tools4grill.nl\/de\/wp-json\/wp\/v2\/types\/product"}],"replies":[{"embeddable":true,"href":"https:\/\/www.tools4grill.nl\/de\/wp-json\/wp\/v2\/comments?post=226598"}],"wp:featuredmedia":[{"embeddable":true,"href":"https:\/\/www.tools4grill.nl\/de\/wp-json\/wp\/v2\/media\/224557"}],"wp:attachment":[{"href":"https:\/\/www.tools4grill.nl\/de\/wp-json\/wp\/v2\/media?parent=226598"}],"wp:term":[{"taxonomy":"product_brand","embeddable":true,"href":"https:\/\/www.tools4grill.nl\/de\/wp-json\/wp\/v2\/product_brand?post=226598"},{"taxonomy":"product_cat","embeddable":true,"href":"https:\/\/www.tools4grill.nl\/de\/wp-json\/wp\/v2\/product_cat?post=226598"},{"taxonomy":"product_tag","embeddable":true,"href":"https:\/\/www.tools4grill.nl\/de\/wp-json\/wp\/v2\/product_tag?post=226598"}],"curies":[{"name":"wp","href":"https:\/\/api.w.org\/{rel}","templated":true}]}}