{"id":226595,"date":"2025-06-07T15:04:56","date_gmt":"2025-06-07T13:04:56","guid":{"rendered":"https:\/\/www.tools4grill.nl\/product\/rotwein-raeucherstuecke-1250-gramm\/"},"modified":"2025-06-07T15:04:56","modified_gmt":"2025-06-07T13:04:56","slug":"rotwein-raeucherstuecke-1250-gramm","status":"publish","type":"product","link":"https:\/\/www.tools4grill.nl\/de\/produkt\/rotwein-raeucherstuecke-1250-gramm\/","title":{"rendered":"Rotwein-R\u00e4ucherst\u00fccke 1250 Gramm"},"content":{"rendered":"<p data-start=\"170\" data-end=\"236\"><strong data-start=\"170\" data-end=\"236\">Tools4Grill Rotweinst\u00fccke \u2013 Dezent s\u00fc\u00df, kr\u00e4ftiges Raucharoma<\/strong><\/p>\n<p data-start=\"238\" data-end=\"562\">Verleihen Sie Ihren Grillgerichten mit den Rotweinst\u00fccken von Tools4Grill eine raffinierte Geschmacksnote. Diese einzigartigen R\u00e4ucherst\u00fccke stammen aus authentischen Eichenf\u00e4ssern, in denen jahrelang Rotwein reifte. Die Aromen des Holzes verbinden sich mit den tiefen, fruchtigen Noten des Rotweins \u2013 und das schmeckt man in jedem Gericht.  <\/p>\n<p data-start=\"564\" data-end=\"799\">Legen Sie ein paar Holzst\u00fccke auf die Holzkohle und lassen Sie das Aroma von Eiche und Wein mit Ihrem Fleisch oder Gefl\u00fcgel verschmelzen. Das Ergebnis: ein dezent s\u00fc\u00dfliches, aber dennoch charaktervolles Raucharoma, das beispielsweise hervorragend zu Rind, Schwein oder Ente passt. <\/p>\n<p data-start=\"801\" data-end=\"853\"><strong data-start=\"801\" data-end=\"853\">Warum Tools4Grill Rotweinst\u00fccke w\u00e4hlen?<\/strong><\/p>\n<ul data-start=\"854\" data-end=\"1160\">\n<li data-start=\"854\" data-end=\"908\">\n<p data-start=\"856\" data-end=\"908\">Hergestellt aus originalen Rotweinf\u00e4ssern aus Eiche<\/p>\n<\/li>\n<li data-start=\"909\" data-end=\"967\">\n<p data-start=\"911\" data-end=\"967\">Angereichert mit den reichen Aromen gereiften Rotweins<\/p>\n<\/li>\n<li data-start=\"968\" data-end=\"1031\">\n<p data-start=\"970\" data-end=\"1031\">Verleiht Ihren Gerichten einen subtil s\u00fc\u00dfen und intensiven Geschmack.<\/p>\n<\/li>\n<li data-start=\"1032\" data-end=\"1091\">\n<p data-start=\"1034\" data-end=\"1091\">Ideal f\u00fcr Rind-, Schweine-, Wild- und Gefl\u00fcgelfleisch<\/p>\n<\/li>\n<li data-start=\"1092\" data-end=\"1160\">\n<p data-start=\"1094\" data-end=\"1160\">Ideal f\u00fcr die Verwendung auf einem Kamado, Smoker, Holzkohle- oder Gasgrill.<\/p>\n<\/li>\n<\/ul>\n<p data-start=\"1162\" data-end=\"1273\">F\u00fcr Liebhaber raffinierter BBQ-Aromen ist dies ein absolutes Muss. Stilvoll r\u00e4uchern \u2013 mit Tools4Grill. <\/p>\n<p data-start=\"1162\" data-end=\"1273\">Verpackt in einem wiederverschlie\u00dfbaren Beutel mit 1250 Gramm<\/p>\n","protected":false},"excerpt":{"rendered":"<p>Tools4Grill Rotweinst\u00fccke \u2013 Dezent s\u00fc\u00df, kr\u00e4ftiges Raucharoma Verleihen Sie Ihren Grillgerichten mit den Rotweinst\u00fccken von Tools4Grill eine raffinierte Geschmacksnote. Diese einzigartigen R\u00e4ucherst\u00fccke stammen aus authentischen Eichenf\u00e4ssern, in denen jahrelang Rotwein reifte. Die Aromen des Holzes verbinden sich mit den tiefen, fruchtigen Noten des Rotweins \u2013 und das schmeckt man in jedem Gericht. Legen Sie ein [&hellip;]<\/p>\n","protected":false},"featured_media":224554,"comment_status":"open","ping_status":"closed","template":"","meta":{"_et_pb_use_builder":"","_et_pb_old_content":"","_et_gb_content_width":""},"product_brand":[],"product_cat":[146],"product_tag":[],"class_list":{"0":"post-226595","1":"product","2":"type-product","3":"status-publish","4":"has-post-thumbnail","6":"product_cat-rauchholz","8":"first","9":"instock","10":"taxable","11":"shipping-taxable","12":"purchasable","13":"product-type-simple"},"_links":{"self":[{"href":"https:\/\/www.tools4grill.nl\/de\/wp-json\/wp\/v2\/product\/226595","targetHints":{"allow":["GET"]}}],"collection":[{"href":"https:\/\/www.tools4grill.nl\/de\/wp-json\/wp\/v2\/product"}],"about":[{"href":"https:\/\/www.tools4grill.nl\/de\/wp-json\/wp\/v2\/types\/product"}],"replies":[{"embeddable":true,"href":"https:\/\/www.tools4grill.nl\/de\/wp-json\/wp\/v2\/comments?post=226595"}],"wp:featuredmedia":[{"embeddable":true,"href":"https:\/\/www.tools4grill.nl\/de\/wp-json\/wp\/v2\/media\/224554"}],"wp:attachment":[{"href":"https:\/\/www.tools4grill.nl\/de\/wp-json\/wp\/v2\/media?parent=226595"}],"wp:term":[{"taxonomy":"product_brand","embeddable":true,"href":"https:\/\/www.tools4grill.nl\/de\/wp-json\/wp\/v2\/product_brand?post=226595"},{"taxonomy":"product_cat","embeddable":true,"href":"https:\/\/www.tools4grill.nl\/de\/wp-json\/wp\/v2\/product_cat?post=226595"},{"taxonomy":"product_tag","embeddable":true,"href":"https:\/\/www.tools4grill.nl\/de\/wp-json\/wp\/v2\/product_tag?post=226595"}],"curies":[{"name":"wp","href":"https:\/\/api.w.org\/{rel}","templated":true}]}}