{"id":226589,"date":"2025-06-07T14:48:05","date_gmt":"2025-06-07T12:48:05","guid":{"rendered":"https:\/\/www.tools4grill.nl\/product\/hickory-raeucherstuecke-1250-gramm\/"},"modified":"2025-06-07T14:48:05","modified_gmt":"2025-06-07T12:48:05","slug":"hickory-raeucherstuecke-1250-gramm","status":"publish","type":"product","link":"https:\/\/www.tools4grill.nl\/de\/produkt\/hickory-raeucherstuecke-1250-gramm\/","title":{"rendered":"Hickory-R\u00e4ucherst\u00fccke 1250 Gramm"},"content":{"rendered":"<p data-start=\"114\" data-end=\"196\"><strong data-start=\"114\" data-end=\"196\">Tools4Grill Hickory Smoke Chunks \u2013 Kr\u00e4ftiger Rauchgeschmack f\u00fcr echte BBQ-Enthusiasten<\/strong><\/p>\n<p data-start=\"198\" data-end=\"564\">Sie suchen nach dem klassischen, kr\u00e4ftigen BBQ-Aroma? Die Tools4Grill Hickory-R\u00e4ucherst\u00fccke (500 g) sind Ihre Geheimwaffe. Diese gr\u00f6beren Holzst\u00fccke sorgen f\u00fcr ein tiefes, intensives Raucharoma, das perfekt zu herzhaften Gerichten wie Pulled Pork, Spareribs oder Brisket passt. Hergestellt aus 100 % nat\u00fcrlichem Hickoryholz, ohne jegliche Zusatzstoffe \u2013 pure Natur, purer Geschmack.   <\/p>\n<p data-start=\"566\" data-end=\"825\">Dank ihrer Gr\u00f6\u00dfe verbrennen die Holzst\u00fccke langsamer als Holzsp\u00e4ne und sorgen so f\u00fcr gleichm\u00e4\u00dfigen und langanhaltenden Rauch. Ideal zum langsamen Garen bei niedriger Temperatur, aber auch f\u00fcr k\u00fcrzere Grillsessions geeignet, wenn Sie Ihrem Gericht das gewisse Extra an Aroma verleihen m\u00f6chten. <\/p>\n<p data-start=\"827\" data-end=\"877\"><strong data-start=\"827\" data-end=\"877\">Warum sollten Sie sich f\u00fcr Tools4Grill Hickory-Holzst\u00fccke entscheiden?<\/strong><\/p>\n<ul data-start=\"878\" data-end=\"1154\">\n<li data-start=\"878\" data-end=\"939\">\n<p data-start=\"880\" data-end=\"939\">Intensiver, nussig-rauchiger Geschmack von echtem Hickoryholz<\/p>\n<\/li>\n<li data-start=\"940\" data-end=\"992\">\n<p data-start=\"942\" data-end=\"992\">Gr\u00f6\u00dfere St\u00fccke f\u00fcr eine l\u00e4ngere Rauchentwicklung<\/p>\n<\/li>\n<li data-start=\"993\" data-end=\"1046\">\n<p data-start=\"995\" data-end=\"1046\">100 % nat\u00fcrlich und unbehandelt \u2013 keine Chemikalien<\/p>\n<\/li>\n<li data-start=\"1047\" data-end=\"1115\">\n<p data-start=\"1049\" data-end=\"1115\">Geeignet f\u00fcr alle Grillarten: Kamado, Smoker, Gasgrill oder Holzkohlegrill.<\/p>\n<\/li>\n<li data-start=\"1116\" data-end=\"1154\">\n<p data-start=\"1118\" data-end=\"1154\">Ideal f\u00fcr Fleisch, Fisch und Gem\u00fcse<\/p>\n<\/li>\n<\/ul>\n<p data-start=\"1156\" data-end=\"1396\">Aufbewahrungstipp:<br data-start=\"1170\" data-end=\"1173\">Bewahren Sie die Hickory-Holzst\u00fccke an einem trockenen Ort auf, zum Beispiel in einem verschlossenen Beh\u00e4lter oder der Originalverpackung. Vermeiden Sie Feuchtigkeit, damit das Holz sein Aroma und seine Qualit\u00e4t beh\u00e4lt \u2013 perfekt f\u00fcr Ihr n\u00e4chstes Grillfest. <\/p>\n<p data-start=\"1156\" data-end=\"1396\">Verpackt in einem wiederverschlie\u00dfbaren Beutel mit 1250 Gramm<\/p>\n","protected":false},"excerpt":{"rendered":"<p>Tools4Grill Hickory Smoke Chunks \u2013 Kr\u00e4ftiger Rauchgeschmack f\u00fcr echte BBQ-Enthusiasten Sie suchen nach dem klassischen, kr\u00e4ftigen BBQ-Aroma? Die Tools4Grill Hickory-R\u00e4ucherst\u00fccke (500 g) sind Ihre Geheimwaffe. Diese gr\u00f6beren Holzst\u00fccke sorgen f\u00fcr ein tiefes, intensives Raucharoma, das perfekt zu herzhaften Gerichten wie Pulled Pork, Spareribs oder Brisket passt. Hergestellt aus 100 % nat\u00fcrlichem Hickoryholz, ohne jegliche Zusatzstoffe [&hellip;]<\/p>\n","protected":false},"featured_media":224549,"comment_status":"open","ping_status":"closed","template":"","meta":{"_et_pb_use_builder":"","_et_pb_old_content":"","_et_gb_content_width":""},"product_brand":[],"product_cat":[146],"product_tag":[],"class_list":{"0":"post-226589","1":"product","2":"type-product","3":"status-publish","4":"has-post-thumbnail","6":"product_cat-rauchholz","8":"first","9":"instock","10":"taxable","11":"shipping-taxable","12":"purchasable","13":"product-type-simple"},"_links":{"self":[{"href":"https:\/\/www.tools4grill.nl\/de\/wp-json\/wp\/v2\/product\/226589","targetHints":{"allow":["GET"]}}],"collection":[{"href":"https:\/\/www.tools4grill.nl\/de\/wp-json\/wp\/v2\/product"}],"about":[{"href":"https:\/\/www.tools4grill.nl\/de\/wp-json\/wp\/v2\/types\/product"}],"replies":[{"embeddable":true,"href":"https:\/\/www.tools4grill.nl\/de\/wp-json\/wp\/v2\/comments?post=226589"}],"wp:featuredmedia":[{"embeddable":true,"href":"https:\/\/www.tools4grill.nl\/de\/wp-json\/wp\/v2\/media\/224549"}],"wp:attachment":[{"href":"https:\/\/www.tools4grill.nl\/de\/wp-json\/wp\/v2\/media?parent=226589"}],"wp:term":[{"taxonomy":"product_brand","embeddable":true,"href":"https:\/\/www.tools4grill.nl\/de\/wp-json\/wp\/v2\/product_brand?post=226589"},{"taxonomy":"product_cat","embeddable":true,"href":"https:\/\/www.tools4grill.nl\/de\/wp-json\/wp\/v2\/product_cat?post=226589"},{"taxonomy":"product_tag","embeddable":true,"href":"https:\/\/www.tools4grill.nl\/de\/wp-json\/wp\/v2\/product_tag?post=226589"}],"curies":[{"name":"wp","href":"https:\/\/api.w.org\/{rel}","templated":true}]}}