{"id":226584,"date":"2025-06-07T14:26:49","date_gmt":"2025-06-07T12:26:49","guid":{"rendered":"https:\/\/www.tools4grill.nl\/product\/whiskey-raeucherstuecke-1250-gramm\/"},"modified":"2025-06-07T14:26:49","modified_gmt":"2025-06-07T12:26:49","slug":"whiskey-raeucherstuecke-1250-gramm","status":"publish","type":"product","link":"https:\/\/www.tools4grill.nl\/de\/produkt\/whiskey-raeucherstuecke-1250-gramm\/","title":{"rendered":"Whiskey-R\u00e4ucherst\u00fccke 1250 Gramm"},"content":{"rendered":"<p data-start=\"148\" data-end=\"221\"><strong data-start=\"148\" data-end=\"221\">Tools4Grill Whisky-Holzst\u00fccke \u2013 Authentisches R\u00e4ucherholz aus echten Whiskyf\u00e4ssern<\/strong><\/p>\n<p data-start=\"223\" data-end=\"476\">Verleihen Sie Ihrem Grillgut mit den Whisky-Holzst\u00fccken von Tools4Grill ein tiefes, charaktervolles Raucharoma. Diese R\u00e4ucherh\u00f6lzer stammen aus originalen Eichenf\u00e4ssern, in denen schottischer oder irischer Whisky jahrelang reifte. Das verleiht ihnen ihr einzigartiges Aroma und ihren unverwechselbaren Geschmack.  <\/p>\n<p data-start=\"478\" data-end=\"768\">Beim Grillen entfalten diese Whiskyst\u00fccke ein warmes, volles Raucharoma mit subtilen Noten von Whisky und Eiche \u2013 perfekt, um Ihrem Fleisch eine reichhaltige und komplexe Geschmacksnote zu verleihen. Ob Rind, Schwein, Wild oder Gefl\u00fcgel, eine Handvoll Whiskyst\u00fccke hebt Ihr BBQ auf ein neues Niveau. <\/p>\n<p data-start=\"770\" data-end=\"819\"><strong data-start=\"770\" data-end=\"819\">Warum sollte man sich f\u00fcr Tools4Grill Whisky-St\u00fccke entscheiden?<\/strong><\/p>\n<ul data-start=\"820\" data-end=\"1066\">\n<li data-start=\"820\" data-end=\"865\">\n<p data-start=\"822\" data-end=\"865\">Hergestellt aus authentischen Eichenwhiskyf\u00e4ssern<\/p>\n<\/li>\n<li data-start=\"866\" data-end=\"905\">\n<p data-start=\"868\" data-end=\"905\">Reich an nat\u00fcrlichen Whiskyaromen<\/p>\n<\/li>\n<li data-start=\"906\" data-end=\"946\">\n<p data-start=\"908\" data-end=\"946\">Langsame und stetige Rauchabgabe<\/p>\n<\/li>\n<li data-start=\"947\" data-end=\"1005\">\n<p data-start=\"949\" data-end=\"1005\">Ideal f\u00fcr Rind-, Schweine-, Wild- und Gefl\u00fcgelfleisch<\/p>\n<\/li>\n<li data-start=\"1006\" data-end=\"1066\">\n<p data-start=\"1008\" data-end=\"1066\">Geeignet f\u00fcr Kamado-, Smoker-, Holzkohle- und Gasgrills<\/p>\n<\/li>\n<\/ul>\n<p data-start=\"1068\" data-end=\"1234\">F\u00fcr ein kr\u00e4ftiges Raucharoma die trockenen H\u00f6lzer hinzuf\u00fcgen oder f\u00fcr eine mildere Rauchentwicklung kurz vorher einweichen. So oder so: Mit Tools4Grill r\u00e4uchern Sie stilvoll und geschmackvoll. <\/p>\n<p data-start=\"1068\" data-end=\"1234\">Verpackt in einem wiederverschlie\u00dfbaren Beutel mit 1250 Gramm<\/p>\n","protected":false},"excerpt":{"rendered":"<p>Tools4Grill Whisky-Holzst\u00fccke \u2013 Authentisches R\u00e4ucherholz aus echten Whiskyf\u00e4ssern Verleihen Sie Ihrem Grillgut mit den Whisky-Holzst\u00fccken von Tools4Grill ein tiefes, charaktervolles Raucharoma. Diese R\u00e4ucherh\u00f6lzer stammen aus originalen Eichenf\u00e4ssern, in denen schottischer oder irischer Whisky jahrelang reifte. Das verleiht ihnen ihr einzigartiges Aroma und ihren unverwechselbaren Geschmack. Beim Grillen entfalten diese Whiskyst\u00fccke ein warmes, volles Raucharoma mit [&hellip;]<\/p>\n","protected":false},"featured_media":224543,"comment_status":"open","ping_status":"closed","template":"","meta":{"_et_pb_use_builder":"","_et_pb_old_content":"","_et_gb_content_width":""},"product_brand":[],"product_cat":[146],"product_tag":[],"class_list":{"0":"post-226584","1":"product","2":"type-product","3":"status-publish","4":"has-post-thumbnail","6":"product_cat-rauchholz","8":"first","9":"instock","10":"taxable","11":"shipping-taxable","12":"purchasable","13":"product-type-simple"},"_links":{"self":[{"href":"https:\/\/www.tools4grill.nl\/de\/wp-json\/wp\/v2\/product\/226584","targetHints":{"allow":["GET"]}}],"collection":[{"href":"https:\/\/www.tools4grill.nl\/de\/wp-json\/wp\/v2\/product"}],"about":[{"href":"https:\/\/www.tools4grill.nl\/de\/wp-json\/wp\/v2\/types\/product"}],"replies":[{"embeddable":true,"href":"https:\/\/www.tools4grill.nl\/de\/wp-json\/wp\/v2\/comments?post=226584"}],"wp:featuredmedia":[{"embeddable":true,"href":"https:\/\/www.tools4grill.nl\/de\/wp-json\/wp\/v2\/media\/224543"}],"wp:attachment":[{"href":"https:\/\/www.tools4grill.nl\/de\/wp-json\/wp\/v2\/media?parent=226584"}],"wp:term":[{"taxonomy":"product_brand","embeddable":true,"href":"https:\/\/www.tools4grill.nl\/de\/wp-json\/wp\/v2\/product_brand?post=226584"},{"taxonomy":"product_cat","embeddable":true,"href":"https:\/\/www.tools4grill.nl\/de\/wp-json\/wp\/v2\/product_cat?post=226584"},{"taxonomy":"product_tag","embeddable":true,"href":"https:\/\/www.tools4grill.nl\/de\/wp-json\/wp\/v2\/product_tag?post=226584"}],"curies":[{"name":"wp","href":"https:\/\/api.w.org\/{rel}","templated":true}]}}