{"id":226582,"date":"2025-06-07T10:13:00","date_gmt":"2025-06-07T08:13:00","guid":{"rendered":"https:\/\/www.tools4grill.nl\/product\/eichenholz-raeucherstuecke-1250-gramm\/"},"modified":"2025-06-07T10:13:00","modified_gmt":"2025-06-07T08:13:00","slug":"eichenholz-raeucherstuecke-1250-gramm","status":"publish","type":"product","link":"https:\/\/www.tools4grill.nl\/de\/produkt\/eichenholz-raeucherstuecke-1250-gramm\/","title":{"rendered":"Eichenholz-R\u00e4ucherst\u00fccke, 1250 Gramm"},"content":{"rendered":"<p data-start=\"283\" data-end=\"349\"><strong data-start=\"283\" data-end=\"349\">Tools4Grill Eiken Rookchunks \u2013 Voor een diepe, volle BBQ-smaak<\/strong><\/p>\n<p data-start=\"351\" data-end=\"747\">Verleihen Sie Ihrem Grillvergn\u00fcgen mit den Eichenholz-R\u00e4ucherst\u00fccken von Tools4Grill das gewisse Extra. Diese Holzst\u00fccke sorgen f\u00fcr ein volles, kr\u00e4ftiges Raucharoma, das perfekt zu Rind, Schwein, Gefl\u00fcgel und sogar Fisch passt. Eichenholz eignet sich ideal f\u00fcr rotes Fleisch und garantiert ein wunderbar ausgewogenes Raucharoma. Dank der langsamen Verbrennung sind diese Holzst\u00fccke ideal f\u00fcr schonendes Garen bei niedriger Temperatur.   <\/p>\n<p data-start=\"749\" data-end=\"765\"><strong data-start=\"749\" data-end=\"765\">Anwendungstipps<\/strong><\/p>\n<p data-start=\"767\" data-end=\"1050\">Unsere Eichenholzst\u00fccke eignen sich perfekt zum R\u00e4uchern \u00fcber l\u00e4ngere Zeit. Verteilen Sie einige St\u00fccke zwischen der Holzkohle oder den Briketts in Ihrem Kamado oder einem anderen Grill mit Deckel. F\u00fcr ein intensiveres Raucharoma k\u00f6nnen Sie mehr St\u00fccke hinzuf\u00fcgen. Geeignet f\u00fcr Smoker und Holzkohlegrills mit Deckel.   <\/p>\n<p data-start=\"1052\" data-end=\"1093\"><strong data-start=\"1052\" data-end=\"1093\">Hochwertiges R\u00e4ucherholz von Tools4Grill<\/strong><\/p>\n<p data-start=\"1095\" data-end=\"1512\">Tools4Grill R\u00e4ucherholz wird nach hohen Lebensmittelsicherheitsstandards hergestellt und speziell zum R\u00e4uchern von Lebensmitteln ausgew\u00e4hlt. Dank kontrollierter Ofentrocknung liegt der Feuchtigkeitsgehalt unter 10 %, was eine zuverl\u00e4ssige und langanhaltende Rauchentwicklung gew\u00e4hrleistet. Unsere Eichenholzst\u00fccke werden in einem praktischen, wiederverschlie\u00dfbaren Beutel geliefert \u2013 ideal zur Aufbewahrung bis zum n\u00e4chsten Grillabend.  <\/p>\n<p data-start=\"1514\" data-end=\"1562\"><strong data-start=\"1514\" data-end=\"1562\">Warum sollte man sich f\u00fcr Eichenholzst\u00fccke von Tools4Grill entscheiden?<\/strong><\/p>\n<ul data-start=\"1563\" data-end=\"1767\">\n<li data-start=\"1563\" data-end=\"1595\">\n<p data-start=\"1565\" data-end=\"1595\">Kr\u00e4ftiger, klassischer Rauchgeschmack<\/p>\n<\/li>\n<li data-start=\"1596\" data-end=\"1634\">\n<p data-start=\"1598\" data-end=\"1634\">Ideal f\u00fcr Rind-, Schweine-, H\u00fchner- und Fischfleisch.<\/p>\n<\/li>\n<li data-start=\"1635\" data-end=\"1659\">\n<p data-start=\"1637\" data-end=\"1659\">Anhaltende Rauchemission<\/p>\n<\/li>\n<li data-start=\"1660\" data-end=\"1709\">\n<p data-start=\"1662\" data-end=\"1709\">Niedrige Luftfeuchtigkeit (&lt;10 %) f\u00fcr optimale Ergebnisse<\/p>\n<\/li>\n<li data-start=\"1710\" data-end=\"1767\">\n<p data-start=\"1712\" data-end=\"1767\">Geeignet f\u00fcr Kamado, Smoker, Holzkohlegrill oder R\u00e4ucherofen<\/p>\n<\/li>\n<\/ul>\n<p data-start=\"1769\" data-end=\"1867\">Bringen Sie Ihr BBQ-Erlebnis mit Tools4Grill Smoke Chunks auf die n\u00e4chste Stufe \u2013 pur, kraftvoll und geschmackvoll.<\/p>\n","protected":false},"excerpt":{"rendered":"<p>Tools4Grill Eiken Rookchunks \u2013 Voor een diepe, volle BBQ-smaak Verleihen Sie Ihrem Grillvergn\u00fcgen mit den Eichenholz-R\u00e4ucherst\u00fccken von Tools4Grill das gewisse Extra. Diese Holzst\u00fccke sorgen f\u00fcr ein volles, kr\u00e4ftiges Raucharoma, das perfekt zu Rind, Schwein, Gefl\u00fcgel und sogar Fisch passt. Eichenholz eignet sich ideal f\u00fcr rotes Fleisch und garantiert ein wunderbar ausgewogenes Raucharoma. Dank der langsamen [&hellip;]<\/p>\n","protected":false},"featured_media":224541,"comment_status":"open","ping_status":"closed","template":"","meta":{"_et_pb_use_builder":"","_et_pb_old_content":"","_et_gb_content_width":""},"product_brand":[],"product_cat":[112,146],"product_tag":[],"class_list":{"0":"post-226582","1":"product","2":"type-product","3":"status-publish","4":"has-post-thumbnail","6":"product_cat-andere","7":"product_cat-rauchholz","9":"first","10":"instock","11":"taxable","12":"shipping-taxable","13":"purchasable","14":"product-type-simple"},"_links":{"self":[{"href":"https:\/\/www.tools4grill.nl\/de\/wp-json\/wp\/v2\/product\/226582","targetHints":{"allow":["GET"]}}],"collection":[{"href":"https:\/\/www.tools4grill.nl\/de\/wp-json\/wp\/v2\/product"}],"about":[{"href":"https:\/\/www.tools4grill.nl\/de\/wp-json\/wp\/v2\/types\/product"}],"replies":[{"embeddable":true,"href":"https:\/\/www.tools4grill.nl\/de\/wp-json\/wp\/v2\/comments?post=226582"}],"wp:featuredmedia":[{"embeddable":true,"href":"https:\/\/www.tools4grill.nl\/de\/wp-json\/wp\/v2\/media\/224541"}],"wp:attachment":[{"href":"https:\/\/www.tools4grill.nl\/de\/wp-json\/wp\/v2\/media?parent=226582"}],"wp:term":[{"taxonomy":"product_brand","embeddable":true,"href":"https:\/\/www.tools4grill.nl\/de\/wp-json\/wp\/v2\/product_brand?post=226582"},{"taxonomy":"product_cat","embeddable":true,"href":"https:\/\/www.tools4grill.nl\/de\/wp-json\/wp\/v2\/product_cat?post=226582"},{"taxonomy":"product_tag","embeddable":true,"href":"https:\/\/www.tools4grill.nl\/de\/wp-json\/wp\/v2\/product_tag?post=226582"}],"curies":[{"name":"wp","href":"https:\/\/api.w.org\/{rel}","templated":true}]}}