{"id":226575,"date":"2024-04-28T16:07:30","date_gmt":"2024-04-28T14:07:30","guid":{"rendered":"https:\/\/www.tools4grill.nl\/product\/tools4grill-dutch-oven-gusseisenpfanne-31-cm\/"},"modified":"2024-04-28T16:07:30","modified_gmt":"2024-04-28T14:07:30","slug":"tools4grill-dutch-oven-gusseisenpfanne-31-cm","status":"publish","type":"product","link":"https:\/\/www.tools4grill.nl\/de\/produkt\/tools4grill-dutch-oven-gusseisenpfanne-31-cm\/","title":{"rendered":"Tools4grill Dutch Oven Gusseisenpfanne 31 cm"},"content":{"rendered":"<p><strong>Tools4Grill Dutch Oven: Die ideale gusseiserne Pfanne f\u00fcr Grill und Lagerfeuer<\/strong><\/p>\n<p>Der Tools4Grill Dutch Oven ist ein robuster Gusseisentopf, der sich durch Vielseitigkeit und Langlebigkeit auszeichnet. Ob Eintopf, Schmorgericht oder herzhafter Auflauf \u2013 dieser Topf ist perfekt f\u00fcr den Grill oder das Lagerfeuer geeignet. <\/p>\n<p>Diese gusseiserne Pfanne eignet sich sowohl f\u00fcr den direkten Kontakt mit der Glut als auch f\u00fcr die Verwendung auf dem Grill. Dank ihrer robusten Konstruktion und hervorragenden W\u00e4rmeverteilung ist sie die ideale Wahl f\u00fcr Familien und gr\u00f6\u00dfere Gruppen, die im Freien leckere, selbstgemachte Mahlzeiten genie\u00dfen m\u00f6chten. <\/p>\n<p><strong>Wartung und Pflege des Schmortopfs<\/strong><\/p>\n<p>Damit Ihr Schmortopf in optimalem Zustand bleibt, ist regelm\u00e4\u00dfiges Einbrennen wichtig. Befolgen Sie diese einfachen Schritte, um sicherzustellen, dass Ihr Topf immer in Topform ist: <\/p>\n<ol>\n<li>Reinigung: Reinigen Sie den Schmortopf gr\u00fcndlich mit Wasser und Sp\u00fclmittel, um alle R\u00fcckst\u00e4nde und Verschmutzungen zu entfernen.<\/li>\n<li>Erhitzen: Stellen Sie die Pfanne in den Backofen oder auf den Grill und erhitzen Sie sie mindestens drei\u00dfig Minuten lang auf 160-200 Grad Celsius, um die restliche Feuchtigkeit verdampfen zu lassen.<\/li>\n<li><strong>Droogmaken:<\/strong> Reinig de pan en deksel met een doek of keukenpapier om de pan droog te maken.<\/li>\n<li>Fette: Tragen Sie eine d\u00fcnne Schicht Crisco, gekl\u00e4rte Butter oder Reis\u00f6l auf die gusseiserne Pfanne und den Deckel auf. Entfernen Sie \u00fcbersch\u00fcssiges Fett mit einem Tuch oder K\u00fcchenpapier. <\/li>\n<li>Backen: Stellen Sie den Dutch Oven zur\u00fcck in den Ofen oder auf den Grill und erhitzen Sie ihn eine Stunde lang, damit das \u00d6l in den Topf einziehen und eine Schutzschicht bilden kann.<\/li>\n<li>Abk\u00fchlen lassen und wiederholen: Die Pfanne abk\u00fchlen lassen und \u00fcbersch\u00fcssiges Fett erneut abwischen. Eine zweite d\u00fcnne Fettschicht auftragen und erneut eine Stunde erhitzen. <\/li>\n<\/ol>\n<p>Nach dieser Prozedur ist Ihr Schmortopf bestens f\u00fcr eine lange Lebensdauer und optimalen Kochgenuss ger\u00fcstet.<\/p>\n<p><strong>Spezifikationen<\/strong><\/p>\n<ul>\n<li>H\u00f6he (ohne Deckel): 10 cm<\/li>\n<li>H\u00f6he (einschlie\u00dflich Deckel): 13 cm<\/li>\n<li>Breite (einschlie\u00dflich Griffe): 30 cm<\/li>\n<li>Pfannendurchmesser (ohne Griffe): 24 cm<\/li>\n<li>Basisdurchmesser: 22 cm<\/li>\n<li>Gewicht: 5 kg<\/li>\n<\/ul>\n<p>Mit dem Tools4Grill Dutch Oven holen Sie sich einen vielseitigen und zuverl\u00e4ssigen Topf nach Hause, der jedes Grillerlebnis auf die n\u00e4chste Stufe hebt.<\/p>\n<p>&nbsp;<\/p>\n<p>&nbsp;<\/p>\n","protected":false},"excerpt":{"rendered":"<p>Tools4Grill Dutch Oven: Die ideale gusseiserne Pfanne f\u00fcr Grill und Lagerfeuer Der Tools4Grill Dutch Oven ist ein robuster Gusseisentopf, der sich durch Vielseitigkeit und Langlebigkeit auszeichnet. Ob Eintopf, Schmorgericht oder herzhafter Auflauf \u2013 dieser Topf ist perfekt f\u00fcr den Grill oder das Lagerfeuer geeignet. Diese gusseiserne Pfanne eignet sich sowohl f\u00fcr den direkten Kontakt mit [&hellip;]<\/p>\n","protected":false},"featured_media":223842,"comment_status":"open","ping_status":"closed","template":"","meta":{"_et_pb_use_builder":"","_et_pb_old_content":"","_et_gb_content_width":""},"product_brand":[],"product_cat":[164],"product_tag":[],"class_list":{"0":"post-226575","1":"product","2":"type-product","3":"status-publish","4":"has-post-thumbnail","6":"product_cat-gusseisen","8":"first","9":"instock","10":"taxable","11":"shipping-taxable","12":"purchasable","13":"product-type-simple"},"_links":{"self":[{"href":"https:\/\/www.tools4grill.nl\/de\/wp-json\/wp\/v2\/product\/226575","targetHints":{"allow":["GET"]}}],"collection":[{"href":"https:\/\/www.tools4grill.nl\/de\/wp-json\/wp\/v2\/product"}],"about":[{"href":"https:\/\/www.tools4grill.nl\/de\/wp-json\/wp\/v2\/types\/product"}],"replies":[{"embeddable":true,"href":"https:\/\/www.tools4grill.nl\/de\/wp-json\/wp\/v2\/comments?post=226575"}],"wp:featuredmedia":[{"embeddable":true,"href":"https:\/\/www.tools4grill.nl\/de\/wp-json\/wp\/v2\/media\/223842"}],"wp:attachment":[{"href":"https:\/\/www.tools4grill.nl\/de\/wp-json\/wp\/v2\/media?parent=226575"}],"wp:term":[{"taxonomy":"product_brand","embeddable":true,"href":"https:\/\/www.tools4grill.nl\/de\/wp-json\/wp\/v2\/product_brand?post=226575"},{"taxonomy":"product_cat","embeddable":true,"href":"https:\/\/www.tools4grill.nl\/de\/wp-json\/wp\/v2\/product_cat?post=226575"},{"taxonomy":"product_tag","embeddable":true,"href":"https:\/\/www.tools4grill.nl\/de\/wp-json\/wp\/v2\/product_tag?post=226575"}],"curies":[{"name":"wp","href":"https:\/\/api.w.org\/{rel}","templated":true}]}}