{"id":226565,"date":"2024-02-29T14:51:39","date_gmt":"2024-02-29T13:51:39","guid":{"rendered":"https:\/\/www.tools4grill.nl\/product\/feuerring-36-cm\/"},"modified":"2024-02-29T14:51:39","modified_gmt":"2024-02-29T13:51:39","slug":"feuerring-36-cm","status":"publish","type":"product","link":"https:\/\/www.tools4grill.nl\/de\/produkt\/feuerring-36-cm\/","title":{"rendered":"Feuerring 36 cm"},"content":{"rendered":"<p>Der Feuerring ist der obere Teil im Inneren Ihres Kamados, in den Sie den Grillrost einsetzen.<br \/>Unsere Keramik-Feuerringe sind in verschiedenen Gr\u00f6\u00dfen erh\u00e4ltlich.<br \/>Die genauen Ma\u00dfe entnehmen Sie bitte dem Foto.<\/p>\n<p>&nbsp;<\/p>\n","protected":false},"excerpt":{"rendered":"<p>Der Feuerring ist der obere Teil im Inneren Ihres Kamados, in den Sie den Grillrost einsetzen.Unsere Keramik-Feuerringe sind in verschiedenen Gr\u00f6\u00dfen erh\u00e4ltlich.Die genauen Ma\u00dfe entnehmen Sie bitte dem Foto. &nbsp;<\/p>\n","protected":false},"featured_media":223828,"comment_status":"open","ping_status":"closed","template":"","meta":{"_et_pb_use_builder":"","_et_pb_old_content":"","_et_gb_content_width":""},"product_brand":[],"product_cat":[194,328],"product_tag":[],"class_list":{"0":"post-226565","1":"product","2":"type-product","3":"status-publish","4":"has-post-thumbnail","6":"product_cat-18-zoll","7":"product_cat-feuerringe-und-feuerschalen","9":"first","10":"instock","11":"taxable","12":"shipping-taxable","13":"purchasable","14":"product-type-simple"},"_links":{"self":[{"href":"https:\/\/www.tools4grill.nl\/de\/wp-json\/wp\/v2\/product\/226565","targetHints":{"allow":["GET"]}}],"collection":[{"href":"https:\/\/www.tools4grill.nl\/de\/wp-json\/wp\/v2\/product"}],"about":[{"href":"https:\/\/www.tools4grill.nl\/de\/wp-json\/wp\/v2\/types\/product"}],"replies":[{"embeddable":true,"href":"https:\/\/www.tools4grill.nl\/de\/wp-json\/wp\/v2\/comments?post=226565"}],"wp:featuredmedia":[{"embeddable":true,"href":"https:\/\/www.tools4grill.nl\/de\/wp-json\/wp\/v2\/media\/223828"}],"wp:attachment":[{"href":"https:\/\/www.tools4grill.nl\/de\/wp-json\/wp\/v2\/media?parent=226565"}],"wp:term":[{"taxonomy":"product_brand","embeddable":true,"href":"https:\/\/www.tools4grill.nl\/de\/wp-json\/wp\/v2\/product_brand?post=226565"},{"taxonomy":"product_cat","embeddable":true,"href":"https:\/\/www.tools4grill.nl\/de\/wp-json\/wp\/v2\/product_cat?post=226565"},{"taxonomy":"product_tag","embeddable":true,"href":"https:\/\/www.tools4grill.nl\/de\/wp-json\/wp\/v2\/product_tag?post=226565"}],"curies":[{"name":"wp","href":"https:\/\/api.w.org\/{rel}","templated":true}]}}