{"id":226548,"date":"2023-11-12T10:47:07","date_gmt":"2023-11-12T09:47:07","guid":{"rendered":"https:\/\/www.tools4grill.nl\/product\/gusseisernes-grill-und-backblechset-23-zoll-51-cm\/"},"modified":"2023-11-12T10:47:07","modified_gmt":"2023-11-12T09:47:07","slug":"gusseisernes-grill-und-backblechset-23-zoll-51-cm","status":"publish","type":"product","link":"https:\/\/www.tools4grill.nl\/de\/produkt\/gusseisernes-grill-und-backblechset-23-zoll-51-cm\/","title":{"rendered":"Gusseisernes Grill- und Backblechset \u2013 23 Zoll (51 cm)"},"content":{"rendered":"<p><strong>Tools4Grill Halbrunde Grillplatte und Grillrost aus Gusseisen: Vielseitig einsetzbar f\u00fcr perfektes Grillen und Backen<\/strong><\/p>\n<p>Dieses Tools4Grill-Kombi-Set, bestehend aus einer halbrunden Grillplatte und einem halbrunden Grillrost aus Gusseisen, bietet maximale Vielseitigkeit f\u00fcr Ihren Kamado-Grill. Mit diesem Set k\u00f6nnen Sie perfekt grillen und backen und Ihr Grillerlebnis auf ein neues Niveau heben. Ideal f\u00fcr alle, die gerne saftige Steaks mit Grillstreifen zubereiten und gleichzeitig Beilagen wie Gem\u00fcse, Eier oder sogar Pfannkuchen genie\u00dfen.  <\/p>\n<p>Vorteile von Gusseisen<br \/>Sowohl die Grillplatte als auch der Rost sind aus hochwertigem Gusseisen gefertigt und garantieren so eine hervorragende W\u00e4rmeverteilung und -speicherung. Der Rost sorgt f\u00fcr die bekannten tiefen Grillstreifen, w\u00e4hrend die Grillplatte ideal f\u00fcr Gerichte geeignet ist, die von einer gleichm\u00e4\u00dfigen, glatten Oberfl\u00e4che profitieren. Das Gusseisen speichert die W\u00e4rme lange und gew\u00e4hrleistet so ein gleichm\u00e4\u00dfiges Garen.  <\/p>\n<p>Halbkreisf\u00f6rmige Flexibilit\u00e4t<br \/>Dank des halbkreisf\u00f6rmigen Designs von Backplatte (46,5 x 23 cm) und Grillrost (46,5 x 23 cm) l\u00e4sst sich dieses Set problemlos mit anderem Grillzubeh\u00f6r kombinieren. So k\u00f6nnen Sie verschiedene Zubereitungsmethoden gleichzeitig auf einem Grill anwenden. Verwenden Sie beispielsweise die Backplatte zum Backen empfindlicher Zutaten, w\u00e4hrend Sie auf dem Grillrost perfekt angebratenes Fleisch zubereiten.  <\/p>\n<p><strong>Veilig en Gebruiksvriendelijk<\/strong> Beide delen zijn gemakkelijk op te pakken met de Tools4Grill gietijzeren gripper (apart verkrijgbaar), zodat je ze veilig kunt hanteren, zelfs bij hoge temperaturen.<\/p>\n<p><strong>Wichtigste Anmerkungen:<\/strong><\/p>\n<ul>\n<li>Combinatie van een halfronde gietijzeren bakplaat en rooster<\/li>\n<li>Hochwertige Gusseisenkonstruktion f\u00fcr hervorragende W\u00e4rmeleitung und -speicherung<\/li>\n<li>Geeignet f\u00fcr Kamado-Grills<\/li>\n<li>Halbkreisf\u00f6rmige Flexibilit\u00e4t f\u00fcr vielseitige Einsatzm\u00f6glichkeiten<\/li>\n<li>Sicher in der Handhabung dank des Tools4Grill-Gusseisengreifers<\/li>\n<\/ul>\n<p>Met deze veelzijdige Tools4Grill set haal je alles uit jouw BBQ-sessies. Van perfecte grillstrepen tot het bakken van veelzijdige gerechten \u2013 deze set biedt alles wat je nodig hebt voor een complete barbecue-ervaring. <\/p>\n<p>Unser Zubeh\u00f6r ist universell kompatibel mit allen g\u00e4ngigen Marken wie Big Green Egg, The Basterd, Grill Guru, The Real Egg, Kamado Joe, Auplex usw.<\/p>\n","protected":false},"excerpt":{"rendered":"<p>Tools4Grill Halbrunde Grillplatte und Grillrost aus Gusseisen: Vielseitig einsetzbar f\u00fcr perfektes Grillen und Backen Dieses Tools4Grill-Kombi-Set, bestehend aus einer halbrunden Grillplatte und einem halbrunden Grillrost aus Gusseisen, bietet maximale Vielseitigkeit f\u00fcr Ihren Kamado-Grill. Mit diesem Set k\u00f6nnen Sie perfekt grillen und backen und Ihr Grillerlebnis auf ein neues Niveau heben. Ideal f\u00fcr alle, die gerne [&hellip;]<\/p>\n","protected":false},"featured_media":687,"comment_status":"open","ping_status":"closed","template":"","meta":{"_et_pb_use_builder":"","_et_pb_old_content":"","_et_gb_content_width":""},"product_brand":[],"product_cat":[190,164],"product_tag":[],"class_list":{"0":"post-226548","1":"product","2":"type-product","3":"status-publish","4":"has-post-thumbnail","6":"product_cat-23-zoll","7":"product_cat-gusseisen","9":"first","10":"instock","11":"taxable","12":"shipping-taxable","13":"purchasable","14":"product-type-simple"},"_links":{"self":[{"href":"https:\/\/www.tools4grill.nl\/de\/wp-json\/wp\/v2\/product\/226548","targetHints":{"allow":["GET"]}}],"collection":[{"href":"https:\/\/www.tools4grill.nl\/de\/wp-json\/wp\/v2\/product"}],"about":[{"href":"https:\/\/www.tools4grill.nl\/de\/wp-json\/wp\/v2\/types\/product"}],"replies":[{"embeddable":true,"href":"https:\/\/www.tools4grill.nl\/de\/wp-json\/wp\/v2\/comments?post=226548"}],"wp:featuredmedia":[{"embeddable":true,"href":"https:\/\/www.tools4grill.nl\/de\/wp-json\/wp\/v2\/media\/687"}],"wp:attachment":[{"href":"https:\/\/www.tools4grill.nl\/de\/wp-json\/wp\/v2\/media?parent=226548"}],"wp:term":[{"taxonomy":"product_brand","embeddable":true,"href":"https:\/\/www.tools4grill.nl\/de\/wp-json\/wp\/v2\/product_brand?post=226548"},{"taxonomy":"product_cat","embeddable":true,"href":"https:\/\/www.tools4grill.nl\/de\/wp-json\/wp\/v2\/product_cat?post=226548"},{"taxonomy":"product_tag","embeddable":true,"href":"https:\/\/www.tools4grill.nl\/de\/wp-json\/wp\/v2\/product_tag?post=226548"}],"curies":[{"name":"wp","href":"https:\/\/api.w.org\/{rel}","templated":true}]}}