{"id":226544,"date":"2023-10-14T15:39:43","date_gmt":"2023-10-14T13:39:43","guid":{"rendered":"https:\/\/www.tools4grill.nl\/product\/grillwender\/"},"modified":"2023-10-14T15:39:43","modified_gmt":"2023-10-14T13:39:43","slug":"grillwender","status":"publish","type":"product","link":"https:\/\/www.tools4grill.nl\/de\/produkt\/grillwender\/","title":{"rendered":"Grillwender"},"content":{"rendered":"<p>Entdecken Sie unseren hochwertigen 34 cm langen Grillwender mit einer robusten, 17 x 11 cm gro\u00dfen Klinge aus Edelstahl. Die stabile Edelstahlklinge eignet sich ideal zum Wenden von Grillgut. Der Wender verf\u00fcgt \u00fcber einen stabilen, 3 x 2 cm gro\u00dfen und 12 cm langen Holzgriff, der angenehm in der Hand liegt und hitzebest\u00e4ndig ist. Perfekt f\u00fcr alle Grillfans und alle, die gerne drau\u00dfen kochen.   <\/p>\n<p>&nbsp;<\/p>\n","protected":false},"excerpt":{"rendered":"<p>Entdecken Sie unseren hochwertigen 34 cm langen Grillwender mit einer robusten, 17 x 11 cm gro\u00dfen Klinge aus Edelstahl. Die stabile Edelstahlklinge eignet sich ideal zum Wenden von Grillgut. Der Wender verf\u00fcgt \u00fcber einen stabilen, 3 x 2 cm gro\u00dfen und 12 cm langen Holzgriff, der angenehm in der Hand liegt und hitzebest\u00e4ndig ist. Perfekt [&hellip;]<\/p>\n","protected":false},"featured_media":223644,"comment_status":"open","ping_status":"closed","template":"","meta":{"_et_pb_use_builder":"","_et_pb_old_content":"","_et_gb_content_width":""},"product_brand":[],"product_cat":[192,191,194,193,128,190,184,112,140],"product_tag":[],"class_list":{"0":"post-226544","1":"product","2":"type-product","3":"status-publish","4":"has-post-thumbnail","6":"product_cat-15-16-zoll","7":"product_cat-15-zoll","8":"product_cat-18-zoll","9":"product_cat-20-zoll","10":"product_cat-21-zoll","11":"product_cat-23-zoll","12":"product_cat-accessoires-nach-grose","13":"product_cat-andere","14":"product_cat-kuchenzubehor","16":"first","17":"instock","18":"taxable","19":"shipping-taxable","20":"purchasable","21":"product-type-simple"},"_links":{"self":[{"href":"https:\/\/www.tools4grill.nl\/de\/wp-json\/wp\/v2\/product\/226544","targetHints":{"allow":["GET"]}}],"collection":[{"href":"https:\/\/www.tools4grill.nl\/de\/wp-json\/wp\/v2\/product"}],"about":[{"href":"https:\/\/www.tools4grill.nl\/de\/wp-json\/wp\/v2\/types\/product"}],"replies":[{"embeddable":true,"href":"https:\/\/www.tools4grill.nl\/de\/wp-json\/wp\/v2\/comments?post=226544"}],"wp:featuredmedia":[{"embeddable":true,"href":"https:\/\/www.tools4grill.nl\/de\/wp-json\/wp\/v2\/media\/223644"}],"wp:attachment":[{"href":"https:\/\/www.tools4grill.nl\/de\/wp-json\/wp\/v2\/media?parent=226544"}],"wp:term":[{"taxonomy":"product_brand","embeddable":true,"href":"https:\/\/www.tools4grill.nl\/de\/wp-json\/wp\/v2\/product_brand?post=226544"},{"taxonomy":"product_cat","embeddable":true,"href":"https:\/\/www.tools4grill.nl\/de\/wp-json\/wp\/v2\/product_cat?post=226544"},{"taxonomy":"product_tag","embeddable":true,"href":"https:\/\/www.tools4grill.nl\/de\/wp-json\/wp\/v2\/product_tag?post=226544"}],"curies":[{"name":"wp","href":"https:\/\/api.w.org\/{rel}","templated":true}]}}